{"id":84,"date":"2018-11-14T10:36:29","date_gmt":"2018-11-14T10:36:29","guid":{"rendered":"http:\/\/grupodcc3000.com\/miniwebs\/?page_id=84"},"modified":"2019-04-04T12:33:56","modified_gmt":"2019-04-04T10:33:56","slug":"la-empresa","status":"publish","type":"page","link":"https:\/\/www.grupodcc3000.com\/asociado\/agentes\/la-empresa\/","title":{"rendered":"La empresa"},"content":{"rendered":"<p>[et_pb_section fb_built=\u00bb1&#8243; fullwidth=\u00bbon\u00bb _builder_version=\u00bb3.0.47&#8243;][et_pb_fullwidth_slider admin_label=\u00bbFoto seccion empresa\u00bb module_id=\u00bbslider_cortado\u00bb module_class=\u00bbslider_cortado\u00bb _builder_version=\u00bb3.18.5&#8243;][et_pb_slide _builder_version=\u00bb3.18.5&#8243; background_image=\u00bbhttps:\/\/www.grupodcc3000.com\/asociado\/agentes\/wp-content\/uploads\/sites\/20\/2019\/03\/WhatsApp-Image-2018-11-09-at-11.54.19.jpeg\u00bb][\/et_pb_slide][\/et_pb_fullwidth_slider][\/et_pb_section][et_pb_section fb_built=\u00bb1&#8243; _builder_version=\u00bb3.17.6&#8243; background_color=\u00bb#272727&#8243; custom_padding=\u00bb0px|||\u00bb animation_style=\u00bbslide\u00bb global_module=\u00bb388&#8243;][et_pb_row _builder_version=\u00bb3.18.5&#8243;][et_pb_column type=\u00bb4_4&#8243; _builder_version=\u00bb3.18.5&#8243; parallax=\u00bboff\u00bb parallax_method=\u00bbon\u00bb][et_pb_text _builder_version=\u00bb3.18.5&#8243; text_font=\u00bb||||||||\u00bb text_text_color=\u00bb#ffffff\u00bb text_font_size=\u00bb45px\u00bb header_font=\u00bb||||||||\u00bb header_text_align=\u00bbcenter\u00bb header_text_color=\u00bb#ffffff\u00bb header_font_size=\u00bb45px\u00bb]<\/p>\n<h1><strong>NOSOTROS <br \/><\/strong><\/h1>\n<p>[\/et_pb_text][\/et_pb_column][\/et_pb_row][et_pb_row _builder_version=\u00bb3.18.5&#8243;][et_pb_column type=\u00bb1_3&#8243; _builder_version=\u00bb3.18.5&#8243; parallax=\u00bboff\u00bb parallax_method=\u00bbon\u00bb][et_pb_video src=\u00bbhttps:\/\/youtu.be\/4PU7TFWkka4&#8243; admin_label=\u00bbDOSSIER CORPORATIVO\u00bb _builder_version=\u00bb3.18.5&#8243;][\/et_pb_video][\/et_pb_column][et_pb_column type=\u00bb1_3&#8243; _builder_version=\u00bb3.18.5&#8243; parallax=\u00bboff\u00bb parallax_method=\u00bbon\u00bb][et_pb_video src=\u00bbhttps:\/\/youtu.be\/JvRz4s8ERlo\u00bb admin_label=\u00bbCOMO TE AYUDAMOS\u00bb _builder_version=\u00bb3.18.5&#8243;][\/et_pb_video][\/et_pb_column][et_pb_column type=\u00bb1_3&#8243; _builder_version=\u00bb3.18.5&#8243; parallax=\u00bboff\u00bb parallax_method=\u00bbon\u00bb][et_pb_video src=\u00bbhttps:\/\/youtu.be\/DcYEE-a370s\u00bb _builder_version=\u00bb3.18.5&#8243;][\/et_pb_video][\/et_pb_column][\/et_pb_row][et_pb_row _builder_version=\u00bb3.18.5&#8243;][et_pb_column type=\u00bb1_2&#8243; _builder_version=\u00bb3.18.5&#8243; parallax=\u00bboff\u00bb parallax_method=\u00bbon\u00bb][et_pb_text _builder_version=\u00bb3.18.5&#8243;]<\/p>\n<p><span style=\"color: #ffffff;\">Grupo DCC 3000 es una Central de Compras de Materiales de Construcci\u00f3n con Distribuci\u00f3n y Representaci\u00f3n de productos y\/o f\u00e1bricas concretas. <\/span><\/p>\n<p><span style=\"color: #ffffff;\">QUE OFRECEMOS A NUESTROS ASOCIADOS:<\/span><br \/><span style=\"color: #ffffff;\"> A\u00f1os de experiencia en el sector de la cer\u00e1mica, materiales de construcci\u00f3n, Ba\u00f1o y Afines al sector; saber hacer y apoyo al orientar y desarrollar su negocio; ACUERDOS ventajosos con fabricantes l\u00edderes del sector; apoyo log\u00edstico; apoyo en Marketing y publicidad y un amplio espectro de servicios adicionales que te permitir\u00e1n crecer en un mercado altamente competitivo y actualmente en continua renovaci\u00f3n. Consulta nuestras opciones de Asociaci\u00f3n que te permitir\u00e1n incluso la obtenci\u00f3n de retornos importantes de tipo economico.<\/span><\/p>\n<p><span style=\"color: #ffffff;\">QUE OFRECEMOS A NUESTROS FABRICANTES HOMOLOGADOS:<\/span><br \/><span style=\"color: #ffffff;\"> Opciones de Representaci\u00f3n, distribuci\u00f3n de productos concretos \u00f3 posibilidad de cerrar acuerdos de Central de compras a trav\u00e9s de los que podr\u00e1 acceder a todos los asociados bajo un entorno din\u00e1mico de venta. Gracias a nuestra red Comercial y v\u00edas de comunicaci\u00f3n con los asociados podr\u00e1 optimizar sus costos en la comercializaci\u00f3n con apalancamientos en venta gracias al apoyo que podremos brindarle con nuestra propia estructura donde podremos cubrir practicamente todas sus necesidades.<\/span><\/p>\n<p><span style=\"color: #ffffff;\">QUE PODEMOS OFRECER A OTRAS EMPRESAS DEL SECTOR:<\/span><br \/><span style=\"color: #ffffff;\"> Dentro de los acuerdos con fabricantes hemos cubierto todo el espectro de SERVICIOS que pueda necesitar una empresa sin IMPORTAR SU TAMA\u00d1O \u00f3 SECTOR.<\/span><br \/><span style=\"color: #ffffff;\"> Pida informaci\u00f3n sobre nuestro paquete de servicios en info@grupodcc3000.com<\/span><\/p>\n<p>[\/et_pb_text][\/et_pb_column][et_pb_column type=\u00bb1_2&#8243; _builder_version=\u00bb3.18.5&#8243; parallax=\u00bboff\u00bb parallax_method=\u00bbon\u00bb][et_pb_image src=\u00bbhttps:\/\/www.grupodcc3000.com\/asociado\/agentes\/wp-content\/uploads\/sites\/20\/2019\/03\/WhatsApp-Image-2018-11-09-at-11.54.19-1.jpeg\u00bb _builder_version=\u00bb3.18.5&#8243;][\/et_pb_image][\/et_pb_column][\/et_pb_row][\/et_pb_section]<\/p>\n","protected":false},"excerpt":{"rendered":"<p>NOSOTROS Grupo DCC 3000 es una Central de Compras de Materiales de Construcci\u00f3n con Distribuci\u00f3n y Representaci\u00f3n de productos y\/o f\u00e1bricas concretas. QUE OFRECEMOS A NUESTROS ASOCIADOS: A\u00f1os de experiencia en el sector de la cer\u00e1mica, materiales de construcci\u00f3n, Ba\u00f1o y Afines al sector; saber hacer y apoyo al orientar y desarrollar su negocio; ACUERDOS [&hellip;]<\/p>\n","protected":false},"author":4,"featured_media":0,"parent":0,"menu_order":0,"comment_status":"closed","ping_status":"closed","template":"","meta":{"_et_pb_use_builder":"on","_et_pb_old_content":"","_et_gb_content_width":"","footnotes":""},"class_list":["post-84","page","type-page","status-publish","hentry"],"yoast_head":"<!-- This site is optimized with the Yoast SEO plugin v27.1.1 - https:\/\/yoast.com\/product\/yoast-seo-wordpress\/ -->\n<title>La empresa - Grupo DCC3000<\/title>\n<meta name=\"robots\" content=\"index, follow, max-snippet:-1, max-image-preview:large, max-video-preview:-1\" \/>\n<link rel=\"canonical\" href=\"https:\/\/www.grupodcc3000.com\/asociado\/agentes\/la-empresa\/\" \/>\n<meta property=\"og:locale\" content=\"es_ES\" \/>\n<meta property=\"og:type\" content=\"article\" \/>\n<meta property=\"og:title\" content=\"La empresa - Grupo DCC3000\" \/>\n<meta property=\"og:description\" content=\"NOSOTROS Grupo DCC 3000 es una Central de Compras de Materiales de Construcci\u00f3n con Distribuci\u00f3n y Representaci\u00f3n de productos y\/o f\u00e1bricas concretas. QUE OFRECEMOS A NUESTROS ASOCIADOS: A\u00f1os de experiencia en el sector de la cer\u00e1mica, materiales de construcci\u00f3n, Ba\u00f1o y Afines al sector; saber hacer y apoyo al orientar y desarrollar su negocio; ACUERDOS [&hellip;]\" \/>\n<meta property=\"og:url\" content=\"https:\/\/www.grupodcc3000.com\/asociado\/agentes\/la-empresa\/\" \/>\n<meta property=\"og:site_name\" content=\"Grupo DCC3000\" \/>\n<meta property=\"article:modified_time\" content=\"2019-04-04T10:33:56+00:00\" \/>\n<meta name=\"twitter:card\" content=\"summary_large_image\" \/>\n<meta name=\"twitter:label1\" content=\"Tiempo de lectura\" \/>\n\t<meta name=\"twitter:data1\" content=\"3 minutos\" \/>\n<script type=\"application\/ld+json\" class=\"yoast-schema-graph\">{\"@context\":\"https:\/\/schema.org\",\"@graph\":[{\"@type\":\"WebPage\",\"@id\":\"https:\/\/www.grupodcc3000.com\/asociado\/agentes\/la-empresa\/\",\"url\":\"https:\/\/www.grupodcc3000.com\/asociado\/agentes\/la-empresa\/\",\"name\":\"La empresa - Grupo DCC3000\",\"isPartOf\":{\"@id\":\"https:\/\/www.grupodcc3000.com\/asociado\/agentes\/#website\"},\"datePublished\":\"2018-11-14T10:36:29+00:00\",\"dateModified\":\"2019-04-04T10:33:56+00:00\",\"breadcrumb\":{\"@id\":\"https:\/\/www.grupodcc3000.com\/asociado\/agentes\/la-empresa\/#breadcrumb\"},\"inLanguage\":\"es\",\"potentialAction\":[{\"@type\":\"ReadAction\",\"target\":[\"https:\/\/www.grupodcc3000.com\/asociado\/agentes\/la-empresa\/\"]}]},{\"@type\":\"BreadcrumbList\",\"@id\":\"https:\/\/www.grupodcc3000.com\/asociado\/agentes\/la-empresa\/#breadcrumb\",\"itemListElement\":[{\"@type\":\"ListItem\",\"position\":1,\"name\":\"Portada\",\"item\":\"https:\/\/www.grupodcc3000.com\/asociado\/agentes\/\"},{\"@type\":\"ListItem\",\"position\":2,\"name\":\"La empresa\"}]},{\"@type\":\"WebSite\",\"@id\":\"https:\/\/www.grupodcc3000.com\/asociado\/agentes\/#website\",\"url\":\"https:\/\/www.grupodcc3000.com\/asociado\/agentes\/\",\"name\":\"Grupo DCC3000\",\"description\":\"Otro sitio m\u00e1s de Asociados GrupoDCC3000\",\"potentialAction\":[{\"@type\":\"SearchAction\",\"target\":{\"@type\":\"EntryPoint\",\"urlTemplate\":\"https:\/\/www.grupodcc3000.com\/asociado\/agentes\/?s={search_term_string}\"},\"query-input\":{\"@type\":\"PropertyValueSpecification\",\"valueRequired\":true,\"valueName\":\"search_term_string\"}}],\"inLanguage\":\"es\"}]}<\/script>\n<!-- \/ Yoast SEO plugin. -->","yoast_head_json":{"title":"La empresa - Grupo DCC3000","robots":{"index":"index","follow":"follow","max-snippet":"max-snippet:-1","max-image-preview":"max-image-preview:large","max-video-preview":"max-video-preview:-1"},"canonical":"https:\/\/www.grupodcc3000.com\/asociado\/agentes\/la-empresa\/","og_locale":"es_ES","og_type":"article","og_title":"La empresa - Grupo DCC3000","og_description":"NOSOTROS Grupo DCC 3000 es una Central de Compras de Materiales de Construcci\u00f3n con Distribuci\u00f3n y Representaci\u00f3n de productos y\/o f\u00e1bricas concretas. QUE OFRECEMOS A NUESTROS ASOCIADOS: A\u00f1os de experiencia en el sector de la cer\u00e1mica, materiales de construcci\u00f3n, Ba\u00f1o y Afines al sector; saber hacer y apoyo al orientar y desarrollar su negocio; ACUERDOS [&hellip;]","og_url":"https:\/\/www.grupodcc3000.com\/asociado\/agentes\/la-empresa\/","og_site_name":"Grupo DCC3000","article_modified_time":"2019-04-04T10:33:56+00:00","twitter_card":"summary_large_image","twitter_misc":{"Tiempo de lectura":"3 minutos"},"schema":{"@context":"https:\/\/schema.org","@graph":[{"@type":"WebPage","@id":"https:\/\/www.grupodcc3000.com\/asociado\/agentes\/la-empresa\/","url":"https:\/\/www.grupodcc3000.com\/asociado\/agentes\/la-empresa\/","name":"La empresa - Grupo DCC3000","isPartOf":{"@id":"https:\/\/www.grupodcc3000.com\/asociado\/agentes\/#website"},"datePublished":"2018-11-14T10:36:29+00:00","dateModified":"2019-04-04T10:33:56+00:00","breadcrumb":{"@id":"https:\/\/www.grupodcc3000.com\/asociado\/agentes\/la-empresa\/#breadcrumb"},"inLanguage":"es","potentialAction":[{"@type":"ReadAction","target":["https:\/\/www.grupodcc3000.com\/asociado\/agentes\/la-empresa\/"]}]},{"@type":"BreadcrumbList","@id":"https:\/\/www.grupodcc3000.com\/asociado\/agentes\/la-empresa\/#breadcrumb","itemListElement":[{"@type":"ListItem","position":1,"name":"Portada","item":"https:\/\/www.grupodcc3000.com\/asociado\/agentes\/"},{"@type":"ListItem","position":2,"name":"La empresa"}]},{"@type":"WebSite","@id":"https:\/\/www.grupodcc3000.com\/asociado\/agentes\/#website","url":"https:\/\/www.grupodcc3000.com\/asociado\/agentes\/","name":"Grupo DCC3000","description":"Otro sitio m\u00e1s de Asociados GrupoDCC3000","potentialAction":[{"@type":"SearchAction","target":{"@type":"EntryPoint","urlTemplate":"https:\/\/www.grupodcc3000.com\/asociado\/agentes\/?s={search_term_string}"},"query-input":{"@type":"PropertyValueSpecification","valueRequired":true,"valueName":"search_term_string"}}],"inLanguage":"es"}]}},"_links":{"self":[{"href":"https:\/\/www.grupodcc3000.com\/asociado\/agentes\/wp-json\/wp\/v2\/pages\/84","targetHints":{"allow":["GET"]}}],"collection":[{"href":"https:\/\/www.grupodcc3000.com\/asociado\/agentes\/wp-json\/wp\/v2\/pages"}],"about":[{"href":"https:\/\/www.grupodcc3000.com\/asociado\/agentes\/wp-json\/wp\/v2\/types\/page"}],"author":[{"embeddable":true,"href":"https:\/\/www.grupodcc3000.com\/asociado\/agentes\/wp-json\/wp\/v2\/users\/4"}],"replies":[{"embeddable":true,"href":"https:\/\/www.grupodcc3000.com\/asociado\/agentes\/wp-json\/wp\/v2\/comments?post=84"}],"version-history":[{"count":3,"href":"https:\/\/www.grupodcc3000.com\/asociado\/agentes\/wp-json\/wp\/v2\/pages\/84\/revisions"}],"predecessor-version":[{"id":869,"href":"https:\/\/www.grupodcc3000.com\/asociado\/agentes\/wp-json\/wp\/v2\/pages\/84\/revisions\/869"}],"wp:attachment":[{"href":"https:\/\/www.grupodcc3000.com\/asociado\/agentes\/wp-json\/wp\/v2\/media?parent=84"}],"curies":[{"name":"wp","href":"https:\/\/api.w.org\/{rel}","templated":true}]}}