{"id":84,"date":"2018-11-14T10:36:29","date_gmt":"2018-11-14T10:36:29","guid":{"rendered":"http:\/\/grupodcc3000.com\/miniwebs\/?page_id=84"},"modified":"2021-02-26T08:27:01","modified_gmt":"2021-02-26T08:27:01","slug":"la-empresa","status":"publish","type":"page","link":"https:\/\/www.grupodcc3000.com\/asociado\/aguileraehijos\/la-empresa\/","title":{"rendered":"La empresa"},"content":{"rendered":"<p>[et_pb_section fb_built=\u00bb1&#8243; fullwidth=\u00bbon\u00bb _builder_version=\u00bb3.22&#8243;][et_pb_fullwidth_slider admin_label=\u00bbFoto seccion empresa\u00bb module_id=\u00bbslider_cortado\u00bb module_class=\u00bbslider_cortado\u00bb _builder_version=\u00bb4.7.7&#8243; min_height=\u00bb248.2px\u00bb custom_padding=\u00bb||244px|||\u00bb][et_pb_slide _builder_version=\u00bb4.7.7&#8243; background_image=\u00bbhttps:\/\/www.grupodcc3000.com\/asociado\/aguileraehijos\/wp-content\/uploads\/sites\/150\/2021\/02\/17098048_1866045520307979_1133431106808637018_o.jpg\u00bb background_enable_image=\u00bbon\u00bb background_position=\u00bbbottom_center\u00bb sticky_transition=\u00bbon\u00bb][\/et_pb_slide][\/et_pb_fullwidth_slider][\/et_pb_section][et_pb_section fb_built=\u00bb1&#8243; _builder_version=\u00bb3.17.6&#8243; background_color=\u00bb#272727&#8243; custom_padding=\u00bb0px|||\u00bb animation_style=\u00bbslide\u00bb global_module=\u00bb388&#8243;][et_pb_row _builder_version=\u00bb3.25&#8243;][et_pb_column type=\u00bb4_4&#8243; _builder_version=\u00bb3.25&#8243; custom_padding=\u00bb|||\u00bb custom_padding__hover=\u00bb|||\u00bb][et_pb_text _builder_version=\u00bb3.27.4&#8243; text_font=\u00bb||||||||\u00bb text_text_color=\u00bb#ffffff\u00bb text_font_size=\u00bb45px\u00bb header_font=\u00bb||||||||\u00bb header_text_align=\u00bbcenter\u00bb header_text_color=\u00bb#ffffff\u00bb header_font_size=\u00bb45px\u00bb]<\/p>\n<h1><strong>EMPRESA<\/strong><\/h1>\n<p>[\/et_pb_text][\/et_pb_column][\/et_pb_row][et_pb_row column_structure=\u00bb2_5,3_5&#8243; _builder_version=\u00bb3.25&#8243; custom_padding=\u00bb||21px|||\u00bb][et_pb_column type=\u00bb2_5&#8243; _builder_version=\u00bb3.25&#8243; custom_padding=\u00bb|||\u00bb custom_padding__hover=\u00bb|||\u00bb][et_pb_text _builder_version=\u00bb4.7.7&#8243; custom_padding=\u00bb|0px|0px|||\u00bb]<\/p>\n<p><strong style=\"color: #ffffff; font-size: 14px;\"><\/strong><\/p>\n<p><strong style=\"color: #ffffff; font-size: 14px;\"><\/strong><\/p>\n<p><strong style=\"color: #ffffff; font-size: 14px;\">En Jose Aguilera e Hijos somos una empresa familiar, gestionada actualmente por los hijos del fundador Jose Aguilera.<\/strong><\/p>\n<p><span style=\"color: #ffffff;\"><strong>La empresa se dedica principalmente a la venta de materiales de construcci\u00f3n, asi como realiza trabajos con MAQUINA EXCAVADORA, GRUA,\u00a0 servicio de CONTENEDORES, RULO.<\/strong><\/span><\/p>\n<p><span style=\"font-size: 14px; color: #ffffff;\"><strong>Tambi\u00e9n disponemos de amplia exposici\u00f3n de azulejos, griferia, sanitarios, etc. Recientemente hemos incorporado en nuestro almac\u00e9n un zona de ferreter\u00eda. Seguimos desarrollando este y otros departamentos para darle a nuestros clientes, las mejores soluciones y con el mejor servicio al mejor precio.<\/strong><\/span><\/p>\n<div class=\"o9v6fnle cxmmr5t8 oygrvhab hcukyx3x c1et5uql\">\n<div dir=\"auto\"><span style=\"color: #ffffff;\"><strong>Adem\u00e1s si nuestro horario no se ajusta al suyo, p\u00f3ngase en contacto con nosotros y concertamos una cita conforme a su disponibilidad<\/strong><\/span>.<\/div>\n<\/div>\n<p>[\/et_pb_text][\/et_pb_column][et_pb_column type=\u00bb3_5&#8243; _builder_version=\u00bb3.25&#8243; custom_padding=\u00bb|||\u00bb custom_padding__hover=\u00bb|||\u00bb][et_pb_image src=\u00bbhttps:\/\/www.grupodcc3000.com\/asociado\/aguileraehijos\/wp-content\/uploads\/sites\/150\/2021\/02\/banner-aguilera-e-hijos-materiales-construccion.png\u00bb alt=\u00bbbanner aguilera e hijos materiales construccion\u00bb title_text=\u00bbbanner aguilera e hijos materiales construccion\u00bb _builder_version=\u00bb4.7.7&#8243; _module_preset=\u00bbdefault\u00bb custom_padding=\u00bb|||130px||\u00bb][\/et_pb_image][\/et_pb_column][\/et_pb_row][et_pb_row column_structure=\u00bb1_2,1_2&#8243; _builder_version=\u00bb4.7.7&#8243; _module_preset=\u00bbdefault\u00bb][et_pb_column type=\u00bb1_2&#8243; _builder_version=\u00bb4.7.7&#8243; _module_preset=\u00bbdefault\u00bb][et_pb_image src=\u00bbhttps:\/\/www.grupodcc3000.com\/asociado\/aguileraehijos\/wp-content\/uploads\/sites\/150\/2021\/02\/WhatsApp-Image-2021-02-16-at-09.43.29-1.jpeg\u00bb title_text=\u00bbWhatsApp Image 2021-02-16 at 09.43.29 (1)\u00bb _builder_version=\u00bb4.7.7&#8243; _module_preset=\u00bbdefault\u00bb custom_padding=\u00bb|||110px||\u00bb][\/et_pb_image][\/et_pb_column][et_pb_column type=\u00bb1_2&#8243; _builder_version=\u00bb4.7.7&#8243; _module_preset=\u00bbdefault\u00bb][et_pb_image src=\u00bbhttps:\/\/www.grupodcc3000.com\/asociado\/aguileraehijos\/wp-content\/uploads\/sites\/150\/2021\/02\/WhatsApp-Image-2021-02-16-at-09.43.29.jpeg\u00bb title_text=\u00bbWhatsApp Image 2021-02-16 at 09.43.29&#8243; _builder_version=\u00bb4.7.7&#8243; _module_preset=\u00bbdefault\u00bb custom_padding=\u00bb|113px||||\u00bb][\/et_pb_image][\/et_pb_column][\/et_pb_row][et_pb_row column_structure=\u00bb1_2,1_2&#8243; _builder_version=\u00bb4.7.7&#8243; _module_preset=\u00bbdefault\u00bb custom_padding=\u00bb16px|158px||160px||\u00bb][et_pb_column type=\u00bb1_2&#8243; _builder_version=\u00bb4.7.7&#8243; _module_preset=\u00bbdefault\u00bb][et_pb_image src=\u00bbhttps:\/\/www.grupodcc3000.com\/asociado\/aguileraehijos\/wp-content\/uploads\/sites\/150\/2021\/02\/WhatsApp-Image-2021-02-16-at-09.43.29-2.jpeg\u00bb title_text=\u00bbWhatsApp Image 2021-02-16 at 09.43.29 (2)\u00bb _builder_version=\u00bb4.7.7&#8243; _module_preset=\u00bbdefault\u00bb][\/et_pb_image][\/et_pb_column][et_pb_column type=\u00bb1_2&#8243; _builder_version=\u00bb4.7.7&#8243; _module_preset=\u00bbdefault\u00bb][et_pb_image src=\u00bbhttps:\/\/www.grupodcc3000.com\/asociado\/aguileraehijos\/wp-content\/uploads\/sites\/150\/2021\/02\/Ferreteria.jpg\u00bb title_text=\u00bbFerreter\u00eda\u00bb _builder_version=\u00bb4.7.7&#8243; _module_preset=\u00bbdefault\u00bb custom_padding=\u00bb|121px||0px||\u00bb][\/et_pb_image][\/et_pb_column][\/et_pb_row][\/et_pb_section]<\/p>\n","protected":false},"excerpt":{"rendered":"<p>EMPRESA En Jose Aguilera e Hijos somos una empresa familiar, gestionada actualmente por los hijos del fundador Jose Aguilera. La empresa se dedica principalmente a la venta de materiales de construcci\u00f3n, asi como realiza trabajos con MAQUINA EXCAVADORA, GRUA,\u00a0 servicio de CONTENEDORES, RULO. Tambi\u00e9n disponemos de amplia exposici\u00f3n de azulejos, griferia, sanitarios, etc. Recientemente hemos [&hellip;]<\/p>\n","protected":false},"author":4,"featured_media":0,"parent":0,"menu_order":0,"comment_status":"closed","ping_status":"closed","template":"","meta":{"_et_pb_use_builder":"on","_et_pb_old_content":"","_et_gb_content_width":"","footnotes":""},"class_list":["post-84","page","type-page","status-publish","hentry"],"_links":{"self":[{"href":"https:\/\/www.grupodcc3000.com\/asociado\/aguileraehijos\/wp-json\/wp\/v2\/pages\/84","targetHints":{"allow":["GET"]}}],"collection":[{"href":"https:\/\/www.grupodcc3000.com\/asociado\/aguileraehijos\/wp-json\/wp\/v2\/pages"}],"about":[{"href":"https:\/\/www.grupodcc3000.com\/asociado\/aguileraehijos\/wp-json\/wp\/v2\/types\/page"}],"author":[{"embeddable":true,"href":"https:\/\/www.grupodcc3000.com\/asociado\/aguileraehijos\/wp-json\/wp\/v2\/users\/4"}],"replies":[{"embeddable":true,"href":"https:\/\/www.grupodcc3000.com\/asociado\/aguileraehijos\/wp-json\/wp\/v2\/comments?post=84"}],"version-history":[{"count":6,"href":"https:\/\/www.grupodcc3000.com\/asociado\/aguileraehijos\/wp-json\/wp\/v2\/pages\/84\/revisions"}],"predecessor-version":[{"id":2899,"href":"https:\/\/www.grupodcc3000.com\/asociado\/aguileraehijos\/wp-json\/wp\/v2\/pages\/84\/revisions\/2899"}],"wp:attachment":[{"href":"https:\/\/www.grupodcc3000.com\/asociado\/aguileraehijos\/wp-json\/wp\/v2\/media?parent=84"}],"curies":[{"name":"wp","href":"https:\/\/api.w.org\/{rel}","templated":true}]}}