{"id":84,"date":"2018-11-14T10:36:29","date_gmt":"2018-11-14T10:36:29","guid":{"rendered":"http:\/\/grupodcc3000.com\/miniwebs\/?page_id=84"},"modified":"2021-11-30T17:22:52","modified_gmt":"2021-11-30T17:22:52","slug":"la-empresa","status":"publish","type":"page","link":"https:\/\/www.grupodcc3000.com\/asociado\/almud\/la-empresa\/","title":{"rendered":"La empresa"},"content":{"rendered":"<p>[et_pb_section fb_built=\u00bb1&#8243; fullwidth=\u00bbon\u00bb _builder_version=\u00bb3.22&#8243; global_colors_info=\u00bb{}\u00bb][et_pb_fullwidth_slider admin_label=\u00bbFoto seccion empresa\u00bb module_id=\u00bbslider_cortado\u00bb module_class=\u00bbslider_cortado\u00bb _builder_version=\u00bb3.18.5&#8243; global_colors_info=\u00bb{}\u00bb][et_pb_slide _builder_version=\u00bb3.18.5&#8243; background_image=\u00bbhttp:\/\/grupodcc3000.com\/asociado\/wp-content\/uploads\/2019\/03\/WhatsApp-Image-2018-11-09-at-11.54.19.jpeg\u00bb global_colors_info=\u00bb{}\u00bb sticky_transition=\u00bbon\u00bb][\/et_pb_slide][\/et_pb_fullwidth_slider][\/et_pb_section][et_pb_section fb_built=\u00bb1&#8243; _builder_version=\u00bb3.17.6&#8243; background_color=\u00bb#272727&#8243; custom_padding=\u00bb0px|||\u00bb animation_style=\u00bbslide\u00bb global_module=\u00bb388&#8243; global_colors_info=\u00bb{}\u00bb][et_pb_row _builder_version=\u00bb3.25&#8243; global_colors_info=\u00bb{}\u00bb][et_pb_column type=\u00bb4_4&#8243; _builder_version=\u00bb3.25&#8243; custom_padding=\u00bb|||\u00bb global_colors_info=\u00bb{}\u00bb custom_padding__hover=\u00bb|||\u00bb][et_pb_text _builder_version=\u00bb3.27.4&#8243; text_font=\u00bb||||||||\u00bb text_text_color=\u00bb#ffffff\u00bb text_font_size=\u00bb45px\u00bb header_font=\u00bb||||||||\u00bb header_text_align=\u00bbcenter\u00bb header_text_color=\u00bb#ffffff\u00bb header_font_size=\u00bb45px\u00bb global_colors_info=\u00bb{}\u00bb]<\/p>\n<h1><strong>EMPRESA<\/strong><\/h1>\n<p>[\/et_pb_text][\/et_pb_column][\/et_pb_row][et_pb_row _builder_version=\u00bb3.25&#8243; global_colors_info=\u00bb{}\u00bb column_structure=\u00bb2_5,3_5&#8243;][et_pb_column type=\u00bb2_5&#8243; _builder_version=\u00bb3.25&#8243; custom_padding=\u00bb|||\u00bb global_colors_info=\u00bb{}\u00bb custom_padding__hover=\u00bb|||\u00bb][et_pb_text _builder_version=\u00bb3.27.4&#8243; global_colors_info=\u00bb{}\u00bb]Comercio al por mayor de materiales de construcci\u00f3n, vidrio y art\u00edculos de instalaci\u00f3n[\/et_pb_text][\/et_pb_column][et_pb_column type=\u00bb3_5&#8243; _builder_version=\u00bb3.25&#8243; custom_padding=\u00bb|||\u00bb global_colors_info=\u00bb{}\u00bb custom_padding__hover=\u00bb|||\u00bb][et_pb_image src=\u00bbhttp:\/\/www.grupodcc3000.com\/asociado\/almud\/wp-content\/uploads\/sites\/172\/2021\/11\/IMG_2289-rotated-1.jpg\u00bb _builder_version=\u00bb4.14.1&#8243; _module_preset=\u00bbdefault\u00bb title_text=\u00bbIMG_2289-rotated\u00bb hover_enabled=\u00bb0&#8243; sticky_enabled=\u00bb0&#8243; custom_padding=\u00bb|345px|25px|82px||\u00bb custom_margin=\u00bb||-46px|||\u00bb][\/et_pb_image][\/et_pb_column][\/et_pb_row][et_pb_row _builder_version=\u00bb3.25&#8243; global_colors_info=\u00bb{}\u00bb column_structure=\u00bb2_5,3_5&#8243;][et_pb_column type=\u00bb2_5&#8243; _builder_version=\u00bb3.25&#8243; custom_padding=\u00bb|||\u00bb global_colors_info=\u00bb{}\u00bb custom_padding__hover=\u00bb|||\u00bb][et_pb_image src=\u00bbhttp:\/\/www.grupodcc3000.com\/asociado\/almud\/wp-content\/uploads\/sites\/172\/2021\/11\/yesos-en-cordoba.jpg\u00bb _builder_version=\u00bb4.14.1&#8243; _module_preset=\u00bbdefault\u00bb title_text=\u00bbyesos-en-cordoba\u00bb hover_enabled=\u00bb0&#8243; sticky_enabled=\u00bb0&#8243;][\/et_pb_image][\/et_pb_column][et_pb_column type=\u00bb3_5&#8243; _builder_version=\u00bb3.25&#8243; custom_padding=\u00bb|||\u00bb global_colors_info=\u00bb{}\u00bb custom_padding__hover=\u00bb|||\u00bb][et_pb_image src=\u00bbhttp:\/\/www.grupodcc3000.com\/asociado\/almud\/wp-content\/uploads\/sites\/172\/2021\/11\/venta-cementos-cordoba-1.jpg\u00bb _builder_version=\u00bb4.14.1&#8243; _module_preset=\u00bbdefault\u00bb title_text=\u00bbventa-cementos-cordoba\u00bb hover_enabled=\u00bb0&#8243; sticky_enabled=\u00bb0&#8243;][\/et_pb_image][\/et_pb_column][\/et_pb_row][\/et_pb_section]<\/p>\n","protected":false},"excerpt":{"rendered":"<p>EMPRESAComercio al por mayor de materiales de construcci\u00f3n, vidrio y art\u00edculos de instalaci\u00f3n<\/p>\n","protected":false},"author":4,"featured_media":0,"parent":0,"menu_order":0,"comment_status":"closed","ping_status":"closed","template":"","meta":{"_et_pb_use_builder":"on","_et_pb_old_content":"","_et_gb_content_width":"","footnotes":""},"class_list":["post-84","page","type-page","status-publish","hentry"],"_links":{"self":[{"href":"https:\/\/www.grupodcc3000.com\/asociado\/almud\/wp-json\/wp\/v2\/pages\/84","targetHints":{"allow":["GET"]}}],"collection":[{"href":"https:\/\/www.grupodcc3000.com\/asociado\/almud\/wp-json\/wp\/v2\/pages"}],"about":[{"href":"https:\/\/www.grupodcc3000.com\/asociado\/almud\/wp-json\/wp\/v2\/types\/page"}],"author":[{"embeddable":true,"href":"https:\/\/www.grupodcc3000.com\/asociado\/almud\/wp-json\/wp\/v2\/users\/4"}],"replies":[{"embeddable":true,"href":"https:\/\/www.grupodcc3000.com\/asociado\/almud\/wp-json\/wp\/v2\/comments?post=84"}],"version-history":[{"count":1,"href":"https:\/\/www.grupodcc3000.com\/asociado\/almud\/wp-json\/wp\/v2\/pages\/84\/revisions"}],"predecessor-version":[{"id":2849,"href":"https:\/\/www.grupodcc3000.com\/asociado\/almud\/wp-json\/wp\/v2\/pages\/84\/revisions\/2849"}],"wp:attachment":[{"href":"https:\/\/www.grupodcc3000.com\/asociado\/almud\/wp-json\/wp\/v2\/media?parent=84"}],"curies":[{"name":"wp","href":"https:\/\/api.w.org\/{rel}","templated":true}]}}