{"id":84,"date":"2018-11-14T10:36:29","date_gmt":"2018-11-14T10:36:29","guid":{"rendered":"http:\/\/grupodcc3000.com\/miniwebs\/?page_id=84"},"modified":"2021-07-06T06:25:13","modified_gmt":"2021-07-06T06:25:13","slug":"la-empresa","status":"publish","type":"page","link":"https:\/\/www.grupodcc3000.com\/asociado\/aquabano\/la-empresa\/","title":{"rendered":"La empresa"},"content":{"rendered":"<p>[et_pb_section fb_built=\u00bb1&#8243; fullwidth=\u00bbon\u00bb _builder_version=\u00bb3.22&#8243;][et_pb_fullwidth_slider admin_label=\u00bbFoto seccion empresa\u00bb module_id=\u00bbslider_cortado\u00bb module_class=\u00bbslider_cortado\u00bb _builder_version=\u00bb4.4.4&#8243;][et_pb_slide _builder_version=\u00bb4.4.4&#8243; background_color=\u00bb#ffffff\u00bb background_enable_color=\u00bbon\u00bb background_image=\u00bbhttps:\/\/www.grupodcc3000.com\/asociado\/gutmaconstruccion\/wp-content\/uploads\/sites\/122\/2020\/06\/26240292_968620189952785_3458640843895647913_o.jpg\u00bb background_enable_image=\u00bbon\u00bb background_size=\u00bbinitial\u00bb background_position=\u00bbbottom_center\u00bb sticky_transition=\u00bbon\u00bb][\/et_pb_slide][\/et_pb_fullwidth_slider][\/et_pb_section][et_pb_section fb_built=\u00bb1&#8243; _builder_version=\u00bb3.17.6&#8243; background_color=\u00bb#272727&#8243; custom_padding=\u00bb0px|||\u00bb animation_style=\u00bbslide\u00bb global_module=\u00bb388&#8243;][et_pb_row _builder_version=\u00bb3.25&#8243;][et_pb_column type=\u00bb4_4&#8243; _builder_version=\u00bb3.25&#8243; custom_padding=\u00bb|||\u00bb custom_padding__hover=\u00bb|||\u00bb][et_pb_text _builder_version=\u00bb3.27.4&#8243; text_font=\u00bb||||||||\u00bb text_text_color=\u00bb#ffffff\u00bb text_font_size=\u00bb45px\u00bb header_font=\u00bb||||||||\u00bb header_text_align=\u00bbcenter\u00bb header_text_color=\u00bb#ffffff\u00bb header_font_size=\u00bb45px\u00bb]<\/p>\n<h1><strong>EMPRESA<\/strong><\/h1>\n<p>[\/et_pb_text][\/et_pb_column][\/et_pb_row][et_pb_row column_structure=\u00bb1_2,1_2&#8243; _builder_version=\u00bb4.6.5&#8243; width=\u00bb77%\u00bb max_width=\u00bb1320px\u00bb min_height=\u00bb602px\u00bb custom_padding=\u00bb||0px|||\u00bb][et_pb_column type=\u00bb1_2&#8243; _builder_version=\u00bb3.25&#8243; custom_padding=\u00bb|||\u00bb custom_padding__hover=\u00bb|||\u00bb][et_pb_text _builder_version=\u00bb4.4.4&#8243;]<\/p>\n<p><span style=\"color: #ffffff;\">Somos una empresa familiar fundada hace m\u00e1s de 30 a\u00f1os. Los profesionales que trabajan en ella cuentan con la mejor formaci\u00f3n para asesorar a los clientes. Ingenieros, interioristas, arquitectos, y dise\u00f1adores quedan plenamente satisfechos con la realizaci\u00f3n de nuestro trabajo.<\/span><\/p>\n<p><span style=\"color: #ffffff;\">\u00a0\u00a0\u00a0\u00a0\u00a0 En la venta de materiales trabajamos directamente de la f\u00e1brica al cliente consiguiendo la mejor relaci\u00f3n calidad-precio.<\/span><\/p>\n<p><span style=\"color: #ffffff;\">\u00a0\u00a0\u00a0\u00a0\u00a0 Somos especialistas en el montaje de mamparas de ba\u00f1o,\u00a0<\/span><span style=\"color: #ffffff;\"> mamparas de ba\u00f1o angulares, mamparas de ba\u00f1o cuadradas, mamparas de ba\u00f1o rectangulares, mamparas de ba\u00f1o a medida, mamparas de ba\u00f1oen cromo y cristal, mamparas deba\u00f1o en blanco y acrilico, todo tipo de mamparas de ba\u00f1o. <\/span><\/p>\n<p><span style=\"color: #ffffff;\">\u00a0\u00a0\u00a0\u00a0\u00a0 Tambien disponiemos de todo tipo de materiales de Ba\u00f1o, Ceramica y Materiales de construcci\u00f3n, acercate a nuestras instalaciones y te asesoramos y ayudamos a desarrollar tu proyecto. <br \/><\/span><\/p>\n<p><span style=\"color: #ffffff;\"><\/span><\/p>\n<p>[\/et_pb_text][\/et_pb_column][et_pb_column type=\u00bb1_2&#8243; _builder_version=\u00bb4.6.5&#8243; _module_preset=\u00bbdefault\u00bb][et_pb_video src=\u00bbhttps:\/\/youtu.be\/rF8L1BZrg9s\u00bb _builder_version=\u00bb4.6.5&#8243; _module_preset=\u00bbdefault\u00bb][\/et_pb_video][et_pb_image title_text=\u00bb49736880_1225452767602858_4905469267601784832_o\u00bb _builder_version=\u00bb4.6.5&#8243;][\/et_pb_image][\/et_pb_column][\/et_pb_row][et_pb_row column_structure=\u00bb1_4,1_4,1_4,1_4&#8243; _builder_version=\u00bb4.4.4&#8243;][et_pb_column type=\u00bb1_4&#8243; _builder_version=\u00bb4.4.4&#8243;][et_pb_image src=\u00bbhttps:\/\/www.grupodcc3000.com\/asociado\/gutmaconstruccion\/wp-content\/uploads\/sites\/122\/2020\/06\/20245346_885201298294675_4872497210093772889_n.jpg\u00bb title_text=\u00bb20245346_885201298294675_4872497210093772889_n\u00bb _builder_version=\u00bb4.4.4&#8243;][\/et_pb_image][\/et_pb_column][et_pb_column type=\u00bb1_4&#8243; _builder_version=\u00bb4.4.4&#8243;][et_pb_image src=\u00bbhttps:\/\/www.grupodcc3000.com\/asociado\/gutmaconstruccion\/wp-content\/uploads\/sites\/122\/2020\/06\/28238676_991835957631208_6651630924278700423_o.jpg\u00bb title_text=\u00bb28238676_991835957631208_6651630924278700423_o\u00bb _builder_version=\u00bb4.4.4&#8243;][\/et_pb_image][\/et_pb_column][et_pb_column type=\u00bb1_4&#8243; _builder_version=\u00bb4.4.4&#8243;][et_pb_image src=\u00bbhttps:\/\/www.grupodcc3000.com\/asociado\/gutmaconstruccion\/wp-content\/uploads\/sites\/122\/2020\/06\/20229242_885201214961350_6946485445558030439_n1.jpg\u00bb title_text=\u00bb20229242_885201214961350_6946485445558030439_n1&#8243; _builder_version=\u00bb4.4.4&#8243;][\/et_pb_image][\/et_pb_column][et_pb_column type=\u00bb1_4&#8243; _builder_version=\u00bb4.4.4&#8243;][et_pb_image src=\u00bbhttps:\/\/www.grupodcc3000.com\/asociado\/gutmaconstruccion\/wp-content\/uploads\/sites\/122\/2020\/06\/17240088_807488669399272_7510278663357611401_o.jpg\u00bb title_text=\u00bb17240088_807488669399272_7510278663357611401_o\u00bb _builder_version=\u00bb4.4.4&#8243;][\/et_pb_image][\/et_pb_column][\/et_pb_row][et_pb_row _builder_version=\u00bb4.4.4&#8243;][et_pb_column type=\u00bb4_4&#8243; _builder_version=\u00bb4.4.4&#8243;][et_pb_image src=\u00bbhttps:\/\/www.grupodcc3000.com\/asociado\/gutmaconstruccion\/wp-content\/uploads\/sites\/122\/2020\/06\/12419377_582592641888877_2951770647782121281_o.jpg\u00bb title_text=\u00bb12419377_582592641888877_2951770647782121281_o\u00bb _builder_version=\u00bb4.4.4&#8243;][\/et_pb_image][\/et_pb_column][\/et_pb_row][et_pb_row column_structure=\u00bb1_3,1_3,1_3&#8243; _builder_version=\u00bb4.4.4&#8243;][et_pb_column type=\u00bb1_3&#8243; _builder_version=\u00bb4.4.4&#8243;][et_pb_image src=\u00bbhttps:\/\/www.grupodcc3000.com\/asociado\/gutmaconstruccion\/wp-content\/uploads\/sites\/122\/2020\/06\/20258150_885201361628002_3277408359599671405_n.jpg\u00bb title_text=\u00bb20258150_885201361628002_3277408359599671405_n\u00bb _builder_version=\u00bb4.4.4&#8243;][\/et_pb_image][\/et_pb_column][et_pb_column type=\u00bb1_3&#8243; _builder_version=\u00bb4.4.4&#8243;][et_pb_image src=\u00bbhttps:\/\/www.grupodcc3000.com\/asociado\/gutmaconstruccion\/wp-content\/uploads\/sites\/122\/2020\/06\/17498456_812991888848950_5547401653387346415_n.jpg\u00bb title_text=\u00bb17498456_812991888848950_5547401653387346415_n\u00bb _builder_version=\u00bb4.4.4&#8243;][\/et_pb_image][\/et_pb_column][et_pb_column type=\u00bb1_3&#8243; _builder_version=\u00bb4.4.4&#8243;][et_pb_image src=\u00bbhttps:\/\/www.grupodcc3000.com\/asociado\/gutmaconstruccion\/wp-content\/uploads\/sites\/122\/2020\/06\/1948125_293294047485406_1193426666_n.jpg\u00bb title_text=\u00bb1948125_293294047485406_1193426666_n\u00bb _builder_version=\u00bb4.4.4&#8243;][\/et_pb_image][\/et_pb_column][\/et_pb_row][et_pb_row column_structure=\u00bb1_2,1_2&#8243; _builder_version=\u00bb4.4.4&#8243;][et_pb_column type=\u00bb1_2&#8243; _builder_version=\u00bb4.4.4&#8243;][et_pb_image src=\u00bbhttps:\/\/www.grupodcc3000.com\/asociado\/gutmaconstruccion\/wp-content\/uploads\/sites\/122\/2020\/06\/26240292_968620189952785_3458640843895647913_o.jpg\u00bb title_text=\u00bb26240292_968620189952785_3458640843895647913_o\u00bb _builder_version=\u00bb4.4.4&#8243;][\/et_pb_image][\/et_pb_column][et_pb_column type=\u00bb1_2&#8243; _builder_version=\u00bb4.4.4&#8243;][et_pb_image src=\u00bbhttps:\/\/www.grupodcc3000.com\/asociado\/gutmaconstruccion\/wp-content\/uploads\/sites\/122\/2020\/06\/28238676_991835957631208_6651630924278700423_o.jpg\u00bb title_text=\u00bb28238676_991835957631208_6651630924278700423_o\u00bb _builder_version=\u00bb4.4.4&#8243;][\/et_pb_image][\/et_pb_column][\/et_pb_row][\/et_pb_section]<\/p>\n","protected":false},"excerpt":{"rendered":"<p>EMPRESASomos una empresa familiar fundada hace m\u00e1s de 30 a\u00f1os. Los profesionales que trabajan en ella cuentan con la mejor formaci\u00f3n para asesorar a los clientes. Ingenieros, interioristas, arquitectos, y dise\u00f1adores quedan plenamente satisfechos con la realizaci\u00f3n de nuestro trabajo. \u00a0\u00a0\u00a0\u00a0\u00a0 En la venta de materiales trabajamos directamente de la f\u00e1brica al cliente consiguiendo la [&hellip;]<\/p>\n","protected":false},"author":4,"featured_media":0,"parent":0,"menu_order":0,"comment_status":"closed","ping_status":"closed","template":"","meta":{"_et_pb_use_builder":"on","_et_pb_old_content":"","_et_gb_content_width":"","footnotes":""},"class_list":["post-84","page","type-page","status-publish","hentry"],"_links":{"self":[{"href":"https:\/\/www.grupodcc3000.com\/asociado\/aquabano\/wp-json\/wp\/v2\/pages\/84","targetHints":{"allow":["GET"]}}],"collection":[{"href":"https:\/\/www.grupodcc3000.com\/asociado\/aquabano\/wp-json\/wp\/v2\/pages"}],"about":[{"href":"https:\/\/www.grupodcc3000.com\/asociado\/aquabano\/wp-json\/wp\/v2\/types\/page"}],"author":[{"embeddable":true,"href":"https:\/\/www.grupodcc3000.com\/asociado\/aquabano\/wp-json\/wp\/v2\/users\/4"}],"replies":[{"embeddable":true,"href":"https:\/\/www.grupodcc3000.com\/asociado\/aquabano\/wp-json\/wp\/v2\/comments?post=84"}],"version-history":[{"count":4,"href":"https:\/\/www.grupodcc3000.com\/asociado\/aquabano\/wp-json\/wp\/v2\/pages\/84\/revisions"}],"predecessor-version":[{"id":3264,"href":"https:\/\/www.grupodcc3000.com\/asociado\/aquabano\/wp-json\/wp\/v2\/pages\/84\/revisions\/3264"}],"wp:attachment":[{"href":"https:\/\/www.grupodcc3000.com\/asociado\/aquabano\/wp-json\/wp\/v2\/media?parent=84"}],"curies":[{"name":"wp","href":"https:\/\/api.w.org\/{rel}","templated":true}]}}