{"id":84,"date":"2018-11-14T10:36:29","date_gmt":"2018-11-14T10:36:29","guid":{"rendered":"http:\/\/grupodcc3000.com\/miniwebs\/?page_id=84"},"modified":"2021-04-07T08:25:10","modified_gmt":"2021-04-07T08:25:10","slug":"la-empresa","status":"publish","type":"page","link":"https:\/\/www.grupodcc3000.com\/asociado\/azulejoscatano\/la-empresa\/","title":{"rendered":"La empresa"},"content":{"rendered":"<p>[et_pb_section fb_built=\u00bb1&#8243; fullwidth=\u00bbon\u00bb _builder_version=\u00bb3.22&#8243;][et_pb_fullwidth_slider admin_label=\u00bbFoto seccion empresa\u00bb module_id=\u00bbslider_cortado\u00bb module_class=\u00bbslider_cortado\u00bb _builder_version=\u00bb4.7.7&#8243;][et_pb_slide _builder_version=\u00bb4.7.7&#8243; background_image=\u00bbhttps:\/\/www.grupodcc3000.com\/asociado\/azulejoscatano\/wp-content\/uploads\/sites\/157\/2021\/03\/IMG_2354-scaled.jpg\u00bb background_enable_image=\u00bbon\u00bb background_position=\u00bbtop_center\u00bb sticky_transition=\u00bbon\u00bb][\/et_pb_slide][\/et_pb_fullwidth_slider][\/et_pb_section][et_pb_section fb_built=\u00bb1&#8243; _builder_version=\u00bb3.17.6&#8243; background_color=\u00bb#272727&#8243; custom_padding=\u00bb0px|||\u00bb animation_style=\u00bbslide\u00bb global_module=\u00bb388&#8243;][et_pb_row _builder_version=\u00bb3.25&#8243;][et_pb_column type=\u00bb4_4&#8243; _builder_version=\u00bb3.25&#8243; custom_padding=\u00bb|||\u00bb custom_padding__hover=\u00bb|||\u00bb][et_pb_text _builder_version=\u00bb3.27.4&#8243; text_font=\u00bb||||||||\u00bb text_text_color=\u00bb#ffffff\u00bb text_font_size=\u00bb45px\u00bb header_font=\u00bb||||||||\u00bb header_text_align=\u00bbcenter\u00bb header_text_color=\u00bb#ffffff\u00bb header_font_size=\u00bb45px\u00bb]<\/p>\n<h1><strong>EMPRESA<\/strong><\/h1>\n<p>[\/et_pb_text][\/et_pb_column][\/et_pb_row][et_pb_row column_structure=\u00bb2_5,3_5&#8243; _builder_version=\u00bb3.25&#8243; custom_padding=\u00bb||3px|||\u00bb][et_pb_column type=\u00bb2_5&#8243; _builder_version=\u00bb3.25&#8243; custom_padding=\u00bb|||\u00bb custom_padding__hover=\u00bb|||\u00bb][et_pb_text _builder_version=\u00bb4.7.7&#8243; hover_enabled=\u00bb0&#8243; sticky_enabled=\u00bb0&#8243; custom_padding=\u00bb20px||0px|||\u00bb]<\/p>\n<p><span style=\"color: #999999;\"><strong><\/strong><\/span><\/p>\n<p>\u00a0<strong style=\"color: #999999; font-size: 14px;\">Azulejos Catano es una empresa donde el principal objetivo es ayudar a nuestros clientes en su futura obra o reforma, ofreciendo <span style=\"color: #ffffff;\">productos funcionales e innovadores<\/span>.\u00a0<\/strong><\/p>\n<p>&nbsp;<\/p>\n<p><span style=\"color: #999999;\"><strong>En nuestra empresa nos dedicamos a la venta de materiales de construcci\u00f3n, <span style=\"color: #ffffff;\">azulejos, gres, grifer\u00edas, mamparas, ferreter\u00eda, muebles de ba\u00f1o, fontaner\u00eda y decoraci\u00f3n<\/span>.\u00a0<\/strong><\/span><\/p>\n<p>&nbsp;<\/p>\n<p><span style=\"color: #999999;\"><strong>Trabajamos <span style=\"color: #ffffff;\">d\u00eda a d\u00eda<\/span> con gran esfuerzo y seriedad para llegar a ser una gran empresa. Por lo que, g<\/strong><\/span><span style=\"color: #999999;\"><strong>racias a la gran demanda de nuestros clientes hemos podido <span style=\"color: #ffffff;\">remodelar nuestras instalaciones<\/span> y ofrecer m\u00e1s de 1.000 productos. <\/strong><\/span><\/p>\n<p>&nbsp;<\/p>\n<p><span><\/span><\/p>\n<p>&nbsp;<\/p>\n<p>[\/et_pb_text][\/et_pb_column][et_pb_column type=\u00bb3_5&#8243; _builder_version=\u00bb3.25&#8243; custom_padding=\u00bb|||\u00bb custom_padding__hover=\u00bb|||\u00bb][et_pb_video src=\u00bbhttps:\/\/www.grupodcc3000.com\/asociado\/azulejoscatano\/wp-content\/uploads\/sites\/157\/2021\/03\/video-corporativo-azulejos-catano.mp4&#8243; _builder_version=\u00bb4.7.7&#8243; _module_preset=\u00bbdefault\u00bb custom_padding=\u00bb|||139px||\u00bb][\/et_pb_video][\/et_pb_column][\/et_pb_row][et_pb_row column_structure=\u00bb1_3,1_3,1_3&#8243; _builder_version=\u00bb4.7.7&#8243; _module_preset=\u00bbdefault\u00bb custom_padding=\u00bb|||56px||\u00bb][et_pb_column type=\u00bb1_3&#8243; _builder_version=\u00bb4.7.7&#8243; _module_preset=\u00bbdefault\u00bb][et_pb_image src=\u00bbhttps:\/\/www.grupodcc3000.com\/asociado\/azulejoscatano\/wp-content\/uploads\/sites\/157\/2021\/04\/1-10.jpeg\u00bb title_text=\u00bb1 (10)\u00bb _builder_version=\u00bb4.7.7&#8243; _module_preset=\u00bbdefault\u00bb width=\u00bb100%\u00bb max_width=\u00bb100%\u00bb min_height=\u00bb235px\u00bb height=\u00bb235px\u00bb max_height=\u00bb1000px\u00bb][\/et_pb_image][\/et_pb_column][et_pb_column type=\u00bb1_3&#8243; _builder_version=\u00bb4.7.7&#8243; _module_preset=\u00bbdefault\u00bb][et_pb_image src=\u00bbhttps:\/\/www.grupodcc3000.com\/asociado\/azulejoscatano\/wp-content\/uploads\/sites\/157\/2021\/04\/1-1.jpeg\u00bb title_text=\u00bb1 (1)\u00bb _builder_version=\u00bb4.7.7&#8243; _module_preset=\u00bbdefault\u00bb width=\u00bb100%\u00bb max_width=\u00bb100%\u00bb min_height=\u00bb235px\u00bb height=\u00bb235px\u00bb max_height=\u00bb1000px\u00bb][\/et_pb_image][\/et_pb_column][et_pb_column type=\u00bb1_3&#8243; _builder_version=\u00bb4.7.7&#8243; _module_preset=\u00bbdefault\u00bb][et_pb_image src=\u00bbhttps:\/\/www.grupodcc3000.com\/asociado\/azulejoscatano\/wp-content\/uploads\/sites\/157\/2021\/04\/1-4.jpeg\u00bb title_text=\u00bb1 (4)\u00bb _builder_version=\u00bb4.7.7&#8243; _module_preset=\u00bbdefault\u00bb width=\u00bb100%\u00bb max_width=\u00bb100%\u00bb min_height=\u00bb235px\u00bb height=\u00bb235px\u00bb max_height=\u00bb1000px\u00bb][\/et_pb_image][\/et_pb_column][\/et_pb_row][et_pb_row column_structure=\u00bb1_3,1_3,1_3&#8243; _builder_version=\u00bb4.7.7&#8243; _module_preset=\u00bbdefault\u00bb custom_padding=\u00bb|||27px||\u00bb][et_pb_column type=\u00bb1_3&#8243; _builder_version=\u00bb4.7.7&#8243; _module_preset=\u00bbdefault\u00bb][et_pb_image src=\u00bbhttps:\/\/www.grupodcc3000.com\/asociado\/azulejoscatano\/wp-content\/uploads\/sites\/157\/2021\/04\/59295631_437322900431489_4125811808638337024_n.jpg\u00bb title_text=\u00bb59295631_437322900431489_4125811808638337024_n\u00bb _builder_version=\u00bb4.7.7&#8243; _module_preset=\u00bbdefault\u00bb width=\u00bb100%\u00bb max_width=\u00bb100%\u00bb min_height=\u00bb235px\u00bb height=\u00bb235px\u00bb max_height=\u00bb1000px\u00bb custom_margin=\u00bb||-2px|||\u00bb custom_padding=\u00bb|||73px||\u00bb][\/et_pb_image][\/et_pb_column][et_pb_column type=\u00bb1_3&#8243; _builder_version=\u00bb4.7.7&#8243; _module_preset=\u00bbdefault\u00bb][et_pb_image src=\u00bbhttps:\/\/www.grupodcc3000.com\/asociado\/azulejoscatano\/wp-content\/uploads\/sites\/157\/2021\/04\/9-scaled.jpg\u00bb title_text=\u00bb9&#8243; _builder_version=\u00bb4.7.7&#8243; _module_preset=\u00bbdefault\u00bb width=\u00bb98.6%\u00bb max_width=\u00bb100%\u00bb min_height=\u00bb235px\u00bb height=\u00bb235px\u00bb max_height=\u00bb1000px\u00bb custom_padding=\u00bb|||80px||\u00bb][\/et_pb_image][\/et_pb_column][et_pb_column type=\u00bb1_3&#8243; _builder_version=\u00bb4.7.7&#8243; _module_preset=\u00bbdefault\u00bb][et_pb_image src=\u00bbhttps:\/\/www.grupodcc3000.com\/asociado\/azulejoscatano\/wp-content\/uploads\/sites\/157\/2021\/04\/16-scaled.jpg\u00bb title_text=\u00bb16&#8243; _builder_version=\u00bb4.7.7&#8243; _module_preset=\u00bbdefault\u00bb width=\u00bb100%\u00bb max_width=\u00bb100%\u00bb min_height=\u00bb235px\u00bb height=\u00bb235px\u00bb max_height=\u00bb1000px\u00bb custom_padding=\u00bb|||84px||\u00bb][\/et_pb_image][\/et_pb_column][\/et_pb_row][et_pb_row column_structure=\u00bb1_3,1_3,1_3&#8243; _builder_version=\u00bb4.7.7&#8243; _module_preset=\u00bbdefault\u00bb][et_pb_column type=\u00bb1_3&#8243; _builder_version=\u00bb4.7.7&#8243; _module_preset=\u00bbdefault\u00bb][et_pb_image src=\u00bbhttps:\/\/www.grupodcc3000.com\/asociado\/azulejoscatano\/wp-content\/uploads\/sites\/157\/2021\/04\/IMG_2348-scaled.jpg\u00bb title_text=\u00bbIMG_2348&#8243; _builder_version=\u00bb4.7.7&#8243; _module_preset=\u00bbdefault\u00bb width=\u00bb100%\u00bb max_width=\u00bb100%\u00bb min_height=\u00bb235px\u00bb height=\u00bb235px\u00bb max_height=\u00bb1000px\u00bb][\/et_pb_image][\/et_pb_column][et_pb_column type=\u00bb1_3&#8243; _builder_version=\u00bb4.7.7&#8243; _module_preset=\u00bbdefault\u00bb][et_pb_image src=\u00bbhttps:\/\/www.grupodcc3000.com\/asociado\/azulejoscatano\/wp-content\/uploads\/sites\/157\/2021\/04\/IMG_2352-scaled.jpg\u00bb title_text=\u00bbIMG_2352&#8243; _builder_version=\u00bb4.7.7&#8243; _module_preset=\u00bbdefault\u00bb width=\u00bb100%\u00bb max_width=\u00bb100%\u00bb min_height=\u00bb235px\u00bb height=\u00bb235px\u00bb max_height=\u00bb1000px\u00bb][\/et_pb_image][\/et_pb_column][et_pb_column type=\u00bb1_3&#8243; _builder_version=\u00bb4.7.7&#8243; _module_preset=\u00bbdefault\u00bb][et_pb_image src=\u00bbhttps:\/\/www.grupodcc3000.com\/asociado\/azulejoscatano\/wp-content\/uploads\/sites\/157\/2021\/04\/IMG_2353-scaled.jpg\u00bb title_text=\u00bbIMG_2353&#8243; _builder_version=\u00bb4.7.7&#8243; _module_preset=\u00bbdefault\u00bb width=\u00bb100%\u00bb max_width=\u00bb100%\u00bb min_height=\u00bb235px\u00bb height=\u00bb235px\u00bb max_height=\u00bb1000px\u00bb][\/et_pb_image][\/et_pb_column][\/et_pb_row][\/et_pb_section]<\/p>\n","protected":false},"excerpt":{"rendered":"<p>EMPRESA \u00a0Azulejos Catano es una empresa donde el principal objetivo es ayudar a nuestros clientes en su futura obra o reforma, ofreciendo productos funcionales e innovadores.\u00a0 &nbsp; En nuestra empresa nos dedicamos a la venta de materiales de construcci\u00f3n, azulejos, gres, grifer\u00edas, mamparas, ferreter\u00eda, muebles de ba\u00f1o, fontaner\u00eda y decoraci\u00f3n.\u00a0 &nbsp; Trabajamos d\u00eda a d\u00eda [&hellip;]<\/p>\n","protected":false},"author":4,"featured_media":0,"parent":0,"menu_order":0,"comment_status":"closed","ping_status":"closed","template":"","meta":{"_et_pb_use_builder":"on","_et_pb_old_content":"","_et_gb_content_width":"","footnotes":""},"class_list":["post-84","page","type-page","status-publish","hentry"],"_links":{"self":[{"href":"https:\/\/www.grupodcc3000.com\/asociado\/azulejoscatano\/wp-json\/wp\/v2\/pages\/84","targetHints":{"allow":["GET"]}}],"collection":[{"href":"https:\/\/www.grupodcc3000.com\/asociado\/azulejoscatano\/wp-json\/wp\/v2\/pages"}],"about":[{"href":"https:\/\/www.grupodcc3000.com\/asociado\/azulejoscatano\/wp-json\/wp\/v2\/types\/page"}],"author":[{"embeddable":true,"href":"https:\/\/www.grupodcc3000.com\/asociado\/azulejoscatano\/wp-json\/wp\/v2\/users\/4"}],"replies":[{"embeddable":true,"href":"https:\/\/www.grupodcc3000.com\/asociado\/azulejoscatano\/wp-json\/wp\/v2\/comments?post=84"}],"version-history":[{"count":6,"href":"https:\/\/www.grupodcc3000.com\/asociado\/azulejoscatano\/wp-json\/wp\/v2\/pages\/84\/revisions"}],"predecessor-version":[{"id":2885,"href":"https:\/\/www.grupodcc3000.com\/asociado\/azulejoscatano\/wp-json\/wp\/v2\/pages\/84\/revisions\/2885"}],"wp:attachment":[{"href":"https:\/\/www.grupodcc3000.com\/asociado\/azulejoscatano\/wp-json\/wp\/v2\/media?parent=84"}],"curies":[{"name":"wp","href":"https:\/\/api.w.org\/{rel}","templated":true}]}}