{"id":1392,"date":"2021-10-20T15:02:40","date_gmt":"2021-10-20T15:02:40","guid":{"rendered":"https:\/\/www.grupodcc3000.com\/asociado\/carteleriadcc\/?page_id=1392"},"modified":"2021-11-10T16:41:12","modified_gmt":"2021-11-10T16:41:12","slug":"profiltek-correderas-hit","status":"publish","type":"page","link":"https:\/\/www.grupodcc3000.com\/asociado\/carteleriadcc\/profiltek-correderas-hit\/","title":{"rendered":"profiltek &#8211; correderas &#8211; hit"},"content":{"rendered":"<p>[et_pb_section fb_built=\u00bb1&#8243; _builder_version=\u00bb4.11.2&#8243; _module_preset=\u00bbdefault\u00bb custom_margin=\u00bb|||-62px|false|false\u00bb custom_padding=\u00bb1px||1px||true|\u00bb global_colors_info=\u00bb{}\u00bb][et_pb_row _builder_version=\u00bb4.10.4&#8243; _module_preset=\u00bbdefault\u00bb min_height=\u00bb52.4px\u00bb custom_padding=\u00bb19px||2px|||\u00bb global_colors_info=\u00bb{}\u00bb][et_pb_column type=\u00bb4_4&#8243; _builder_version=\u00bb4.10.4&#8243; _module_preset=\u00bbdefault\u00bb global_colors_info=\u00bb{}\u00bb][et_pb_text _builder_version=\u00bb4.11.2&#8243; _module_preset=\u00bbdefault\u00bb header_text_color=\u00bb#E02B20&#8243; header_font_size=\u00bb18px\u00bb global_colors_info=\u00bb{}\u00bb]<\/p>\n<h1><strong>PROFILTEK &#8211; SERIE HIT<br \/><\/strong><\/h1>\n<p>[\/et_pb_text][\/et_pb_column][\/et_pb_row][\/et_pb_section][et_pb_section fb_built=\u00bb1&#8243; _builder_version=\u00bb4.11.2&#8243; _module_preset=\u00bbdefault\u00bb custom_margin=\u00bb-5px|||-62px|false|false\u00bb custom_padding=\u00bb||0px|||\u00bb global_colors_info=\u00bb{}\u00bb][et_pb_row column_structure=\u00bb1_2,1_2&#8243; _builder_version=\u00bb4.10.4&#8243; _module_preset=\u00bbdefault\u00bb global_colors_info=\u00bb{}\u00bb][et_pb_column type=\u00bb1_2&#8243; _builder_version=\u00bb4.10.4&#8243; _module_preset=\u00bbdefault\u00bb global_colors_info=\u00bb{}\u00bb][et_pb_text admin_label=\u00bbTexto\u00bb _builder_version=\u00bb4.11.2&#8243; _module_preset=\u00bbdefault\u00bb text_font_size=\u00bb11px\u00bb custom_margin=\u00bb||2px|||\u00bb custom_padding=\u00bb3px||23px||false|\u00bb global_colors_info=\u00bb{}\u00bb]<\/p>\n<h5 style=\"text-align: left;\"><strong>SERIE HIT<br \/><\/strong><\/h5>\n<ul>\n<li>Mampara para ba\u00f1era y ducha con hojas correderas.<\/li>\n<li>Vidrio de seguridad de 6 mm.<\/li>\n<li>Perfiles verticales reducidos con compensaci\u00f3n de 10 mm.<\/li>\n<li>Hojas correderas sin gu\u00eda inferior.<\/li>\n<li>Sistema anti-vuelco de hojas.<\/li>\n<li>Rodamientos compensables en altura 4 mm.<\/li>\n<\/ul>\n<p>[\/et_pb_text][\/et_pb_column][et_pb_column type=\u00bb1_2&#8243; _builder_version=\u00bb4.10.4&#8243; _module_preset=\u00bbdefault\u00bb global_colors_info=\u00bb{}\u00bb][et_pb_text admin_label=\u00bbTexto\u00bb _builder_version=\u00bb4.11.2&#8243; _module_preset=\u00bbdefault\u00bb text_font_size=\u00bb11px\u00bb custom_margin=\u00bb||2px|||\u00bb custom_padding=\u00bb3px||23px||false|\u00bb global_colors_info=\u00bb{}\u00bb]<\/p>\n<h5 style=\"text-align: left;\"><strong>\u00a0<\/strong><\/h5>\n<ul>\n<li>Equipada con cierre contacto o magn\u00e9tico, seg\u00fan modelo.<\/li>\n<li>Cierre progresivo incluido en modelos: HI-210, HI-216, HI-230 y HI-250. Es posible sustituir cierre con tope.<\/li>\n<li>Perfil base en acabado Cromo Brillo o Negro.<\/li>\n<li>Maneta Paris de serie en acabado Cromo Brillo o Negro.<\/li>\n<li>Teknoclean opcional.<\/li>\n<\/ul>\n<p>[\/et_pb_text][\/et_pb_column][\/et_pb_row][et_pb_row column_structure=\u00bb1_2,1_2&#8243; use_custom_gutter=\u00bbon\u00bb make_equal=\u00bbon\u00bb _builder_version=\u00bb4.11.2&#8243; _module_preset=\u00bbdefault\u00bb width=\u00bb77%\u00bb max_width=\u00bb1981px\u00bb module_alignment=\u00bbright\u00bb custom_margin=\u00bb-19px|auto||518px|false|false\u00bb global_colors_info=\u00bb{}\u00bb][et_pb_column type=\u00bb1_2&#8243; _builder_version=\u00bb4.11.2&#8243; _module_preset=\u00bbdefault\u00bb global_colors_info=\u00bb{}\u00bb][et_pb_gallery gallery_ids=\u00bb1395,1396,1397,1398&#8243; fullwidth=\u00bbon\u00bb _builder_version=\u00bb4.11.2&#8243; _module_preset=\u00bbdefault\u00bb custom_margin=\u00bb-23px|140px||-143px|false|false\u00bb custom_padding=\u00bb|22px||20px|false|false\u00bb auto=\u00bbon\u00bb auto_speed=\u00bb10000&#8243; global_colors_info=\u00bb{}\u00bb][\/et_pb_gallery][\/et_pb_column][et_pb_column type=\u00bb1_2&#8243; _builder_version=\u00bb4.11.2&#8243; _module_preset=\u00bbdefault\u00bb global_colors_info=\u00bb{}\u00bb][et_pb_image src=\u00bbhttp:\/\/www.grupodcc3000.com\/asociado\/carteleriadcc\/wp-content\/uploads\/sites\/167\/2021\/11\/TEKNO-CLEAN-8.png\u00bb title_text=\u00bbTEKNO CLEAN (8)\u00bb _builder_version=\u00bb4.13.0&#8243; _module_preset=\u00bbdefault\u00bb custom_margin=\u00bb-51px|||-152px|false|false\u00bb custom_padding=\u00bb23px|293px||0px||\u00bb hover_enabled=\u00bb0&#8243; global_colors_info=\u00bb{}\u00bb sticky_enabled=\u00bb0&#8243;][\/et_pb_image][\/et_pb_column][\/et_pb_row][\/et_pb_section][et_pb_section fb_built=\u00bb1&#8243; fullwidth=\u00bbon\u00bb _builder_version=\u00bb4.11.2&#8243; _module_preset=\u00bbdefault\u00bb custom_margin=\u00bb-2px||||false|false\u00bb custom_padding=\u00bb12px|||||\u00bb global_colors_info=\u00bb{}\u00bb][et_pb_fullwidth_code _builder_version=\u00bb4.11.2&#8243; _module_preset=\u00bbdefault\u00bb background_color=\u00bbrgba(0,0,0,0.1)\u00bb transform_scale=\u00bb46%|46%\u00bb transform_translate=\u00bb-31px|-38px\u00bb text_orientation=\u00bbcenter\u00bb width=\u00bb100%\u00bb module_alignment=\u00bbcenter\u00bb custom_margin=\u00bb|||0px|false|false\u00bb custom_padding=\u00bb30px||30px|0px|true|false\u00bb global_colors_info=\u00bb{}\u00bb]<a href=\"https:\/\/www.grupodcc3000.com\/asociado\/carteleriadcc\/catalogo\/\"> <pee>\n<h1><strong> VOLVER <\/strong><\/h1>\n<\/pee><\/a>[\/et_pb_fullwidth_code][\/et_pb_section]<\/p>\n","protected":false},"excerpt":{"rendered":"<p>PROFILTEK &#8211; SERIE HITSERIE HIT Mampara para ba\u00f1era y ducha con hojas correderas. Vidrio de seguridad de 6 mm. Perfiles verticales reducidos con compensaci\u00f3n de 10 mm. Hojas correderas sin gu\u00eda inferior. Sistema anti-vuelco de hojas. Rodamientos compensables en altura 4 mm. \u00a0 Equipada con cierre contacto o magn\u00e9tico, seg\u00fan modelo. Cierre progresivo incluido en [&hellip;]<\/p>\n","protected":false},"author":4,"featured_media":0,"parent":0,"menu_order":0,"comment_status":"closed","ping_status":"closed","template":"","meta":{"_et_pb_use_builder":"on","_et_pb_old_content":"","_et_gb_content_width":"","footnotes":""},"class_list":["post-1392","page","type-page","status-publish","hentry"],"_links":{"self":[{"href":"https:\/\/www.grupodcc3000.com\/asociado\/carteleriadcc\/wp-json\/wp\/v2\/pages\/1392","targetHints":{"allow":["GET"]}}],"collection":[{"href":"https:\/\/www.grupodcc3000.com\/asociado\/carteleriadcc\/wp-json\/wp\/v2\/pages"}],"about":[{"href":"https:\/\/www.grupodcc3000.com\/asociado\/carteleriadcc\/wp-json\/wp\/v2\/types\/page"}],"author":[{"embeddable":true,"href":"https:\/\/www.grupodcc3000.com\/asociado\/carteleriadcc\/wp-json\/wp\/v2\/users\/4"}],"replies":[{"embeddable":true,"href":"https:\/\/www.grupodcc3000.com\/asociado\/carteleriadcc\/wp-json\/wp\/v2\/comments?post=1392"}],"version-history":[{"count":4,"href":"https:\/\/www.grupodcc3000.com\/asociado\/carteleriadcc\/wp-json\/wp\/v2\/pages\/1392\/revisions"}],"predecessor-version":[{"id":2069,"href":"https:\/\/www.grupodcc3000.com\/asociado\/carteleriadcc\/wp-json\/wp\/v2\/pages\/1392\/revisions\/2069"}],"wp:attachment":[{"href":"https:\/\/www.grupodcc3000.com\/asociado\/carteleriadcc\/wp-json\/wp\/v2\/media?parent=1392"}],"curies":[{"name":"wp","href":"https:\/\/api.w.org\/{rel}","templated":true}]}}