{"id":84,"date":"2018-11-14T10:36:29","date_gmt":"2018-11-14T10:36:29","guid":{"rendered":"http:\/\/grupodcc3000.com\/miniwebs\/?page_id=84"},"modified":"2021-09-22T07:08:34","modified_gmt":"2021-09-22T07:08:34","slug":"la-empresa","status":"publish","type":"page","link":"https:\/\/www.grupodcc3000.com\/asociado\/estepagres\/la-empresa\/","title":{"rendered":"La empresa"},"content":{"rendered":"<p>[et_pb_section fb_built=\u00bb1&#8243; fullwidth=\u00bbon\u00bb _builder_version=\u00bb4.10.4&#8243; global_colors_info=\u00bb{}\u00bb][et_pb_fullwidth_image src=\u00bbhttps:\/\/www.grupodcc3000.com\/asociado\/estepagres\/wp-content\/uploads\/sites\/124\/2021\/09\/2cf725ec26744be29ae98c92fd156b9f-scaled.jpg\u00bb title_text=\u00bb2cf725ec26744be29ae98c92fd156b9f\u00bb _builder_version=\u00bb4.10.4&#8243; _module_preset=\u00bbdefault\u00bb custom_margin=\u00bb-400px||-500px||false|false\u00bb global_colors_info=\u00bb{}\u00bb][\/et_pb_fullwidth_image][\/et_pb_section][et_pb_section fb_built=\u00bb1&#8243; _builder_version=\u00bb3.17.6&#8243; background_color=\u00bb#272727&#8243; custom_padding=\u00bb0px|||\u00bb animation_style=\u00bbslide\u00bb global_module=\u00bb388&#8243; global_colors_info=\u00bb{}\u00bb][et_pb_row _builder_version=\u00bb3.25&#8243; custom_padding=\u00bb24px||26px|||\u00bb hover_enabled=\u00bb0&#8243; global_colors_info=\u00bb{}\u00bb sticky_enabled=\u00bb0&#8243;][et_pb_column type=\u00bb4_4&#8243; _builder_version=\u00bb3.25&#8243; custom_padding=\u00bb|||\u00bb global_colors_info=\u00bb{}\u00bb custom_padding__hover=\u00bb|||\u00bb][et_pb_text _builder_version=\u00bb3.27.4&#8243; text_font=\u00bb||||||||\u00bb text_text_color=\u00bb#ffffff\u00bb text_font_size=\u00bb45px\u00bb header_font=\u00bb||||||||\u00bb header_text_align=\u00bbcenter\u00bb header_text_color=\u00bb#ffffff\u00bb header_font_size=\u00bb45px\u00bb custom_padding=\u00bb21px|||||\u00bb global_colors_info=\u00bb{}\u00bb]<\/p>\n<h1><strong>EMPRESA<\/strong><\/h1>\n<p>[\/et_pb_text][\/et_pb_column][\/et_pb_row][et_pb_row column_structure=\u00bb2_5,3_5&#8243; _builder_version=\u00bb3.25&#8243; global_colors_info=\u00bb{}\u00bb][et_pb_column type=\u00bb2_5&#8243; _builder_version=\u00bb3.25&#8243; custom_padding=\u00bb|||\u00bb global_colors_info=\u00bb{}\u00bb custom_padding__hover=\u00bb|||\u00bb][et_pb_text _builder_version=\u00bb4.10.4&#8243; custom_margin=\u00bb|-1px||||\u00bb global_colors_info=\u00bb{}\u00bb]<\/p>\n<p><span style=\"color: #ffffff;\"><\/span><\/p>\n<p><span style=\"color: #ffffff;\"><\/span><\/p>\n<p><span style=\"color: #ffffff;\">Venta de azulejos, pavimentos, muebles y mamparas de ba\u00f1o en Estepa<\/span><\/p>\n<p><span style=\"color: #ffffff;\">Creamos Estepagr\u00e9s en 1993 con el objetivo de cubrir las necesidades de nuestros clientes en el \u00e1mbito de la construcci\u00f3n y la reforma de viviendas y todo tipo de edificaciones.<\/span><\/p>\n<p><span style=\"color: #ffffff;\">Contamos con una extensa y cuidada selecci\u00f3n de cer\u00e1micos, sanitarios, mamparas, muebles de ba\u00f1o, chimeneas y otros productos complementarios que adem\u00e1s de decorar suponen un valor a\u00f1adido: suelos bellos y antideslizantes, azulejos f\u00e1ciles de limpiar, grifer\u00eda de dise\u00f1o&#8230;<\/span><\/p>\n<p><span style=\"color: #ffffff;\">A lo largo de los a\u00f1os, hemos ido experimentando una continua evoluci\u00f3n con el fin de adaptarnos a las circunstancias de cada momento. Desde el principio nuestro trabajo se centr\u00f3 en dar un servicio completo y de primera calidad tanto a los particulares como a los profesionales dedicados a las reformas.<\/span><\/p>\n<p><span style=\"color: #ffffff;\">Nuestra inquietud por satisfacer a nuestros clientes nos ha ido llevando a mejorar tanto en instalaciones como en personal. <\/span><span style=\"color: #ffffff;\"> <\/span><\/p>\n<p><span style=\"color: #ffffff;\">Invertir en su hogar es un acierto seguro. Nunca fue tan f\u00e1cil hacer realidad la casa de sus sue\u00f1os<\/span>.<\/p>\n<p><span style=\"color: #ffffff;\"><strong>Desde Estepagr\u00e9s siempre queremos avanzar y ofrecer a nuestros clientes lo mejor del mercado. Por ello, nos adentramos en una experiencia nueva: LA REALIDAD VIRTUAL<\/strong><\/span><\/p>\n<p><span style=\"color: #ffffff;\"><strong>Nuestra plantilla de trabajadores han recibido una formaci\u00f3n para que puedas ver tu reforma en realidad virtual y ver c\u00f3mo queda tu futura obra.<\/strong><\/span><\/p>\n<p>[\/et_pb_text][\/et_pb_column][et_pb_column type=\u00bb3_5&#8243; _builder_version=\u00bb3.25&#8243; custom_padding=\u00bb|||\u00bb global_colors_info=\u00bb{}\u00bb custom_padding__hover=\u00bb|||\u00bb][et_pb_video src=\u00bbhttps:\/\/www.grupodcc3000.com\/asociado\/estepagres\/wp-content\/uploads\/sites\/124\/2020\/12\/56a31da7-857a-5480-a862-fae7472a6e31.mp4&#8243; _builder_version=\u00bb4.10.4&#8243; _module_preset=\u00bbdefault\u00bb custom_padding=\u00bb|||172px||\u00bb global_colors_info=\u00bb{}\u00bb][\/et_pb_video][et_pb_video src=\u00bbhttps:\/\/www.grupodcc3000.com\/asociado\/estepagres\/wp-content\/uploads\/sites\/124\/2021\/09\/materiales-construccion-estepagres.mp4&#8243; _builder_version=\u00bb4.10.4&#8243; _module_preset=\u00bbdefault\u00bb custom_padding=\u00bb|||173px||\u00bb global_colors_info=\u00bb{}\u00bb][\/et_pb_video][\/et_pb_column][\/et_pb_row][et_pb_row column_structure=\u00bb1_4,1_4,1_4,1_4&#8243; _builder_version=\u00bb4.10.4&#8243; _module_preset=\u00bbdefault\u00bb global_colors_info=\u00bb{}\u00bb][et_pb_column type=\u00bb1_4&#8243; _builder_version=\u00bb4.10.4&#8243; _module_preset=\u00bbdefault\u00bb global_colors_info=\u00bb{}\u00bb][et_pb_image src=\u00bbhttps:\/\/www.grupodcc3000.com\/asociado\/estepagres\/wp-content\/uploads\/sites\/124\/2021\/09\/estepagres-realidad-virtual.jpeg\u00bb title_text=\u00bbestepagres realidad virtual\u00bb _builder_version=\u00bb4.10.4&#8243; _module_preset=\u00bbdefault\u00bb custom_margin=\u00bb|-47px||-47px||false\u00bb custom_padding=\u00bb|0px||50px||\u00bb global_colors_info=\u00bb{}\u00bb][\/et_pb_image][\/et_pb_column][et_pb_column type=\u00bb1_4&#8243; _builder_version=\u00bb4.10.4&#8243; _module_preset=\u00bbdefault\u00bb global_colors_info=\u00bb{}\u00bb][et_pb_image src=\u00bbhttps:\/\/www.grupodcc3000.com\/asociado\/estepagres\/wp-content\/uploads\/sites\/124\/2020\/11\/eb8f9f672c14491a9b40a72a1eff25ca-scaled.jpg\u00bb title_text=\u00bbeb8f9f672c14491a9b40a72a1eff25ca\u00bb _builder_version=\u00bb4.6.5&#8243; _module_preset=\u00bbdefault\u00bb global_colors_info=\u00bb{}\u00bb][\/et_pb_image][\/et_pb_column][et_pb_column type=\u00bb1_4&#8243; _builder_version=\u00bb4.10.4&#8243; _module_preset=\u00bbdefault\u00bb global_colors_info=\u00bb{}\u00bb][et_pb_image src=\u00bbhttps:\/\/www.grupodcc3000.com\/asociado\/estepagres\/wp-content\/uploads\/sites\/124\/2021\/09\/estepagres-realidad-virtual-2.jpeg\u00bb title_text=\u00bbestepagres realidad virtual 2&#8243; _builder_version=\u00bb4.10.4&#8243; _module_preset=\u00bbdefault\u00bb custom_margin=\u00bb|-34px||-34px||true\u00bb global_colors_info=\u00bb{}\u00bb][\/et_pb_image][\/et_pb_column][et_pb_column type=\u00bb1_4&#8243; _builder_version=\u00bb4.10.4&#8243; _module_preset=\u00bbdefault\u00bb global_colors_info=\u00bb{}\u00bb][et_pb_image src=\u00bbhttps:\/\/www.grupodcc3000.com\/asociado\/estepagres\/wp-content\/uploads\/sites\/124\/2020\/11\/8b0274fd3bc44dafb4ad961fa98152ed-scaled.jpg\u00bb title_text=\u00bb8b0274fd3bc44dafb4ad961fa98152ed\u00bb _builder_version=\u00bb4.6.5&#8243; _module_preset=\u00bbdefault\u00bb global_colors_info=\u00bb{}\u00bb][\/et_pb_image][\/et_pb_column][\/et_pb_row][et_pb_row column_structure=\u00bb1_4,1_4,1_4,1_4&#8243; _builder_version=\u00bb4.6.5&#8243; _module_preset=\u00bbdefault\u00bb global_colors_info=\u00bb{}\u00bb][et_pb_column type=\u00bb1_4&#8243; _builder_version=\u00bb4.6.5&#8243; _module_preset=\u00bbdefault\u00bb global_colors_info=\u00bb{}\u00bb][et_pb_image src=\u00bbhttps:\/\/www.grupodcc3000.com\/asociado\/estepagres\/wp-content\/uploads\/sites\/124\/2020\/06\/67c9a2b7ce0a41b68115698cd0c8d21f-scaled.jpg\u00bb title_text=\u00bb67c9a2b7ce0a41b68115698cd0c8d21f\u00bb _builder_version=\u00bb4.6.5&#8243; global_colors_info=\u00bb{}\u00bb][\/et_pb_image][\/et_pb_column][et_pb_column type=\u00bb1_4&#8243; _builder_version=\u00bb4.6.5&#8243; _module_preset=\u00bbdefault\u00bb global_colors_info=\u00bb{}\u00bb][et_pb_image src=\u00bbhttps:\/\/www.grupodcc3000.com\/asociado\/estepagres\/wp-content\/uploads\/sites\/124\/2020\/11\/d8e5d91b6ea0437f8b92caa9f8b791ab-scaled.jpg\u00bb title_text=\u00bbd8e5d91b6ea0437f8b92caa9f8b791ab\u00bb _builder_version=\u00bb4.6.5&#8243; _module_preset=\u00bbdefault\u00bb global_colors_info=\u00bb{}\u00bb custom_margin=\u00bb|-42px||-38px||\u00bb][\/et_pb_image][\/et_pb_column][et_pb_column type=\u00bb1_4&#8243; _builder_version=\u00bb4.6.5&#8243; _module_preset=\u00bbdefault\u00bb global_colors_info=\u00bb{}\u00bb][et_pb_image src=\u00bbhttps:\/\/www.grupodcc3000.com\/asociado\/estepagres\/wp-content\/uploads\/sites\/124\/2020\/11\/bd993face0b34ff9a48bfd4cd79f0d25-scaled.jpg\u00bb title_text=\u00bbbd993face0b34ff9a48bfd4cd79f0d25&#8243; _builder_version=\u00bb4.6.5&#8243; _module_preset=\u00bbdefault\u00bb global_colors_info=\u00bb{}\u00bb custom_margin=\u00bb|-19px||||\u00bb][\/et_pb_image][\/et_pb_column][et_pb_column type=\u00bb1_4&#8243; _builder_version=\u00bb4.6.5&#8243; _module_preset=\u00bbdefault\u00bb global_colors_info=\u00bb{}\u00bb][et_pb_image src=\u00bbhttps:\/\/www.grupodcc3000.com\/asociado\/estepagres\/wp-content\/uploads\/sites\/124\/2020\/11\/b74149cbf73e4fa1bc8a35da9ffb7e60-scaled.jpg\u00bb title_text=\u00bbb74149cbf73e4fa1bc8a35da9ffb7e60&#8243; _builder_version=\u00bb4.6.5&#8243; _module_preset=\u00bbdefault\u00bb global_colors_info=\u00bb{}\u00bb custom_margin=\u00bb|||-22px||\u00bb][\/et_pb_image][\/et_pb_column][\/et_pb_row][et_pb_row column_structure=\u00bb1_4,1_4,1_4,1_4&#8243; _builder_version=\u00bb4.6.5&#8243; _module_preset=\u00bbdefault\u00bb global_colors_info=\u00bb{}\u00bb][et_pb_column type=\u00bb1_4&#8243; _builder_version=\u00bb4.6.5&#8243; _module_preset=\u00bbdefault\u00bb global_colors_info=\u00bb{}\u00bb][et_pb_image src=\u00bbhttps:\/\/www.grupodcc3000.com\/asociado\/estepagres\/wp-content\/uploads\/sites\/124\/2020\/11\/19472e33bfaf409db645e5a3754810a3-scaled.jpg\u00bb title_text=\u00bb19472e33bfaf409db645e5a3754810a3&#8243; _builder_version=\u00bb4.6.5&#8243; _module_preset=\u00bbdefault\u00bb global_colors_info=\u00bb{}\u00bb][\/et_pb_image][\/et_pb_column][et_pb_column type=\u00bb1_4&#8243; _builder_version=\u00bb4.6.5&#8243; _module_preset=\u00bbdefault\u00bb global_colors_info=\u00bb{}\u00bb][et_pb_image src=\u00bbhttps:\/\/www.grupodcc3000.com\/asociado\/estepagres\/wp-content\/uploads\/sites\/124\/2020\/11\/161f15fe9af34490824b95487c7f4a86-scaled.jpg\u00bb title_text=\u00bb161f15fe9af34490824b95487c7f4a86&#8243; _builder_version=\u00bb4.6.5&#8243; _module_preset=\u00bbdefault\u00bb global_colors_info=\u00bb{}\u00bb custom_margin=\u00bb|17px||-32px||\u00bb custom_padding=\u00bb|12px||||\u00bb][\/et_pb_image][\/et_pb_column][et_pb_column type=\u00bb1_4&#8243; _builder_version=\u00bb4.6.5&#8243; _module_preset=\u00bbdefault\u00bb global_colors_info=\u00bb{}\u00bb][et_pb_image src=\u00bbhttps:\/\/www.grupodcc3000.com\/asociado\/estepagres\/wp-content\/uploads\/sites\/124\/2020\/11\/091cf48df41342c0b8a5a7009f7b82df-scaled.jpg\u00bb title_text=\u00bb091cf48df41342c0b8a5a7009f7b82df\u00bb _builder_version=\u00bb4.6.5&#8243; _module_preset=\u00bbdefault\u00bb global_colors_info=\u00bb{}\u00bb custom_margin=\u00bb|19px||-50px||\u00bb][\/et_pb_image][\/et_pb_column][et_pb_column type=\u00bb1_4&#8243; _builder_version=\u00bb4.6.5&#8243; _module_preset=\u00bbdefault\u00bb global_colors_info=\u00bb{}\u00bb][et_pb_image src=\u00bbhttps:\/\/www.grupodcc3000.com\/asociado\/estepagres\/wp-content\/uploads\/sites\/124\/2020\/11\/4d5a4a37fe194553b4645835cf869411-scaled.jpg\u00bb title_text=\u00bb4d5a4a37fe194553b4645835cf869411&#8243; _builder_version=\u00bb4.6.5&#8243; _module_preset=\u00bbdefault\u00bb global_colors_info=\u00bb{}\u00bb custom_margin=\u00bb|||-31px||\u00bb][\/et_pb_image][\/et_pb_column][\/et_pb_row][et_pb_row column_structure=\u00bb1_4,1_4,1_4,1_4&#8243; _builder_version=\u00bb4.6.5&#8243; _module_preset=\u00bbdefault\u00bb hover_enabled=\u00bb0&#8243; global_colors_info=\u00bb{}\u00bb sticky_enabled=\u00bb0&#8243;][et_pb_column type=\u00bb1_4&#8243; _builder_version=\u00bb4.6.5&#8243; _module_preset=\u00bbdefault\u00bb global_colors_info=\u00bb{}\u00bb][et_pb_image src=\u00bbhttps:\/\/www.grupodcc3000.com\/asociado\/estepagres\/wp-content\/uploads\/sites\/124\/2021\/09\/estepagres-fb-3.jpeg\u00bb title_text=\u00bbestepagres fb (3)\u00bb _builder_version=\u00bb4.10.4&#8243; _module_preset=\u00bbdefault\u00bb hover_enabled=\u00bb0&#8243; global_colors_info=\u00bb{}\u00bb sticky_enabled=\u00bb0&#8243;][\/et_pb_image][\/et_pb_column][et_pb_column type=\u00bb1_4&#8243; _builder_version=\u00bb4.6.5&#8243; _module_preset=\u00bbdefault\u00bb global_colors_info=\u00bb{}\u00bb][et_pb_image src=\u00bbhttps:\/\/www.grupodcc3000.com\/asociado\/estepagres\/wp-content\/uploads\/sites\/124\/2021\/09\/estepagres-fb-1.jpeg\u00bb title_text=\u00bbestepagres fb (1)\u00bb _builder_version=\u00bb4.10.4&#8243; _module_preset=\u00bbdefault\u00bb hover_enabled=\u00bb0&#8243; global_colors_info=\u00bb{}\u00bb sticky_enabled=\u00bb0&#8243;][\/et_pb_image][\/et_pb_column][et_pb_column type=\u00bb1_4&#8243; _builder_version=\u00bb4.6.5&#8243; _module_preset=\u00bbdefault\u00bb global_colors_info=\u00bb{}\u00bb][et_pb_image src=\u00bbhttps:\/\/www.grupodcc3000.com\/asociado\/estepagres\/wp-content\/uploads\/sites\/124\/2021\/09\/estepagres-fb-5.jpeg\u00bb title_text=\u00bbestepagres fb (5)\u00bb _builder_version=\u00bb4.10.4&#8243; _module_preset=\u00bbdefault\u00bb hover_enabled=\u00bb0&#8243; global_colors_info=\u00bb{}\u00bb sticky_enabled=\u00bb0&#8243; custom_margin=\u00bb|-20px||-22px||\u00bb][\/et_pb_image][\/et_pb_column][et_pb_column type=\u00bb1_4&#8243; _builder_version=\u00bb4.6.5&#8243; _module_preset=\u00bbdefault\u00bb global_colors_info=\u00bb{}\u00bb][et_pb_image src=\u00bbhttps:\/\/www.grupodcc3000.com\/asociado\/estepagres\/wp-content\/uploads\/sites\/124\/2021\/09\/estepagres-fb-4.jpeg\u00bb title_text=\u00bbestepagres fb (4)\u00bb _builder_version=\u00bb4.10.4&#8243; _module_preset=\u00bbdefault\u00bb hover_enabled=\u00bb0&#8243; global_colors_info=\u00bb{}\u00bb sticky_enabled=\u00bb0&#8243; custom_margin=\u00bb|||-9px||\u00bb][\/et_pb_image][\/et_pb_column][\/et_pb_row][\/et_pb_section]<\/p>\n","protected":false},"excerpt":{"rendered":"<p>EMPRESA Venta de azulejos, pavimentos, muebles y mamparas de ba\u00f1o en Estepa Creamos Estepagr\u00e9s en 1993 con el objetivo de cubrir las necesidades de nuestros clientes en el \u00e1mbito de la construcci\u00f3n y la reforma de viviendas y todo tipo de edificaciones. Contamos con una extensa y cuidada selecci\u00f3n de cer\u00e1micos, sanitarios, mamparas, muebles de [&hellip;]<\/p>\n","protected":false},"author":4,"featured_media":0,"parent":0,"menu_order":0,"comment_status":"closed","ping_status":"closed","template":"","meta":{"_et_pb_use_builder":"on","_et_pb_old_content":"","_et_gb_content_width":"","footnotes":""},"class_list":["post-84","page","type-page","status-publish","hentry"],"_links":{"self":[{"href":"https:\/\/www.grupodcc3000.com\/asociado\/estepagres\/wp-json\/wp\/v2\/pages\/84","targetHints":{"allow":["GET"]}}],"collection":[{"href":"https:\/\/www.grupodcc3000.com\/asociado\/estepagres\/wp-json\/wp\/v2\/pages"}],"about":[{"href":"https:\/\/www.grupodcc3000.com\/asociado\/estepagres\/wp-json\/wp\/v2\/types\/page"}],"author":[{"embeddable":true,"href":"https:\/\/www.grupodcc3000.com\/asociado\/estepagres\/wp-json\/wp\/v2\/users\/4"}],"replies":[{"embeddable":true,"href":"https:\/\/www.grupodcc3000.com\/asociado\/estepagres\/wp-json\/wp\/v2\/comments?post=84"}],"version-history":[{"count":15,"href":"https:\/\/www.grupodcc3000.com\/asociado\/estepagres\/wp-json\/wp\/v2\/pages\/84\/revisions"}],"predecessor-version":[{"id":3452,"href":"https:\/\/www.grupodcc3000.com\/asociado\/estepagres\/wp-json\/wp\/v2\/pages\/84\/revisions\/3452"}],"wp:attachment":[{"href":"https:\/\/www.grupodcc3000.com\/asociado\/estepagres\/wp-json\/wp\/v2\/media?parent=84"}],"curies":[{"name":"wp","href":"https:\/\/api.w.org\/{rel}","templated":true}]}}