{"id":84,"date":"2018-11-14T10:36:29","date_gmt":"2018-11-14T10:36:29","guid":{"rendered":"http:\/\/grupodcc3000.com\/miniwebs\/?page_id=84"},"modified":"2021-03-16T09:50:50","modified_gmt":"2021-03-16T09:50:50","slug":"la-empresa","status":"publish","type":"page","link":"https:\/\/www.grupodcc3000.com\/asociado\/excavacionescampillos\/la-empresa\/","title":{"rendered":"La empresa"},"content":{"rendered":"<p>[et_pb_section fb_built=\u00bb1&#8243; fullwidth=\u00bbon\u00bb _builder_version=\u00bb3.22&#8243;][et_pb_fullwidth_slider admin_label=\u00bbFoto seccion empresa\u00bb module_id=\u00bbslider_cortado\u00bb module_class=\u00bbslider_cortado\u00bb _builder_version=\u00bb4.7.7&#8243;][et_pb_slide _builder_version=\u00bb4.7.7&#8243; background_image=\u00bbhttps:\/\/www.grupodcc3000.com\/asociado\/excavacionescampillos\/wp-content\/uploads\/sites\/152\/2019\/03\/materiales-construccion-5.jpg\u00bb background_enable_image=\u00bbon\u00bb sticky_transition=\u00bbon\u00bb][\/et_pb_slide][\/et_pb_fullwidth_slider][\/et_pb_section][et_pb_section fb_built=\u00bb1&#8243; _builder_version=\u00bb3.17.6&#8243; background_color=\u00bb#272727&#8243; custom_padding=\u00bb0px|||\u00bb animation_style=\u00bbslide\u00bb global_module=\u00bb388&#8243;][et_pb_row _builder_version=\u00bb3.25&#8243;][et_pb_column type=\u00bb4_4&#8243; _builder_version=\u00bb3.25&#8243; custom_padding=\u00bb|||\u00bb custom_padding__hover=\u00bb|||\u00bb][et_pb_text _builder_version=\u00bb3.27.4&#8243; text_font=\u00bb||||||||\u00bb text_text_color=\u00bb#ffffff\u00bb text_font_size=\u00bb45px\u00bb header_font=\u00bb||||||||\u00bb header_text_align=\u00bbcenter\u00bb header_text_color=\u00bb#ffffff\u00bb header_font_size=\u00bb45px\u00bb]<\/p>\n<h1><strong>EMPRESA<\/strong><\/h1>\n<p>[\/et_pb_text][\/et_pb_column][\/et_pb_row][et_pb_row column_structure=\u00bb2_5,3_5&#8243; _builder_version=\u00bb4.7.7&#8243; custom_margin=\u00bb||-130px||false|false\u00bb custom_padding=\u00bb20px|||||\u00bb][et_pb_column type=\u00bb2_5&#8243; _builder_version=\u00bb3.25&#8243; custom_padding=\u00bb|||\u00bb custom_padding__hover=\u00bb|||\u00bb][et_pb_text _builder_version=\u00bb4.7.7&#8243; width=\u00bb100%\u00bb custom_padding=\u00bb0px|0px||||\u00bb]<\/p>\n<p>Somos una empresa dedicada a la <strong>distribuci\u00f3n de todo tipo de materiales de construcci\u00f3n y excavaciones.<\/strong><\/p>\n<p>Gracias a la demanda de nuestros clientes nos hemos mudado y<strong> ampliado nuestras instalaciones<\/strong>. Contamos con una moderna y amplia exposici\u00f3n donde damos cabidad a un extenso stock con m\u00e1s de 3000 referencias.<\/p>\n<p>Campillos es una empresa dedicada a ofrecer los <strong>mejores materiales de construcci\u00f3n<\/strong> para tu hogar y <strong>servicios<\/strong> como \u00e1ridos de todo tipo, contenedores, gr\u00faas, nivelaci\u00f3n y compactaci\u00f3n de terreno, entre muchos otros servicios:<\/p>\n<p><b style=\"font-size: 14px;\"><i>-Materiales de construccci\u00f3n<\/i><\/b><\/p>\n<div dir=\"auto\"><b><i>-Excavaciones y demoliciones<\/i><\/b><\/div>\n<div dir=\"auto\"><em><strong>-\u00c1ridos de todo tipo<\/strong><\/em><\/div>\n<div dir=\"auto\"><em><strong>-Contenedores<\/strong><\/em><\/div>\n<div dir=\"auto\"><em><strong>-Martillo hidr\u00e1ulico<\/strong><\/em><\/div>\n<div dir=\"auto\"><em><strong>-Servicio de desatoro<\/strong><\/em><\/div>\n<div dir=\"auto\"><em><strong>-Transportes<\/strong><\/em><\/div>\n<div dir=\"auto\"><em><strong>-Gr\u00faas<\/strong><\/em>\u00a0<\/div>\n<div dir=\"auto\"><\/div>\n<div dir=\"auto\"><\/div>\n<div dir=\"auto\"><\/div>\n<div dir=\"auto\"><\/div>\n<p>&nbsp;<\/p>\n<p>[\/et_pb_text][\/et_pb_column][et_pb_column type=\u00bb3_5&#8243; _builder_version=\u00bb4.7.7&#8243; _module_preset=\u00bbdefault\u00bb][et_pb_video src=\u00bbhttp:\/\/www.grupodcc3000.com\/asociado\/excavacionescampillos\/wp-content\/uploads\/sites\/152\/2021\/03\/video-corporativo-campillos-materiales-excavaciones-.mp4&#8243; _builder_version=\u00bb4.7.7&#8243; _module_preset=\u00bbdefault\u00bb custom_padding=\u00bb|||0px||\u00bb hover_enabled=\u00bb0&#8243; title_text=\u00bbvideo corporativo campillos materiales excavaciones\u00bb sticky_enabled=\u00bb0&#8243; custom_margin=\u00bb|||103px||\u00bb][\/et_pb_video][\/et_pb_column][\/et_pb_row][et_pb_row _builder_version=\u00bb4.7.7&#8243; _module_preset=\u00bbdefault\u00bb custom_margin=\u00bb79px||||false|false\u00bb custom_padding=\u00bb44px|||||\u00bb][et_pb_column type=\u00bb4_4&#8243; _builder_version=\u00bb4.7.7&#8243; _module_preset=\u00bbdefault\u00bb][et_pb_gallery gallery_ids=\u00bb2808,2809,2810,2811&#8243; show_title_and_caption=\u00bboff\u00bb _builder_version=\u00bb4.7.7&#8243; _module_preset=\u00bbdefault\u00bb][\/et_pb_gallery][\/et_pb_column][\/et_pb_row][et_pb_row _builder_version=\u00bb4.7.7&#8243; _module_preset=\u00bbdefault\u00bb][et_pb_column type=\u00bb4_4&#8243; _builder_version=\u00bb4.7.7&#8243; _module_preset=\u00bbdefault\u00bb][et_pb_gallery gallery_ids=\u00bb2830,2832,2833&#8243; posts_number=\u00bb3&#8243; show_title_and_caption=\u00bboff\u00bb show_pagination=\u00bboff\u00bb _builder_version=\u00bb4.7.7&#8243; _module_preset=\u00bbdefault\u00bb width=\u00bb100%\u00bb max_width=\u00bb100%\u00bb custom_margin=\u00bb|||172px|false|false\u00bb][\/et_pb_gallery][\/et_pb_column][\/et_pb_row][\/et_pb_section]<\/p>\n","protected":false},"excerpt":{"rendered":"<p>EMPRESASomos una empresa dedicada a la distribuci\u00f3n de todo tipo de materiales de construcci\u00f3n y excavaciones. Gracias a la demanda de nuestros clientes nos hemos mudado y ampliado nuestras instalaciones. Contamos con una moderna y amplia exposici\u00f3n donde damos cabidad a un extenso stock con m\u00e1s de 3000 referencias. Campillos es una empresa dedicada a [&hellip;]<\/p>\n","protected":false},"author":4,"featured_media":0,"parent":0,"menu_order":0,"comment_status":"closed","ping_status":"closed","template":"","meta":{"_et_pb_use_builder":"on","_et_pb_old_content":"","_et_gb_content_width":"","footnotes":""},"class_list":["post-84","page","type-page","status-publish","hentry"],"_links":{"self":[{"href":"https:\/\/www.grupodcc3000.com\/asociado\/excavacionescampillos\/wp-json\/wp\/v2\/pages\/84","targetHints":{"allow":["GET"]}}],"collection":[{"href":"https:\/\/www.grupodcc3000.com\/asociado\/excavacionescampillos\/wp-json\/wp\/v2\/pages"}],"about":[{"href":"https:\/\/www.grupodcc3000.com\/asociado\/excavacionescampillos\/wp-json\/wp\/v2\/types\/page"}],"author":[{"embeddable":true,"href":"https:\/\/www.grupodcc3000.com\/asociado\/excavacionescampillos\/wp-json\/wp\/v2\/users\/4"}],"replies":[{"embeddable":true,"href":"https:\/\/www.grupodcc3000.com\/asociado\/excavacionescampillos\/wp-json\/wp\/v2\/comments?post=84"}],"version-history":[{"count":9,"href":"https:\/\/www.grupodcc3000.com\/asociado\/excavacionescampillos\/wp-json\/wp\/v2\/pages\/84\/revisions"}],"predecessor-version":[{"id":3044,"href":"https:\/\/www.grupodcc3000.com\/asociado\/excavacionescampillos\/wp-json\/wp\/v2\/pages\/84\/revisions\/3044"}],"wp:attachment":[{"href":"https:\/\/www.grupodcc3000.com\/asociado\/excavacionescampillos\/wp-json\/wp\/v2\/media?parent=84"}],"curies":[{"name":"wp","href":"https:\/\/api.w.org\/{rel}","templated":true}]}}