{"id":84,"date":"2018-11-14T10:36:29","date_gmt":"2018-11-14T10:36:29","guid":{"rendered":"http:\/\/grupodcc3000.com\/miniwebs\/?page_id=84"},"modified":"2023-07-21T10:16:33","modified_gmt":"2023-07-21T08:16:33","slug":"la-empresa","status":"publish","type":"page","link":"https:\/\/www.grupodcc3000.com\/asociado\/fallamartinez\/la-empresa\/","title":{"rendered":"La empresa"},"content":{"rendered":"<p>[et_pb_section fb_built=\u00bb1&#8243; fullwidth=\u00bbon\u00bb _builder_version=\u00bb4.16&#8243; global_colors_info=\u00bb{}\u00bb][et_pb_fullwidth_slider admin_label=\u00bbFoto seccion empresa\u00bb module_id=\u00bbslider_cortado\u00bb module_class=\u00bbslider_cortado\u00bb _builder_version=\u00bb4.20.4&#8243; hover_enabled=\u00bb0&#8243; global_colors_info=\u00bb{}\u00bb sticky_enabled=\u00bb0&#8243;][et_pb_slide _builder_version=\u00bb4.20.4&#8243; background_image=\u00bbhttp:\/\/www.grupodcc3000.com\/asociado\/fallamartinez\/wp-content\/uploads\/sites\/218\/2023\/07\/star-g929b781ae_1280.png\u00bb hover_enabled=\u00bb0&#8243; global_colors_info=\u00bb{}\u00bb sticky_transition=\u00bbon\u00bb background_color=\u00bbRGBA(255,255,255,0)\u00bb background_enable_color=\u00bbon\u00bb title_text=\u00bbstar-g929b781ae_1280&#8243; background_enable_image=\u00bbon\u00bb background_size=\u00bbcontain\u00bb background_repeat=\u00bbrepeat-x\u00bb sticky_enabled=\u00bb0&#8243;][\/et_pb_slide][\/et_pb_fullwidth_slider][\/et_pb_section][et_pb_section fb_built=\u00bb1&#8243; admin_label=\u00bbla empresa\u00bb _builder_version=\u00bb4.18.0&#8243; background_color=\u00bb#272727&#8243; custom_padding=\u00bb0px|||\u00bb animation_style=\u00bbslide\u00bb global_module=\u00bb388&#8243; global_colors_info=\u00bb{}\u00bb][et_pb_row _builder_version=\u00bb4.16&#8243; global_colors_info=\u00bb{}\u00bb][et_pb_column type=\u00bb4_4&#8243; _builder_version=\u00bb4.16&#8243; custom_padding=\u00bb|||\u00bb global_colors_info=\u00bb{}\u00bb custom_padding__hover=\u00bb|||\u00bb][et_pb_text _builder_version=\u00bb4.16&#8243; text_font=\u00bb||||||||\u00bb text_text_color=\u00bb#ffffff\u00bb text_font_size=\u00bb45px\u00bb header_font=\u00bb||||||||\u00bb header_text_align=\u00bbcenter\u00bb header_text_color=\u00bb#ffffff\u00bb header_font_size=\u00bb45px\u00bb global_colors_info=\u00bb{}\u00bb]<\/p>\n<h1><strong>EMPRESA<\/strong><\/h1>\n<p>[\/et_pb_text][\/et_pb_column][\/et_pb_row][et_pb_row column_structure=\u00bb1_3,1_3,1_3&#8243; _builder_version=\u00bb4.16&#8243; global_colors_info=\u00bb{}\u00bb][et_pb_column type=\u00bb1_3&#8243; _builder_version=\u00bb4.16&#8243; custom_padding=\u00bb|||\u00bb global_colors_info=\u00bb{}\u00bb custom_padding__hover=\u00bb|||\u00bb][et_pb_text _builder_version=\u00bb4.20.4&#8243; hover_enabled=\u00bb0&#8243; global_colors_info=\u00bb{}\u00bb sticky_enabled=\u00bb0&#8243;]<\/p>\n<p>Somos\u00a0una empresa de construcci\u00f3n y venta de materiales.\u00a0Esta empresa\u00a0fue fundada por Antonio Falla\u00a0y Encarni Mart\u00ednez\u00a0en el a\u00f1o 1.994, tras muchos\u00a0a\u00f1os\u00a0de experiencia en alba\u00f1iler\u00eda y fontaner\u00eda.\u00a0<\/p>\n<p>Contamos con una plantilla encargada de la atenci\u00f3n al cliente en los almacenes y oficinas y\u00a0un\u00a0grupo de profesionales especialistas en alba\u00f1iler\u00eda, fontaner\u00eda, transporte de material y gr\u00faa, calefacci\u00f3n y gas.\u00a0<\/p>\n<p>\u00a0La empresa, con una sala de ventas de unos\u00a01.000 metros cuadrados, responde a un modelo de comercio urbano de proximidad, con un amplio surtido en pavimentos, azulejos, muebles de ba\u00f1o, decoraci\u00f3n, sanitarios, material de fontaner\u00eda, materiales de construcci\u00f3n&#8230; de las mejores firmas del mercado.<\/p>\n<p><strong>Desde el inicio nos hemos distinguido por la continua superaci\u00f3n en calidad y atenci\u00f3n al cliente.<\/strong><\/p>\n<p><strong>En Construcciones y Materiales Falla Mart\u00ednez\u00a0disponemos de una exposici\u00f3n y venta de \u00fatimas novedades en todo tipo de productos\u00a0para la construcci\u00f3n como son\u00a0pavimentos porcel\u00e1nicos, gres, terrazos, azulejos, muebles de ba\u00f1o, sanitarios, muebles de dise\u00f1o, cabinas y columnas hidromasaje, saunas, grifer\u00edas, mamparas, juegos de accesorios, material para la fontaner\u00eda,\u00a0placas solares, &#8230;\u00a0<\/p>\n<p>Adem\u00e1s ofrecemos\u00a0servicios de alba\u00f1iler\u00eda,\u00a0fontaner\u00eda, calefacci\u00f3n y gas.<\/p>\n<p>Servicio de camiones, gr\u00faas, contenedores, cesta y bivalba.<\/p>\n<p>Ofrecemos servicio a domicilio de materiales.<\/p>\n<p>Y para su comodidad los pedidos podr\u00e1n ser realizados por tel\u00e9fono, fax y\/o correo electr\u00f3nico.<\/p>\n<p>Nos esforzamos para la satisfacci\u00f3n de nuestro cliente.<\/strong><\/p>\n<p>[\/et_pb_text][\/et_pb_column][et_pb_column type=\u00bb1_3&#8243; _builder_version=\u00bb4.16&#8243; custom_padding=\u00bb|||\u00bb global_colors_info=\u00bb{}\u00bb custom_padding__hover=\u00bb|||\u00bb][et_pb_image src=\u00bbhttp:\/\/www.grupodcc3000.com\/asociado\/fallamartinez\/wp-content\/uploads\/sites\/218\/2023\/07\/fachada.jpg\u00bb _builder_version=\u00bb4.20.4&#8243; _module_preset=\u00bbdefault\u00bb title_text=\u00bbfachada\u00bb hover_enabled=\u00bb0&#8243; sticky_enabled=\u00bb0&#8243;][\/et_pb_image][et_pb_image src=\u00bbhttp:\/\/www.grupodcc3000.com\/asociado\/fallamartinez\/wp-content\/uploads\/sites\/218\/2023\/07\/20140403085938-big-es-dscn5172-web.jpg\u00bb _builder_version=\u00bb4.20.4&#8243; _module_preset=\u00bbdefault\u00bb hover_enabled=\u00bb0&#8243; sticky_enabled=\u00bb0&#8243; title_text=\u00bb20140403085938-big-es-dscn5172-web\u00bb][\/et_pb_image][\/et_pb_column][et_pb_column _builder_version=\u00bb4.20.4&#8243; _module_preset=\u00bbdefault\u00bb type=\u00bb1_3&#8243;][et_pb_image src=\u00bbhttp:\/\/www.grupodcc3000.com\/asociado\/fallamartinez\/wp-content\/uploads\/sites\/218\/2023\/07\/LONA-CORPORATIVA-FALLA-MARTINEZ-scaled.jpg\u00bb _builder_version=\u00bb4.20.4&#8243; _module_preset=\u00bbdefault\u00bb title_text=\u00bbLONA CORPORATIVA FALLA MARTINEZ\u00bb hover_enabled=\u00bb0&#8243; sticky_enabled=\u00bb0&#8243;][\/et_pb_image][\/et_pb_column][\/et_pb_row][\/et_pb_section]<\/p>\n","protected":false},"excerpt":{"rendered":"<p>EMPRESASomos\u00a0una empresa de construcci\u00f3n y venta de materiales.\u00a0Esta empresa\u00a0fue fundada por Antonio Falla\u00a0y Encarni Mart\u00ednez\u00a0en el a\u00f1o 1.994, tras muchos\u00a0a\u00f1os\u00a0de experiencia en alba\u00f1iler\u00eda y fontaner\u00eda.\u00a0 Contamos con una plantilla encargada de la atenci\u00f3n al cliente en los almacenes y oficinas y\u00a0un\u00a0grupo de profesionales especialistas en alba\u00f1iler\u00eda, fontaner\u00eda, transporte de material y gr\u00faa, calefacci\u00f3n y gas.\u00a0 [&hellip;]<\/p>\n","protected":false},"author":4,"featured_media":0,"parent":0,"menu_order":0,"comment_status":"closed","ping_status":"closed","template":"","meta":{"_et_pb_use_builder":"on","_et_pb_old_content":"","_et_gb_content_width":"","footnotes":""},"class_list":["post-84","page","type-page","status-publish","hentry"],"_links":{"self":[{"href":"https:\/\/www.grupodcc3000.com\/asociado\/fallamartinez\/wp-json\/wp\/v2\/pages\/84","targetHints":{"allow":["GET"]}}],"collection":[{"href":"https:\/\/www.grupodcc3000.com\/asociado\/fallamartinez\/wp-json\/wp\/v2\/pages"}],"about":[{"href":"https:\/\/www.grupodcc3000.com\/asociado\/fallamartinez\/wp-json\/wp\/v2\/types\/page"}],"author":[{"embeddable":true,"href":"https:\/\/www.grupodcc3000.com\/asociado\/fallamartinez\/wp-json\/wp\/v2\/users\/4"}],"replies":[{"embeddable":true,"href":"https:\/\/www.grupodcc3000.com\/asociado\/fallamartinez\/wp-json\/wp\/v2\/comments?post=84"}],"version-history":[{"count":4,"href":"https:\/\/www.grupodcc3000.com\/asociado\/fallamartinez\/wp-json\/wp\/v2\/pages\/84\/revisions"}],"predecessor-version":[{"id":7114,"href":"https:\/\/www.grupodcc3000.com\/asociado\/fallamartinez\/wp-json\/wp\/v2\/pages\/84\/revisions\/7114"}],"wp:attachment":[{"href":"https:\/\/www.grupodcc3000.com\/asociado\/fallamartinez\/wp-json\/wp\/v2\/media?parent=84"}],"curies":[{"name":"wp","href":"https:\/\/api.w.org\/{rel}","templated":true}]}}