{"id":7082,"date":"2018-11-14T10:36:29","date_gmt":"2018-11-14T10:36:29","guid":{"rendered":"http:\/\/grupodcc3000.com\/miniwebs\/?page_id=84"},"modified":"2026-02-24T11:52:55","modified_gmt":"2026-02-24T10:52:55","slug":"la-empresa","status":"publish","type":"page","link":"https:\/\/www.grupodcc3000.com\/asociado\/gilabert\/la-empresa\/","title":{"rendered":"La empresa"},"content":{"rendered":"<p>[et_pb_section fb_built=\u00bb1&#8243; fullwidth=\u00bbon\u00bb _builder_version=\u00bb4.16&#8243; global_colors_info=\u00bb{}\u00bb][et_pb_fullwidth_slider admin_label=\u00bbFoto seccion empresa\u00bb module_id=\u00bbslider_cortado\u00bb module_class=\u00bbslider_cortado\u00bb _builder_version=\u00bb4.27.5&#8243; hover_enabled=\u00bb0&#8243; global_colors_info=\u00bb{}\u00bb sticky_enabled=\u00bb0&#8243;][et_pb_slide _builder_version=\u00bb4.27.5&#8243; background_image=\u00bbhttp:\/\/grupodcc3000.com\/asociado\/wp-content\/uploads\/2019\/03\/WhatsApp-Image-2018-11-09-at-11.54.19.jpeg\u00bb hover_enabled=\u00bb0&#8243; global_colors_info=\u00bb{}\u00bb sticky_transition=\u00bbon\u00bb background_color=\u00bbRGBA(255,255,255,0)\u00bb background_enable_color=\u00bbon\u00bb sticky_enabled=\u00bb0&#8243;][\/et_pb_slide][\/et_pb_fullwidth_slider][\/et_pb_section][et_pb_section fb_built=\u00bb1&#8243; admin_label=\u00bbla empresa\u00bb _builder_version=\u00bb4.18.0&#8243; background_color=\u00bb#272727&#8243; custom_padding=\u00bb0px|||\u00bb animation_style=\u00bbslide\u00bb global_module=\u00bb388&#8243; global_colors_info=\u00bb{}\u00bb][et_pb_row _builder_version=\u00bb4.16&#8243; global_colors_info=\u00bb{}\u00bb][et_pb_column type=\u00bb4_4&#8243; _builder_version=\u00bb4.16&#8243; custom_padding=\u00bb|||\u00bb global_colors_info=\u00bb{}\u00bb custom_padding__hover=\u00bb|||\u00bb][et_pb_text _builder_version=\u00bb4.16&#8243; text_font=\u00bb||||||||\u00bb text_text_color=\u00bb#ffffff\u00bb text_font_size=\u00bb45px\u00bb header_font=\u00bb||||||||\u00bb header_text_align=\u00bbcenter\u00bb header_text_color=\u00bb#ffffff\u00bb header_font_size=\u00bb45px\u00bb global_colors_info=\u00bb{}\u00bb]<\/p>\n<h1><strong>EMPRESA<\/strong><\/h1>\n<p>[\/et_pb_text][\/et_pb_column][\/et_pb_row][et_pb_row column_structure=\u00bb2_5,3_5&#8243; _builder_version=\u00bb4.16&#8243; global_colors_info=\u00bb{}\u00bb][et_pb_column type=\u00bb2_5&#8243; _builder_version=\u00bb4.16&#8243; custom_padding=\u00bb|||\u00bb global_colors_info=\u00bb{}\u00bb custom_padding__hover=\u00bb|||\u00bb][et_pb_text _builder_version=\u00bb4.27.5&#8243; hover_enabled=\u00bb0&#8243; global_colors_info=\u00bb{}\u00bb sticky_enabled=\u00bb0&#8243;]<\/p>\n<div class=\"et_pb_column et_pb_column_1_2 et_pb_column_6  et_pb_css_mix_blend_mode_passthrough\">\n<div class=\"et_pb_module et_pb_text et_pb_text_6  et_pb_text_align_justified et_pb_bg_layout_dark\">\n<div class=\"et_pb_text_inner\">\n<p><span>\u00abMateriales de construcci\u00f3n Gilabert Bernal es un empresa familiar con m\u00e1s de 50 a\u00f1os de experiencia en este sector, fue fundada por Jos\u00e9 Gilabert Pacheco. Queremos satisfacer a nuestros clientes con el compromiso ,Calidad, Buen precio y una amplia variedad de productos para su obra por lo que no dejamos de trabajar para mejorar nuestro servicio y ahora para facilitarle las compras nos embarcamos en las nuevas tecnolog\u00edas. como paginas web,tienda online o dise\u00f1os en 3D. En Materiales de Construcci\u00f3n Gilabert Bernal no solo materializamos tus sue\u00f1os, Le damos techo a tus ideas. Tambi\u00e9n disponemos de tienda fisica en calle villaluz n\u00ba 6 de Arroyo del Ojanco (Ja\u00e9n) donde nos podr\u00e1sn visitar\u00bb<\/span><\/p>\n<p><span style=\"color: #ffffff;\">40 a\u00f1os de experiencia en el sector\u2014atencion personalizada\u2014\u2013Gran exposicion de azulejos y muebles de ba\u00f1o.<\/span><\/p>\n<\/div>\n<\/div>\n<\/div>\n<p>[\/et_pb_text][\/et_pb_column][et_pb_column type=\u00bb3_5&#8243; _builder_version=\u00bb4.16&#8243; custom_padding=\u00bb|||\u00bb global_colors_info=\u00bb{}\u00bb custom_padding__hover=\u00bb|||\u00bb][et_pb_image src=\u00bbhttps:\/\/www.grupodcc3000.com\/asociado\/gilabert\/wp-content\/uploads\/sites\/14\/2025\/11\/Captura.png\u00bb _builder_version=\u00bb4.27.5&#8243; _module_preset=\u00bbdefault\u00bb title_text=\u00bbEntrada gilabert Bernal\u00bb hover_enabled=\u00bb0&#8243; sticky_enabled=\u00bb0&#8243;][\/et_pb_image][\/et_pb_column][\/et_pb_row][\/et_pb_section]<\/p>\n","protected":false},"excerpt":{"rendered":"<p>EMPRESA \u00abMateriales de construcci\u00f3n Gilabert Bernal es un empresa familiar con m\u00e1s de 50 a\u00f1os de experiencia en este sector, fue fundada por Jos\u00e9 Gilabert Pacheco. Queremos satisfacer a nuestros clientes con el compromiso ,Calidad, Buen precio y una amplia variedad de productos para su obra por lo que no dejamos de trabajar para mejorar [&hellip;]<\/p>\n","protected":false},"author":4,"featured_media":0,"parent":0,"menu_order":0,"comment_status":"closed","ping_status":"closed","template":"","meta":{"_et_pb_use_builder":"on","_et_pb_old_content":"","_et_gb_content_width":"","footnotes":""},"class_list":["post-7082","page","type-page","status-publish","hentry"],"yoast_head":"<!-- This site is optimized with the Yoast SEO plugin v27.1.1 - https:\/\/yoast.com\/product\/yoast-seo-wordpress\/ -->\n<title>La empresa - Materiales de Construcci\u00f3n Gilabert Bernal<\/title>\n<meta name=\"robots\" content=\"index, follow, max-snippet:-1, max-image-preview:large, max-video-preview:-1\" \/>\n<link rel=\"canonical\" href=\"https:\/\/www.grupodcc3000.com\/asociado\/gilabert\/la-empresa\/\" \/>\n<meta property=\"og:locale\" content=\"es_ES\" \/>\n<meta property=\"og:type\" content=\"article\" \/>\n<meta property=\"og:title\" content=\"La empresa - Materiales de Construcci\u00f3n Gilabert Bernal\" \/>\n<meta property=\"og:description\" content=\"EMPRESA \u00abMateriales de construcci\u00f3n Gilabert Bernal es un empresa familiar con m\u00e1s de 50 a\u00f1os de experiencia en este sector, fue fundada por Jos\u00e9 Gilabert Pacheco. Queremos satisfacer a nuestros clientes con el compromiso ,Calidad, Buen precio y una amplia variedad de productos para su obra por lo que no dejamos de trabajar para mejorar [&hellip;]\" \/>\n<meta property=\"og:url\" content=\"https:\/\/www.grupodcc3000.com\/asociado\/gilabert\/la-empresa\/\" \/>\n<meta property=\"og:site_name\" content=\"Materiales de Construcci\u00f3n Gilabert Bernal\" \/>\n<meta property=\"article:publisher\" content=\"https:\/\/www.facebook.com\/materialesgilabert\/\" \/>\n<meta property=\"article:modified_time\" content=\"2026-02-24T10:52:55+00:00\" \/>\n<meta name=\"twitter:card\" content=\"summary_large_image\" \/>\n<meta name=\"twitter:label1\" content=\"Tiempo de lectura\" \/>\n\t<meta name=\"twitter:data1\" content=\"2 minutos\" \/>\n<script type=\"application\/ld+json\" class=\"yoast-schema-graph\">{\"@context\":\"https:\/\/schema.org\",\"@graph\":[{\"@type\":\"WebPage\",\"@id\":\"https:\/\/www.grupodcc3000.com\/asociado\/gilabert\/la-empresa\/\",\"url\":\"https:\/\/www.grupodcc3000.com\/asociado\/gilabert\/la-empresa\/\",\"name\":\"La empresa - Materiales de Construcci\u00f3n Gilabert Bernal\",\"isPartOf\":{\"@id\":\"https:\/\/www.grupodcc3000.com\/asociado\/gilabert\/#website\"},\"datePublished\":\"2018-11-14T10:36:29+00:00\",\"dateModified\":\"2026-02-24T10:52:55+00:00\",\"breadcrumb\":{\"@id\":\"https:\/\/www.grupodcc3000.com\/asociado\/gilabert\/la-empresa\/#breadcrumb\"},\"inLanguage\":\"es\",\"potentialAction\":[{\"@type\":\"ReadAction\",\"target\":[\"https:\/\/www.grupodcc3000.com\/asociado\/gilabert\/la-empresa\/\"]}]},{\"@type\":\"BreadcrumbList\",\"@id\":\"https:\/\/www.grupodcc3000.com\/asociado\/gilabert\/la-empresa\/#breadcrumb\",\"itemListElement\":[{\"@type\":\"ListItem\",\"position\":1,\"name\":\"Portada\",\"item\":\"https:\/\/www.grupodcc3000.com\/asociado\/gilabert\/\"},{\"@type\":\"ListItem\",\"position\":2,\"name\":\"La empresa\"}]},{\"@type\":\"WebSite\",\"@id\":\"https:\/\/www.grupodcc3000.com\/asociado\/gilabert\/#website\",\"url\":\"https:\/\/www.grupodcc3000.com\/asociado\/gilabert\/\",\"name\":\"Materiales de Construcci\u00f3n Gilabert Bernal\",\"description\":\"Otro sitio m\u00e1s de Asociados GrupoDCC3000\",\"potentialAction\":[{\"@type\":\"SearchAction\",\"target\":{\"@type\":\"EntryPoint\",\"urlTemplate\":\"https:\/\/www.grupodcc3000.com\/asociado\/gilabert\/?s={search_term_string}\"},\"query-input\":{\"@type\":\"PropertyValueSpecification\",\"valueRequired\":true,\"valueName\":\"search_term_string\"}}],\"inLanguage\":\"es\"}]}<\/script>\n<!-- \/ Yoast SEO plugin. -->","yoast_head_json":{"title":"La empresa - Materiales de Construcci\u00f3n Gilabert Bernal","robots":{"index":"index","follow":"follow","max-snippet":"max-snippet:-1","max-image-preview":"max-image-preview:large","max-video-preview":"max-video-preview:-1"},"canonical":"https:\/\/www.grupodcc3000.com\/asociado\/gilabert\/la-empresa\/","og_locale":"es_ES","og_type":"article","og_title":"La empresa - Materiales de Construcci\u00f3n Gilabert Bernal","og_description":"EMPRESA \u00abMateriales de construcci\u00f3n Gilabert Bernal es un empresa familiar con m\u00e1s de 50 a\u00f1os de experiencia en este sector, fue fundada por Jos\u00e9 Gilabert Pacheco. Queremos satisfacer a nuestros clientes con el compromiso ,Calidad, Buen precio y una amplia variedad de productos para su obra por lo que no dejamos de trabajar para mejorar [&hellip;]","og_url":"https:\/\/www.grupodcc3000.com\/asociado\/gilabert\/la-empresa\/","og_site_name":"Materiales de Construcci\u00f3n Gilabert Bernal","article_publisher":"https:\/\/www.facebook.com\/materialesgilabert\/","article_modified_time":"2026-02-24T10:52:55+00:00","twitter_card":"summary_large_image","twitter_misc":{"Tiempo de lectura":"2 minutos"},"schema":{"@context":"https:\/\/schema.org","@graph":[{"@type":"WebPage","@id":"https:\/\/www.grupodcc3000.com\/asociado\/gilabert\/la-empresa\/","url":"https:\/\/www.grupodcc3000.com\/asociado\/gilabert\/la-empresa\/","name":"La empresa - Materiales de Construcci\u00f3n Gilabert Bernal","isPartOf":{"@id":"https:\/\/www.grupodcc3000.com\/asociado\/gilabert\/#website"},"datePublished":"2018-11-14T10:36:29+00:00","dateModified":"2026-02-24T10:52:55+00:00","breadcrumb":{"@id":"https:\/\/www.grupodcc3000.com\/asociado\/gilabert\/la-empresa\/#breadcrumb"},"inLanguage":"es","potentialAction":[{"@type":"ReadAction","target":["https:\/\/www.grupodcc3000.com\/asociado\/gilabert\/la-empresa\/"]}]},{"@type":"BreadcrumbList","@id":"https:\/\/www.grupodcc3000.com\/asociado\/gilabert\/la-empresa\/#breadcrumb","itemListElement":[{"@type":"ListItem","position":1,"name":"Portada","item":"https:\/\/www.grupodcc3000.com\/asociado\/gilabert\/"},{"@type":"ListItem","position":2,"name":"La empresa"}]},{"@type":"WebSite","@id":"https:\/\/www.grupodcc3000.com\/asociado\/gilabert\/#website","url":"https:\/\/www.grupodcc3000.com\/asociado\/gilabert\/","name":"Materiales de Construcci\u00f3n Gilabert Bernal","description":"Otro sitio m\u00e1s de Asociados GrupoDCC3000","potentialAction":[{"@type":"SearchAction","target":{"@type":"EntryPoint","urlTemplate":"https:\/\/www.grupodcc3000.com\/asociado\/gilabert\/?s={search_term_string}"},"query-input":{"@type":"PropertyValueSpecification","valueRequired":true,"valueName":"search_term_string"}}],"inLanguage":"es"}]}},"_links":{"self":[{"href":"https:\/\/www.grupodcc3000.com\/asociado\/gilabert\/wp-json\/wp\/v2\/pages\/7082","targetHints":{"allow":["GET"]}}],"collection":[{"href":"https:\/\/www.grupodcc3000.com\/asociado\/gilabert\/wp-json\/wp\/v2\/pages"}],"about":[{"href":"https:\/\/www.grupodcc3000.com\/asociado\/gilabert\/wp-json\/wp\/v2\/types\/page"}],"author":[{"embeddable":true,"href":"https:\/\/www.grupodcc3000.com\/asociado\/gilabert\/wp-json\/wp\/v2\/users\/4"}],"replies":[{"embeddable":true,"href":"https:\/\/www.grupodcc3000.com\/asociado\/gilabert\/wp-json\/wp\/v2\/comments?post=7082"}],"version-history":[{"count":1,"href":"https:\/\/www.grupodcc3000.com\/asociado\/gilabert\/wp-json\/wp\/v2\/pages\/7082\/revisions"}],"predecessor-version":[{"id":7237,"href":"https:\/\/www.grupodcc3000.com\/asociado\/gilabert\/wp-json\/wp\/v2\/pages\/7082\/revisions\/7237"}],"wp:attachment":[{"href":"https:\/\/www.grupodcc3000.com\/asociado\/gilabert\/wp-json\/wp\/v2\/media?parent=7082"}],"curies":[{"name":"wp","href":"https:\/\/api.w.org\/{rel}","templated":true}]}}