{"id":56,"date":"2018-11-06T12:50:46","date_gmt":"2018-11-06T12:50:46","guid":{"rendered":"http:\/\/dnscloud.es\/miniwebs\/?page_id=7"},"modified":"2022-02-23T16:06:36","modified_gmt":"2022-02-23T16:06:36","slug":"inicio","status":"publish","type":"page","link":"https:\/\/www.grupodcc3000.com\/asociado\/hermanosesquinas\/","title":{"rendered":"Inicio"},"content":{"rendered":"<p>[et_pb_section fb_built=\u00bb1&#8243; fullwidth=\u00bbon\u00bb _builder_version=\u00bb3.22&#8243; custom_padding=\u00bb0px|0px|0|0px|false|false\u00bb global_colors_info=\u00bb{}\u00bb][et_pb_fullwidth_slider show_pagination=\u00bboff\u00bb admin_label=\u00bbFotos Slider principal\u00bb _builder_version=\u00bb4.14.8&#8243; header_font=\u00bb|700|||||||\u00bb header_text_color=\u00bb#FFFFFF\u00bb header_font_size=\u00bb68px\u00bb header_line_height=\u00bb2.7em\u00bb body_font=\u00bb|700|||||||\u00bb auto=\u00bbon\u00bb auto_speed=\u00bb4500&#8243; hover_enabled=\u00bb0&#8243; custom_css_main_element=\u00bbheight: 60vh;\u00bb header_text_shadow_style=\u00bbpreset1&#8243; global_colors_info=\u00bb{}\u00bb sticky_enabled=\u00bb0&#8243;][et_pb_slide heading=\u00bbLA COCINA DE TUS SUE\u00d1OS\u00bb _builder_version=\u00bb4.14.7&#8243; header_font=\u00bb|700|||||||\u00bb header_font_size=\u00bb40px\u00bb header_letter_spacing=\u00bb0px\u00bb background_image=\u00bbhttps:\/\/www.grupodcc3000.com\/asociado\/hermanosesquinas\/wp-content\/uploads\/sites\/134\/2022\/02\/KAOS-SILVER-scaled.jpg\u00bb background_enable_image=\u00bbon\u00bb global_colors_info=\u00bb{}\u00bb sticky_transition=\u00bbon\u00bb]<\/p>\n<h3><strong><span style=\"color: #ffffff;\">V<span style=\"color: #f7f7f7;\">isita nuestra <\/span>exposici\u00f3n y te ense\u00f1aremos m\u00faltiples posibilidades.<\/span><\/strong><\/h3>\n<p>[\/et_pb_slide][et_pb_slide heading=\u00bbTU BA\u00d1O PERFECTO\u00bb _builder_version=\u00bb4.14.7&#8243; header_font=\u00bb|700|||||||\u00bb header_font_size=\u00bb40px\u00bb header_letter_spacing=\u00bb0px\u00bb background_image=\u00bbhttps:\/\/www.grupodcc3000.com\/asociado\/hermanosesquinas\/wp-content\/uploads\/sites\/134\/2022\/02\/ceramica-4-scaled.jpg\u00bb background_enable_image=\u00bbon\u00bb global_colors_info=\u00bb{}\u00bb sticky_transition=\u00bbon\u00bb]<\/p>\n<h3><span style=\"color: #ffffff;\"><strong>Le damos forma a los proyectos y hacemos realidad tus ideas.<\/strong><\/span><\/h3>\n<p>[\/et_pb_slide][et_pb_slide heading=\u00bbHERRAMIENTAS Y MATERIALES\u00bb _builder_version=\u00bb4.14.7&#8243; header_font=\u00bb|700|||||||\u00bb header_font_size=\u00bb40px\u00bb header_letter_spacing=\u00bb0px\u00bb background_image=\u00bbhttps:\/\/www.grupodcc3000.com\/asociado\/hermanosesquinas\/wp-content\/uploads\/sites\/134\/2022\/02\/bricolaje-3-scaled.jpg\u00bb background_enable_image=\u00bbon\u00bb global_colors_info=\u00bb{}\u00bb sticky_transition=\u00bbon\u00bb]<\/p>\n<h3><span style=\"color: #ffffff;\"><strong>Vis\u00edtanos y dise\u00f1amos tu espacio<\/strong><\/span><\/h3>\n<p>[\/et_pb_slide][et_pb_slide heading=\u00bbTODO PARA TU HOGAR IDEAL\u00bb _builder_version=\u00bb4.14.8&#8243; header_font=\u00bb|700|||||||\u00bb header_font_size=\u00bb40px\u00bb header_letter_spacing=\u00bb0px\u00bb background_image=\u00bbhttps:\/\/www.grupodcc3000.com\/asociado\/hermanosesquinas\/wp-content\/uploads\/sites\/134\/2022\/02\/AZULEJO-pasta-rojablanca-y-porcelanico-scaled.jpg\u00bb background_enable_image=\u00bbon\u00bb hover_enabled=\u00bb0&#8243; global_colors_info=\u00bb{}\u00bb sticky_transition=\u00bbon\u00bb sticky_enabled=\u00bb0&#8243;]<\/p>\n<h3><strong><span style=\"color: #ffffff;\">Visualiza las estancias privadas creadas a partir de tus necesidades<\/span><\/strong><\/h3>\n<p>[\/et_pb_slide][et_pb_slide heading=\u00bbCALIDAD Y ARMON\u00cdA EN UN MISMO ESPACIO\u00bb _builder_version=\u00bb4.14.7&#8243; header_font=\u00bb|700|||||||\u00bb header_font_size=\u00bb40px\u00bb header_letter_spacing=\u00bb0px\u00bb background_image=\u00bbhttps:\/\/www.grupodcc3000.com\/asociado\/hermanosesquinas\/wp-content\/uploads\/sites\/134\/2022\/02\/AMB-LUXURY-SILVER-scaled.jpg\u00bb background_enable_image=\u00bbon\u00bb global_colors_info=\u00bb{}\u00bb sticky_transition=\u00bbon\u00bb]<\/p>\n<h3><strong><span style=\"color: #ffffff;\">Un lugar de reuni\u00f3n especial creado con ilusi\u00f3n<\/span><\/strong><\/h3>\n<p>[\/et_pb_slide][et_pb_slide _builder_version=\u00bb4.14.7&#8243; header_font=\u00bb|700|||||||\u00bb header_font_size=\u00bb40px\u00bb header_letter_spacing=\u00bb0px\u00bb background_image=\u00bbhttps:\/\/www.grupodcc3000.com\/asociado\/hermanosesquinas\/wp-content\/uploads\/sites\/134\/2022\/02\/ADOBE-COTTO-3.jpg\u00bb background_enable_image=\u00bbon\u00bb global_colors_info=\u00bb{}\u00bb sticky_transition=\u00bbon\u00bb][\/et_pb_slide][\/et_pb_fullwidth_slider][\/et_pb_section][et_pb_section fb_built=\u00bb1&#8243; _builder_version=\u00bb3.18.5&#8243; custom_margin=\u00bb0px||\u00bb custom_padding=\u00bb0px||\u00bb global_module=\u00bb1135&#8243; global_colors_info=\u00bb{}\u00bb][et_pb_row _builder_version=\u00bb3.25&#8243; background_size=\u00bbinitial\u00bb background_position=\u00bbtop_left\u00bb background_repeat=\u00bbrepeat\u00bb custom_margin=\u00bb0px||\u00bb custom_padding=\u00bb0px||\u00bb global_colors_info=\u00bb{}\u00bb][et_pb_column type=\u00bb4_4&#8243; _builder_version=\u00bb3.25&#8243; custom_padding=\u00bb|||\u00bb global_colors_info=\u00bb{}\u00bb custom_padding__hover=\u00bb|||\u00bb][et_pb_text _builder_version=\u00bb4.4.4&#8243; header_text_align=\u00bbcenter\u00bb header_font_size=\u00bb45px\u00bb custom_margin=\u00bb0px|||\u00bb custom_padding=\u00bb0px|||\u00bb global_colors_info=\u00bb{}\u00bb]<\/p>\n<h1><strong>PROMOCIONES<\/strong><\/h1>\n<p>[\/et_pb_text][\/et_pb_column][\/et_pb_row][et_pb_row _builder_version=\u00bb4.4.4&#8243; background_size=\u00bbinitial\u00bb background_position=\u00bbtop_left\u00bb background_repeat=\u00bbrepeat\u00bb global_colors_info=\u00bb{}\u00bb][et_pb_column type=\u00bb4_4&#8243; _builder_version=\u00bb3.25&#8243; custom_padding=\u00bb|||\u00bb global_colors_info=\u00bb{}\u00bb custom_padding__hover=\u00bb|||\u00bb][et_pb_text _builder_version=\u00bb3.27.4&#8243; global_colors_info=\u00bb{}\u00bb]<\/p>\n<link href='https:\/\/www.grupodcc3000.com\/asociado\/bootstrap.css' rel='stylesheet' type='text\/css'><style>.imgCirculo { border-radius: 50% 50% 50% 50%; -moz-border-radius: 50% 50% 50% 50%; -webkit-border-radius: 50% 50% 50% 50%; border: 8px solid #e2e2e2;}\r\n\t             p, h2 { color: #666;}<\/style>\n<p>[\/et_pb_text][\/et_pb_column][\/et_pb_row][\/et_pb_section][et_pb_section fb_built=\u00bb1&#8243; _builder_version=\u00bb3.18.5&#8243; custom_margin=\u00bb0px||0px\u00bb custom_padding=\u00bb0px||0px\u00bb animation_style=\u00bbslide\u00bb global_module=\u00bb524&#8243; saved_tabs=\u00bball\u00bb global_colors_info=\u00bb{}\u00bb][et_pb_row _builder_version=\u00bb3.25&#8243; custom_margin=\u00bb0px||0px\u00bb custom_padding=\u00bb0px||0px\u00bb global_colors_info=\u00bb{}\u00bb][et_pb_column type=\u00bb4_4&#8243; _builder_version=\u00bb3.25&#8243; custom_padding=\u00bb|||\u00bb global_colors_info=\u00bb{}\u00bb custom_padding__hover=\u00bb|||\u00bb][et_pb_text _builder_version=\u00bb3.27.4&#8243; header_text_align=\u00bbcenter\u00bb header_font_size=\u00bb45px\u00bb custom_margin=\u00bb||0px\u00bb custom_padding=\u00bb||0px\u00bb global_colors_info=\u00bb{}\u00bb]<\/p>\n<h1><strong>SERVICIOS<\/strong><\/h1>\n<p>[\/et_pb_text][\/et_pb_column][\/et_pb_row][et_pb_row _builder_version=\u00bb3.25&#8243; background_color=\u00bb#ffffff\u00bb custom_margin=\u00bb0px||\u00bb custom_padding=\u00bb25px||85px||false|false\u00bb global_colors_info=\u00bb{}\u00bb][et_pb_column type=\u00bb4_4&#8243; _builder_version=\u00bb3.25&#8243; custom_padding=\u00bb|||\u00bb global_colors_info=\u00bb{}\u00bb custom_padding__hover=\u00bb|||\u00bb][et_pb_text _builder_version=\u00bb3.27.4&#8243; global_colors_info=\u00bb{}\u00bb]<\/p>\n<p>\u00a0<\/p>\n<link href='https:\/\/grupodcc3000.com\/asociado\/bootstrap.css' rel='stylesheet' type='text\/css'><style>.imgCirculo { border-radius: 50% 50% 50% 50%; -moz-border-radius: 50% 50% 50% 50%; -webkit-border-radius: 50% 50% 50% 50%; border: 8px solid #e2e2e2;}\r\n\t             p, h2 { color: #666;}<\/style>\n<p>\u00a0<\/p>\n<p>[\/et_pb_text][\/et_pb_column][\/et_pb_row][\/et_pb_section][et_pb_section fb_built=\u00bb1&#8243; _builder_version=\u00bb3.22&#8243; global_colors_info=\u00bb{}\u00bb][et_pb_row _builder_version=\u00bb3.25&#8243; global_colors_info=\u00bb{}\u00bb][et_pb_column type=\u00bb4_4&#8243; _builder_version=\u00bb3.25&#8243; custom_padding=\u00bb|||\u00bb global_colors_info=\u00bb{}\u00bb custom_padding__hover=\u00bb|||\u00bb][\/et_pb_column][\/et_pb_row][\/et_pb_section][et_pb_section fb_built=\u00bb1&#8243; _builder_version=\u00bb3.17.6&#8243; background_color=\u00bb#272727&#8243; custom_padding=\u00bb0px|||\u00bb animation_style=\u00bbslide\u00bb global_module=\u00bb388&#8243; global_colors_info=\u00bb{}\u00bb][et_pb_row _builder_version=\u00bb3.25&#8243; global_colors_info=\u00bb{}\u00bb][et_pb_column type=\u00bb4_4&#8243; _builder_version=\u00bb3.25&#8243; custom_padding=\u00bb|||\u00bb global_colors_info=\u00bb{}\u00bb custom_padding__hover=\u00bb|||\u00bb][et_pb_text _builder_version=\u00bb3.27.4&#8243; text_font=\u00bb||||||||\u00bb text_text_color=\u00bb#ffffff\u00bb text_font_size=\u00bb45px\u00bb header_font=\u00bb||||||||\u00bb header_text_align=\u00bbcenter\u00bb header_text_color=\u00bb#ffffff\u00bb header_font_size=\u00bb45px\u00bb global_colors_info=\u00bb{}\u00bb]<\/p>\n<h1><strong>EMPRESA<\/strong><\/h1>\n<p>[\/et_pb_text][\/et_pb_column][\/et_pb_row][et_pb_row _builder_version=\u00bb3.25&#8243; global_colors_info=\u00bb{}\u00bb column_structure=\u00bb2_5,3_5&#8243;][et_pb_column type=\u00bb2_5&#8243; _builder_version=\u00bb3.25&#8243; custom_padding=\u00bb|||\u00bb global_colors_info=\u00bb{}\u00bb custom_padding__hover=\u00bb|||\u00bb][et_pb_text _builder_version=\u00bb3.27.4&#8243; global_colors_info=\u00bb{}\u00bb]Comercio al por mayor de materiales de construcci\u00f3n, vidrio y art\u00edculos de instalaci\u00f3n[\/et_pb_text][\/et_pb_column][et_pb_column type=\u00bb3_5&#8243; _builder_version=\u00bb3.25&#8243; custom_padding=\u00bb|||\u00bb global_colors_info=\u00bb{}\u00bb custom_padding__hover=\u00bb|||\u00bb][\/et_pb_column][\/et_pb_row][\/et_pb_section][et_pb_section fb_built=\u00bb1&#8243; _builder_version=\u00bb4.4.4&#8243; custom_margin=\u00bb||0px||false|false\u00bb custom_padding=\u00bb0px||0px||false|false\u00bb animation_style=\u00bbslide\u00bb global_colors_info=\u00bb{}\u00bb][et_pb_row _builder_version=\u00bb3.25&#8243; background_size=\u00bbinitial\u00bb background_position=\u00bbtop_left\u00bb background_repeat=\u00bbrepeat\u00bb global_colors_info=\u00bb{}\u00bb][et_pb_column type=\u00bb4_4&#8243; _builder_version=\u00bb3.25&#8243; custom_padding=\u00bb|||\u00bb global_colors_info=\u00bb{}\u00bb custom_padding__hover=\u00bb|||\u00bb][et_pb_text admin_label=\u00bbProveedores\u00bb _builder_version=\u00bb3.27.4&#8243; global_colors_info=\u00bb{}\u00bb]<\/p>\n<h1 style=\"text-align: center\"><strong>NUESTROS PROVEEDORES<\/strong><\/h1>\n<p style=\"text-align: center\">Algunos de nuestros proveedores principales.<\/p>\n<p>[\/et_pb_text][et_pb_text _builder_version=\u00bb3.27.4&#8243; global_colors_info=\u00bb{}\u00bb]<\/p>\n<p>\n<center><\/center>[\/et_pb_text][\/et_pb_column][\/et_pb_row][\/et_pb_section][et_pb_section fb_built=\u00bb1&#8243; _builder_version=\u00bb4.4.4&#8243; global_module=\u00bb2613&#8243; saved_tabs=\u00bball\u00bb global_colors_info=\u00bb{}\u00bb][et_pb_row _builder_version=\u00bb4.4.4&#8243; global_colors_info=\u00bb{}\u00bb][et_pb_column type=\u00bb4_4&#8243; _builder_version=\u00bb4.4.4&#8243; global_colors_info=\u00bb{}\u00bb][et_pb_text _builder_version=\u00bb4.4.4&#8243; text_font_size=\u00bb18px\u00bb background_color=\u00bb#cccccc\u00bb global_colors_info=\u00bb{}\u00bb]<\/p>\n<p style=\"text-align: center\"><strong>OTROS PROVEEDORES<\/strong><\/p>\n<p>[\/et_pb_text][\/et_pb_column][\/et_pb_row][et_pb_row column_structure=\u00bb1_6,1_6,1_6,1_6,1_6,1_6&#8243; _builder_version=\u00bb4.4.4&#8243; global_colors_info=\u00bb{}\u00bb][et_pb_column type=\u00bb1_6&#8243; _builder_version=\u00bb4.4.4&#8243; global_colors_info=\u00bb{}\u00bb][\/et_pb_column][et_pb_column type=\u00bb1_6&#8243; _builder_version=\u00bb4.4.4&#8243; global_colors_info=\u00bb{}\u00bb][\/et_pb_column][et_pb_column type=\u00bb1_6&#8243; _builder_version=\u00bb4.4.4&#8243; global_colors_info=\u00bb{}\u00bb][\/et_pb_column][et_pb_column type=\u00bb1_6&#8243; _builder_version=\u00bb4.4.4&#8243; global_colors_info=\u00bb{}\u00bb][\/et_pb_column][et_pb_column type=\u00bb1_6&#8243; _builder_version=\u00bb4.4.4&#8243; global_colors_info=\u00bb{}\u00bb][\/et_pb_column][et_pb_column type=\u00bb1_6&#8243; _builder_version=\u00bb4.4.4&#8243; global_colors_info=\u00bb{}\u00bb][\/et_pb_column][\/et_pb_row][\/et_pb_section][et_pb_section fb_built=\u00bb1&#8243; _builder_version=\u00bb3.22&#8243; background_color=\u00bbrgba(0,0,0,0.17)\u00bb custom_padding=\u00bb0px|||\u00bb animation_style=\u00bbslide\u00bb global_colors_info=\u00bb{}\u00bb][et_pb_row _builder_version=\u00bb3.17.6&#8243; global_module=\u00bb185&#8243; global_colors_info=\u00bb{}\u00bb][et_pb_column type=\u00bb4_4&#8243; _builder_version=\u00bb3.25&#8243; custom_padding=\u00bb|||\u00bb global_colors_info=\u00bb{}\u00bb custom_padding__hover=\u00bb|||\u00bb][et_pb_text admin_label=\u00bbContacto\u00bb _builder_version=\u00bb3.27.4&#8243; text_font_size=\u00bb20px\u00bb header_font_size=\u00bb45px\u00bb text_orientation=\u00bbcenter\u00bb global_colors_info=\u00bb{}\u00bb]<\/p>\n<h1><strong>CONTACTA CON NOSOTROS<\/strong><\/h1>\n<p>[\/et_pb_text][et_pb_text _builder_version=\u00bb4.6.5&#8243; text_font_size=\u00bb20px\u00bb text_line_height=\u00bb2em\u00bb global_colors_info=\u00bb{}\u00bb]<\/p>\n<p style=\"text-align: center;\">C\/ CAMINO MONTERRUBIO, 1, <br \/> 14208, LOS BLAZQUEZ, CORDOBA<br \/> 957578193<br \/> www.grupodcc3000.com<\/p>\n<p style=\"text-align: center;\"><div id=\"wpgmza_map\" class=\"wpgmza_map\" data-settings='{\"id\":\"1\",\"map_title\":\"New Map\",\"map_width\":\"100\",\"map_height\":\"400\",\"map_start_lat\":\"38.408359\",\"map_start_lng\":\"-5.437825\",\"map_start_location\":\"38.4083588,-5.4378253\",\"map_start_zoom\":\"16\",\"default_marker\":\"0\",\"type\":\"1\",\"alignment\":\"1\",\"directions_enabled\":\"0\",\"styling_enabled\":\"0\",\"styling_json\":\"\",\"active\":\"0\",\"kml\":\"\",\"bicycle\":\"0\",\"traffic\":\"0\",\"dbox\":\"0\",\"dbox_width\":\"100\",\"listmarkers\":\"0\",\"listmarkers_advanced\":\"0\",\"filterbycat\":\"0\",\"ugm_enabled\":\"0\",\"ugm_category_enabled\":\"0\",\"fusion\":\"\",\"map_width_type\":\"\\\\%\",\"map_height_type\":\"px\",\"mass_marker_support\":\"0\",\"ugm_access\":\"0\",\"order_markers_by\":\"1\",\"order_markers_choice\":\"2\",\"show_user_location\":\"2\",\"default_to\":\"\",\"other_settings\":{\"store_locator_style\":\"legacy\",\"wpgmza_store_locator_radius_style\":\"legacy\",\"directions_box_style\":\"modern\",\"map_max_zoom\":\"3\",\"map_min_zoom\":\"21\",\"sl_stroke_color\":\"\",\"sl_stroke_opacity\":\"\",\"sl_fill_color\":\"\",\"sl_fill_opacity\":\"\",\"automatically_pan_to_users_location\":0,\"override_users_location_zoom_level\":0,\"click_open_link\":2,\"hide_point_of_interest\":false,\"wpgmza_auto_night\":0,\"transport_layer\":0,\"iw_primary_color\":\"2A3744\",\"iw_accent_color\":\"252F3A\",\"iw_text_color\":\"FFFFFF\",\"wpgmza_iw_type\":\"0\",\"list_markers_by\":\"0\",\"push_in_map\":\"\",\"push_in_map_placement\":\"9\",\"wpgmza_push_in_map_width\":\"\",\"wpgmza_push_in_map_height\":\"\",\"upload_default_ul_marker\":\"\",\"upload_default_sl_marker\":\"\",\"shortcodeAttributes\":{\"id\":\"1\"}}}' data-map-id='1' Data-maps-engine='open-layers' data-shortcode-attributes='{\"id\":\"1\"}' style=\"display:block; overflow:auto; width:100%; height:400px; float:left;\"><\/div><\/p>\n<p>[\/et_pb_text][\/et_pb_column][\/et_pb_row][\/et_pb_section]<\/p>\n","protected":false},"excerpt":{"rendered":"<p>Visita nuestra exposici\u00f3n y te ense\u00f1aremos m\u00faltiples posibilidades.Le damos forma a los proyectos y hacemos realidad tus ideas.Vis\u00edtanos y dise\u00f1amos tu espacioVisualiza las estancias privadas creadas a partir de tus necesidadesUn lugar de reuni\u00f3n especial creado con ilusi\u00f3nPROMOCIONES <link href='https:\/\/www.grupodcc3000.com\/asociado\/bootstrap.css' rel='stylesheet' type='text\/css'><style>.imgCirculo { border-radius: 50% 50% 50% 50%; -moz-border-radius: 50% 50% 50% 50%; -webkit-border-radius: 50% 50% 50% 50%; border: 8px solid #e2e2e2;}\r\n\t             p, h2 { color: #666;}<\/style>SERVICIOS\u00a0 <link href='https:\/\/grupodcc3000.com\/asociado\/bootstrap.css' rel='stylesheet' type='text\/css'><style>.imgCirculo { border-radius: 50% 50% 50% 50%; -moz-border-radius: 50% 50% 50% 50%; -webkit-border-radius: 50% 50% 50% 50%; border: 8px solid #e2e2e2;}\r\n\t             p, h2 { color: #666;}<\/style> \u00a0EMPRESAComercio al por mayor de materiales de construcci\u00f3n, vidrio y art\u00edculos de instalaci\u00f3nNUESTROS [&hellip;]<\/p>\n","protected":false},"author":4,"featured_media":0,"parent":0,"menu_order":0,"comment_status":"closed","ping_status":"closed","template":"","meta":{"_et_pb_use_builder":"on","_et_pb_old_content":"","_et_gb_content_width":"","footnotes":""},"class_list":["post-56","page","type-page","status-publish","hentry"],"_links":{"self":[{"href":"https:\/\/www.grupodcc3000.com\/asociado\/hermanosesquinas\/wp-json\/wp\/v2\/pages\/56","targetHints":{"allow":["GET"]}}],"collection":[{"href":"https:\/\/www.grupodcc3000.com\/asociado\/hermanosesquinas\/wp-json\/wp\/v2\/pages"}],"about":[{"href":"https:\/\/www.grupodcc3000.com\/asociado\/hermanosesquinas\/wp-json\/wp\/v2\/types\/page"}],"author":[{"embeddable":true,"href":"https:\/\/www.grupodcc3000.com\/asociado\/hermanosesquinas\/wp-json\/wp\/v2\/users\/4"}],"replies":[{"embeddable":true,"href":"https:\/\/www.grupodcc3000.com\/asociado\/hermanosesquinas\/wp-json\/wp\/v2\/comments?post=56"}],"version-history":[{"count":2,"href":"https:\/\/www.grupodcc3000.com\/asociado\/hermanosesquinas\/wp-json\/wp\/v2\/pages\/56\/revisions"}],"predecessor-version":[{"id":3567,"href":"https:\/\/www.grupodcc3000.com\/asociado\/hermanosesquinas\/wp-json\/wp\/v2\/pages\/56\/revisions\/3567"}],"wp:attachment":[{"href":"https:\/\/www.grupodcc3000.com\/asociado\/hermanosesquinas\/wp-json\/wp\/v2\/media?parent=56"}],"curies":[{"name":"wp","href":"https:\/\/api.w.org\/{rel}","templated":true}]}}