{"id":56,"date":"2018-11-06T12:50:46","date_gmt":"2018-11-06T12:50:46","guid":{"rendered":"http:\/\/dnscloud.es\/miniwebs\/?page_id=7"},"modified":"2025-05-09T12:50:23","modified_gmt":"2025-05-09T10:50:23","slug":"inicio","status":"publish","type":"page","link":"https:\/\/www.grupodcc3000.com\/asociado\/hermanosmoron\/","title":{"rendered":"Inicio"},"content":{"rendered":"<p>[et_pb_section fb_built=\u00bb1&#8243; fullwidth=\u00bbon\u00bb _builder_version=\u00bb4.19.0&#8243; _module_preset=\u00bbdefault\u00bb global_colors_info=\u00bb{}\u00bb][et_pb_fullwidth_slider show_content_on_mobile=\u00bboff\u00bb show_cta_on_mobile=\u00bboff\u00bb admin_label=\u00bbslider junio 22&#8243; _builder_version=\u00bb4.27.4&#8243; _module_preset=\u00bbdefault\u00bb header_font_size=\u00bb48px\u00bb animation_style=\u00bbfade\u00bb auto=\u00bbon\u00bb auto_speed=\u00bb10000&#8243; header_text_shadow_style=\u00bbpreset2&#8243; global_colors_info=\u00bb{}\u00bb][et_pb_slide admin_title=\u00bbv\u00eddeo corporativo \u00bb _builder_version=\u00bb4.19.4&#8243; _module_preset=\u00bbdefault\u00bb background_color=\u00bbRGBA(255,255,255,0)\u00bb background_enable_color=\u00bbon\u00bb background_video_mp4=\u00bbhttps:\/\/www.grupodcc3000.com\/asociado\/hermanosmoron\/wp-content\/uploads\/sites\/217\/2023\/01\/CARTELERIA-DIGITAL-GRUPO-CC-3000_1.mp4&#8243; background_enable_video_mp4=\u00bbon\u00bb global_colors_info=\u00bb{}\u00bb sticky_transition=\u00bbon\u00bb][\/et_pb_slide][et_pb_slide heading=\u00bbTENEMOS TODO PARA TU HOGAR\u00bb use_text_overlay=\u00bbon\u00bb _builder_version=\u00bb4.19.4&#8243; _module_preset=\u00bbdefault\u00bb header_font=\u00bbAlata|700|||||||\u00bb header_text_color=\u00bb#e5e5e5&#8243; header_font_size=\u00bb40px\u00bb body_font=\u00bb|700|||||||\u00bb body_text_color=\u00bb#FFFFFF\u00bb body_font_size=\u00bb22px\u00bb background_color=\u00bbRGBA(255,255,255,0)\u00bb background_enable_color=\u00bbon\u00bb background_video_mp4=\u00bbhttps:\/\/www.grupodcc3000.com\/asociado\/hermanosmoron\/wp-content\/uploads\/sites\/217\/2023\/01\/ambientes-3D-.mp4&#8243; background_enable_video_mp4=\u00bbon\u00bb body_text_shadow_style=\u00bbpreset3&#8243; body_text_shadow_color=\u00bb#000000&#8243; global_colors_info=\u00bb{}\u00bb sticky_transition=\u00bbon\u00bb]<\/p>\n<p><span style=\"color: #ffffff\">Visualiza las estancias privadas creadas en <strong>realidad virtual &#8211; 3D<\/strong><\/span><\/p>\n<p>[\/et_pb_slide][et_pb_slide heading=\u00bbINSPIRATE EN NUESTRA EXPOSICION\u00bb _builder_version=\u00bb4.19.4&#8243; _module_preset=\u00bbdefault\u00bb header_font=\u00bbAlata|700|||||||\u00bb header_text_align=\u00bbcenter\u00bb header_font_size=\u00bb50px\u00bb body_font=\u00bbAlata||||||||\u00bb body_font_size=\u00bb31px\u00bb background_enable_color=\u00bboff\u00bb background_image=\u00bbhttps:\/\/www.grupodcc3000.com\/asociado\/hermanosmoron\/wp-content\/uploads\/sites\/217\/2022\/06\/cocina-ensueno-1.jpg\u00bb background_enable_image=\u00bbon\u00bb header_text_shadow_style=\u00bbpreset2&#8243; body_text_shadow_style=\u00bbpreset3&#8243; body_text_shadow_horizontal_length=\u00bb-0.06em\u00bb body_text_shadow_blur_strength=\u00bb0.67em\u00bb body_text_shadow_color=\u00bb#EDF000&#8243; global_colors_info=\u00bb{}\u00bb sticky_transition=\u00bbon\u00bb]<\/p>\n<p><span style=\"color: #ffffff\">con los mejores fabricantes del mercado<\/span><\/p>\n<p>[\/et_pb_slide][et_pb_slide heading=\u00bbHACEMOS REALIDAD TU SUE\u00d1O\u00bb _builder_version=\u00bb4.19.4&#8243; _module_preset=\u00bbdefault\u00bb header_font=\u00bbAlata|700|||||||\u00bb header_text_align=\u00bbcenter\u00bb header_text_color=\u00bb#FFFFFF\u00bb header_font_size=\u00bb49px\u00bb body_font=\u00bbAlata||||||||\u00bb body_text_align=\u00bbcenter\u00bb body_text_color=\u00bb#FFFFFF\u00bb body_font_size=\u00bb26px\u00bb background_enable_color=\u00bboff\u00bb background_video_mp4=\u00bbhttps:\/\/www.grupodcc3000.com\/asociado\/hermanosmoron\/wp-content\/uploads\/sites\/217\/2022\/07\/bano.mp4&#8243; background_enable_video_mp4=\u00bbon\u00bb header_text_shadow_style=\u00bbpreset2&#8243; header_text_shadow_horizontal_length=\u00bb0.06em\u00bb header_text_shadow_color=\u00bbrgba(0,0,0,0.64)\u00bb body_text_shadow_style=\u00bbpreset3&#8243; body_text_shadow_color=\u00bbrgba(188,83,18,0.61)\u00bb global_colors_info=\u00bb{}\u00bb sticky_transition=\u00bbon\u00bb]<\/p>\n<p><span style=\"color: #ffffff\">visita nuestra exposici\u00f3n<\/span><\/p>\n<p>[\/et_pb_slide][et_pb_slide heading=\u00bbJUNTOS PODEMOS CREAR\u00bb _builder_version=\u00bb4.19.4&#8243; _module_preset=\u00bbdefault\u00bb header_font=\u00bbAlata|700|||||||\u00bb header_text_align=\u00bbcenter\u00bb header_text_color=\u00bb#FFFFFF\u00bb body_font=\u00bbAlata||||||||\u00bb body_text_color=\u00bb#FFFFFF\u00bb body_font_size=\u00bb30px\u00bb background_enable_color=\u00bboff\u00bb background_video_mp4=\u00bbhttps:\/\/www.grupodcc3000.com\/asociado\/hermanosmoron\/wp-content\/uploads\/sites\/217\/2022\/06\/grupo-dcc-3000-slider-2.mp4&#8243; background_enable_video_mp4=\u00bbon\u00bb header_text_shadow_style=\u00bbpreset2&#8243; body_text_shadow_style=\u00bbpreset3&#8243; body_text_shadow_color=\u00bbrgba(79,75,0,0.4)\u00bb global_colors_info=\u00bb{}\u00bb sticky_transition=\u00bbon\u00bb]<\/p>\n<p><span style=\"color: #ffffff\">EL HOGAR QUE SIEMPRE HAS SO\u00d1ADO<\/span><\/p>\n<p>[\/et_pb_slide][et_pb_slide heading=\u00bbTODO TIPO DE CERAMICA\u00bb _builder_version=\u00bb4.19.4&#8243; _module_preset=\u00bbdefault\u00bb header_font=\u00bbAlata|700|||||||\u00bb header_text_align=\u00bbcenter\u00bb header_text_color=\u00bb#FFFFFF\u00bb body_font=\u00bbAlata||||||||\u00bb body_text_color=\u00bb#0C71C3&#8243; body_font_size=\u00bb26px\u00bb background_enable_color=\u00bboff\u00bb background_enable_image=\u00bboff\u00bb background_video_mp4=\u00bbhttps:\/\/www.grupodcc3000.com\/asociado\/hermanosmoron\/wp-content\/uploads\/sites\/217\/2022\/06\/grupo-dcc-3000-slider-7.mp4&#8243; background_enable_video_mp4=\u00bbon\u00bb header_text_shadow_style=\u00bbpreset2&#8243; body_text_shadow_style=\u00bbpreset3&#8243; body_text_shadow_color=\u00bb#0C71C3&#8243; global_colors_info=\u00bb{}\u00bb sticky_transition=\u00bbon\u00bb]<\/p>\n<p><span style=\"color: #ffffff\">siempre adanp\u00e1ndonos a tus necesidades<\/span><\/p>\n<p>[\/et_pb_slide][et_pb_slide heading=\u00bbJUNTOS PODEMOS CREAR TU RINCON\u00bb _builder_version=\u00bb4.19.4&#8243; _module_preset=\u00bbdefault\u00bb header_font=\u00bbAlata||||||||\u00bb header_text_align=\u00bbcenter\u00bb header_text_color=\u00bb#FFFFFF\u00bb background_enable_color=\u00bboff\u00bb background_image=\u00bbhttps:\/\/www.grupodcc3000.com\/asociado\/hermanosmoron\/wp-content\/uploads\/sites\/217\/2022\/06\/ADOBE-COTTO-3.jpg\u00bb background_enable_image=\u00bbon\u00bb header_text_shadow_style=\u00bbpreset3&#8243; header_text_shadow_color=\u00bb#724a11&#8243; global_colors_info=\u00bb{}\u00bb sticky_transition=\u00bbon\u00bb][\/et_pb_slide][et_pb_slide heading=\u00bbLA MEJOR CALIDAD A TU ALCANCE\u00bb _builder_version=\u00bb4.19.4&#8243; _module_preset=\u00bbdefault\u00bb header_font=\u00bbAlata|700|||||||\u00bb header_text_align=\u00bbcenter\u00bb header_text_color=\u00bb#FFFFFF\u00bb background_enable_color=\u00bboff\u00bb background_video_mp4=\u00bbhttps:\/\/www.grupodcc3000.com\/asociado\/hermanosmoron\/wp-content\/uploads\/sites\/217\/2022\/06\/grupo-dcc-3000-slider-1.mp4&#8243; background_enable_video_mp4=\u00bbon\u00bb global_colors_info=\u00bb{}\u00bb sticky_transition=\u00bbon\u00bb][\/et_pb_slide][et_pb_slide heading=\u00bbHERRAMIENTAS Y MATERIALES\u00bb _builder_version=\u00bb4.19.4&#8243; _module_preset=\u00bbdefault\u00bb header_font=\u00bbAlatsi||||||||\u00bb header_text_align=\u00bbcenter\u00bb header_text_color=\u00bb#FFFFFF\u00bb body_font=\u00bbAlata||on||||||\u00bb body_text_align=\u00bbcenter\u00bb body_font_size=\u00bb24px\u00bb background_enable_color=\u00bboff\u00bb background_image=\u00bbhttps:\/\/www.grupodcc3000.com\/asociado\/hermanosmoron\/wp-content\/uploads\/sites\/217\/2022\/06\/bricolaje-2-e1675071561959.jpg\u00bb background_enable_image=\u00bbon\u00bb header_text_shadow_style=\u00bbpreset2&#8243; header_text_shadow_horizontal_length=\u00bb0.06em\u00bb body_text_shadow_style=\u00bbpreset3&#8243; body_text_shadow_horizontal_length=\u00bb-0.07em\u00bb body_text_shadow_vertical_length=\u00bb-0.06em\u00bb body_text_shadow_blur_strength=\u00bb0em\u00bb body_text_shadow_color=\u00bbrgba(145,84,0,0.4)\u00bb global_colors_info=\u00bb{}\u00bb sticky_transition=\u00bbon\u00bb]<\/p>\n<p><span style=\"color: #ffffff\">visitanos para dise\u00f1ar tu hogar ideal<\/span><\/p>\n<p>[\/et_pb_slide][et_pb_slide heading=\u00bbTODO EN MATERIALES \u00bb _builder_version=\u00bb4.19.4&#8243; _module_preset=\u00bbdefault\u00bb header_font=\u00bbAlatsi||||||||\u00bb header_text_align=\u00bbcenter\u00bb header_text_color=\u00bb#FFFFFF\u00bb body_font=\u00bbAlata||on||||||\u00bb body_text_align=\u00bbcenter\u00bb body_font_size=\u00bb24px\u00bb background_color=\u00bbRGBA(255,255,255,0)\u00bb background_enable_color=\u00bbon\u00bb background_enable_image=\u00bboff\u00bb background_video_mp4=\u00bbhttps:\/\/www.grupodcc3000.com\/asociado\/hermanosmoron\/wp-content\/uploads\/sites\/217\/2022\/06\/grupo-dcc-3000-slider-4.mp4&#8243; background_enable_video_mp4=\u00bbon\u00bb header_text_shadow_style=\u00bbpreset2&#8243; header_text_shadow_horizontal_length=\u00bb0.06em\u00bb body_text_shadow_style=\u00bbpreset3&#8243; body_text_shadow_horizontal_length=\u00bb-0.07em\u00bb body_text_shadow_vertical_length=\u00bb-0.06em\u00bb body_text_shadow_blur_strength=\u00bb0em\u00bb body_text_shadow_color=\u00bbrgba(145,84,0,0.4)\u00bb global_colors_info=\u00bb{}\u00bb sticky_transition=\u00bbon\u00bb]<\/p>\n<p><span style=\"color: #ffffff\">TODOS NUESTROS MATERIALES SON DE CALIDAD<\/span><\/p>\n<p>[\/et_pb_slide][\/et_pb_fullwidth_slider][\/et_pb_section][et_pb_section fb_built=\u00bb1&#8243; _builder_version=\u00bb4.27.4&#8243; _module_preset=\u00bbdefault\u00bb global_colors_info=\u00bb{}\u00bb][et_pb_row _builder_version=\u00bb4.27.4&#8243; _module_preset=\u00bbdefault\u00bb global_colors_info=\u00bb{}\u00bb][et_pb_column type=\u00bb4_4&#8243; _builder_version=\u00bb4.27.4&#8243; _module_preset=\u00bbdefault\u00bb global_colors_info=\u00bb{}\u00bb][et_pb_image src=\u00bbhttps:\/\/www.grupodcc3000.com\/asociado\/hermanosmoron\/wp-content\/uploads\/sites\/217\/2025\/01\/Blanco-y-Azul-Bokeh-Pagina-Web-Banner-3.gif\u00bb title_text=\u00bbBlanco y Azul Bokeh P\u00e1gina Web Banner (3)\u00bb url=\u00bbhttps:\/\/i-sml.mtrbio.com\/public\/smartlink\/HNOSMORON\u00bb _builder_version=\u00bb4.27.4&#8243; _module_preset=\u00bbdefault\u00bb width=\u00bb65%\u00bb module_alignment=\u00bbcenter\u00bb custom_margin=\u00bb-70px||||false|false\u00bb hover_enabled=\u00bb0&#8243; global_colors_info=\u00bb{}\u00bb sticky_enabled=\u00bb0&#8243;][\/et_pb_image][\/et_pb_column][\/et_pb_row][\/et_pb_section][et_pb_section fb_built=\u00bb1&#8243; disabled_on=\u00bboff|off|off\u00bb _builder_version=\u00bb4.18.0&#8243; custom_margin=\u00bb0px||\u00bb custom_padding=\u00bb0px||\u00bb global_colors_info=\u00bb{}\u00bb][et_pb_row _builder_version=\u00bb4.16&#8243; background_size=\u00bbinitial\u00bb background_position=\u00bbtop_left\u00bb background_repeat=\u00bbrepeat\u00bb global_colors_info=\u00bb{}\u00bb][et_pb_column type=\u00bb4_4&#8243; _builder_version=\u00bb4.16&#8243; custom_padding=\u00bb|||\u00bb global_colors_info=\u00bb{}\u00bb custom_padding__hover=\u00bb|||\u00bb][et_pb_text _builder_version=\u00bb4.18.0&#8243; global_colors_info=\u00bb{}\u00bb]<\/p>\n<link href='https:\/\/www.grupodcc3000.com\/asociado\/bootstrap.css' rel='stylesheet' type='text\/css'><style>.imgCirculo { border-radius: 50% 50% 50% 50%; -moz-border-radius: 50% 50% 50% 50%; -webkit-border-radius: 50% 50% 50% 50%; border: 8px solid #e2e2e2;}\r\n\t             p, h2 { color: #666;}<\/style>\n<p>[\/et_pb_text][\/et_pb_column][\/et_pb_row][et_pb_row _builder_version=\u00bb4.16&#8243; background_size=\u00bbinitial\u00bb background_position=\u00bbtop_left\u00bb background_repeat=\u00bbrepeat\u00bb custom_margin=\u00bb0px||\u00bb custom_padding=\u00bb0px||\u00bb global_colors_info=\u00bb{}\u00bb][et_pb_column type=\u00bb4_4&#8243; _builder_version=\u00bb4.16&#8243; custom_padding=\u00bb|||\u00bb global_colors_info=\u00bb{}\u00bb custom_padding__hover=\u00bb|||\u00bb][et_pb_text admin_label=\u00bbpromos\u00bb _builder_version=\u00bb4.18.0&#8243; header_text_align=\u00bbcenter\u00bb header_font_size=\u00bb45px\u00bb custom_margin=\u00bb0px|||\u00bb custom_padding=\u00bb0px|||\u00bb global_colors_info=\u00bb{}\u00bb]<\/p>\n<h1><strong>PROMOCIONES<\/strong><\/h1>\n<p>[\/et_pb_text][\/et_pb_column][\/et_pb_row][\/et_pb_section][et_pb_section fb_built=\u00bb1&#8243; admin_label=\u00bbla empresa\u00bb _builder_version=\u00bb4.27.4&#8243; background_color=\u00bb#09402e\u00bb custom_padding=\u00bb0px|||\u00bb animation_style=\u00bbslide\u00bb hover_enabled=\u00bb0&#8243; global_module=\u00bb388&#8243; global_colors_info=\u00bb{}\u00bb sticky_enabled=\u00bb0&#8243;][et_pb_row _builder_version=\u00bb4.16&#8243; global_colors_info=\u00bb{}\u00bb][et_pb_column type=\u00bb4_4&#8243; _builder_version=\u00bb4.16&#8243; custom_padding=\u00bb|||\u00bb global_colors_info=\u00bb{}\u00bb custom_padding__hover=\u00bb|||\u00bb][et_pb_text _builder_version=\u00bb4.16&#8243; text_font=\u00bb||||||||\u00bb text_text_color=\u00bb#ffffff\u00bb text_font_size=\u00bb45px\u00bb header_font=\u00bb||||||||\u00bb header_text_align=\u00bbcenter\u00bb header_text_color=\u00bb#ffffff\u00bb header_font_size=\u00bb45px\u00bb global_colors_info=\u00bb{}\u00bb]<\/p>\n<h1><strong>EMPRESA<\/strong><\/h1>\n<p>[\/et_pb_text][\/et_pb_column][\/et_pb_row][et_pb_row column_structure=\u00bb2_5,3_5&#8243; _builder_version=\u00bb4.16&#8243; global_colors_info=\u00bb{}\u00bb][et_pb_column type=\u00bb2_5&#8243; _builder_version=\u00bb4.16&#8243; custom_padding=\u00bb|||\u00bb global_colors_info=\u00bb{}\u00bb custom_padding__hover=\u00bb|||\u00bb][et_pb_text _builder_version=\u00bb4.27.4&#8243; hover_enabled=\u00bb0&#8243; global_colors_info=\u00bb{}\u00bb text_font_size=\u00bb17px\u00bb sticky_enabled=\u00bb0&#8243;]<\/p>\n<p style=\"text-align: justify;\"><span style=\"color: #ffffff;\"><strong>Hermanos Mor\u00f3n<\/strong> es una empresa dedicada al comercio al por mayor de<strong> materiales para la construcci\u00f3n, vidrio y art\u00edculos de instalaci\u00f3n<\/strong>, con una larga trayectoria en el sector. Nuestro objetivo es ofrecer una variada selecci\u00f3n de productos de alta <strong>calidad<\/strong> que satisfagan las diversas necesidades de la industria de la construcci\u00f3n y la renovaci\u00f3n, asegurando que nuestros clientes cuenten con todo lo necesario para ejecutar sus proyectos de manera eficaz.<\/span><\/p>\n<p style=\"text-align: justify;\"><span style=\"color: #ffffff;\">Nos enorgullecemos de trabajar con proveedores de <strong>confianza<\/strong> y de contar con un equipo de expertos que brinda asesor\u00eda personalizada y apoyo t\u00e9cnico.\u00a0<strong> \u00a1Ven a conocernos!<\/strong><\/span><\/p>\n<p>[\/et_pb_text][\/et_pb_column][et_pb_column type=\u00bb3_5&#8243; _builder_version=\u00bb4.16&#8243; custom_padding=\u00bb|||\u00bb global_colors_info=\u00bb{}\u00bb custom_padding__hover=\u00bb|||\u00bb][et_pb_image src=\u00bbhttps:\/\/www.grupodcc3000.com\/asociado\/hermanosmoron\/wp-content\/uploads\/sites\/217\/2023\/07\/fachada-hnos-moron.jpg\u00bb title_text=\u00bbfachada hnos moron\u00bb _builder_version=\u00bb4.20.4&#8243; _module_preset=\u00bbdefault\u00bb global_colors_info=\u00bb{}\u00bb][\/et_pb_image][\/et_pb_column][\/et_pb_row][\/et_pb_section][et_pb_section fb_built=\u00bb1&#8243; _builder_version=\u00bb4.16&#8243; custom_margin=\u00bb||0px||false|false\u00bb custom_padding=\u00bb0px||0px||false|false\u00bb animation_style=\u00bbslide\u00bb global_colors_info=\u00bb{}\u00bb][et_pb_row _builder_version=\u00bb4.16&#8243; background_size=\u00bbinitial\u00bb background_position=\u00bbtop_left\u00bb background_repeat=\u00bbrepeat\u00bb global_colors_info=\u00bb{}\u00bb][et_pb_column type=\u00bb4_4&#8243; _builder_version=\u00bb4.16&#8243; custom_padding=\u00bb|||\u00bb global_colors_info=\u00bb{}\u00bb custom_padding__hover=\u00bb|||\u00bb][et_pb_text admin_label=\u00bbProveedores\u00bb _builder_version=\u00bb4.16&#8243; global_colors_info=\u00bb{}\u00bb]<\/p>\n<h1 style=\"text-align: center\"><strong>NUESTROS PROVEEDORES<\/strong><\/h1>\n<p style=\"text-align: center\">Algunos de nuestros proveedores principales.<\/p>\n<p>[\/et_pb_text][et_pb_text _builder_version=\u00bb4.16&#8243; global_colors_info=\u00bb{}\u00bb]<\/p>\n<p>\n<center><\/center>[\/et_pb_text][\/et_pb_column][\/et_pb_row][\/et_pb_section][et_pb_section fb_built=\u00bb1&#8243; _builder_version=\u00bb4.16&#8243; saved_tabs=\u00bball\u00bb global_colors_info=\u00bb{}\u00bb][et_pb_row _builder_version=\u00bb4.16&#8243; global_colors_info=\u00bb{}\u00bb][et_pb_column type=\u00bb4_4&#8243; _builder_version=\u00bb4.16&#8243; global_colors_info=\u00bb{}\u00bb][et_pb_text _builder_version=\u00bb4.16&#8243; text_font_size=\u00bb18px\u00bb background_color=\u00bb#cccccc\u00bb global_colors_info=\u00bb{}\u00bb]<\/p>\n<p style=\"text-align: center\"><strong>OTROS PROVEEDORES<\/strong><\/p>\n<p>[\/et_pb_text][\/et_pb_column][\/et_pb_row][et_pb_row column_structure=\u00bb1_6,1_6,1_6,1_6,1_6,1_6&#8243; _builder_version=\u00bb4.16&#8243; global_colors_info=\u00bb{}\u00bb][et_pb_column type=\u00bb1_6&#8243; _builder_version=\u00bb4.16&#8243; global_colors_info=\u00bb{}\u00bb][\/et_pb_column][et_pb_column type=\u00bb1_6&#8243; _builder_version=\u00bb4.16&#8243; global_colors_info=\u00bb{}\u00bb][\/et_pb_column][et_pb_column type=\u00bb1_6&#8243; _builder_version=\u00bb4.16&#8243; global_colors_info=\u00bb{}\u00bb][\/et_pb_column][et_pb_column type=\u00bb1_6&#8243; _builder_version=\u00bb4.16&#8243; global_colors_info=\u00bb{}\u00bb][\/et_pb_column][et_pb_column type=\u00bb1_6&#8243; _builder_version=\u00bb4.16&#8243; global_colors_info=\u00bb{}\u00bb][\/et_pb_column][et_pb_column type=\u00bb1_6&#8243; _builder_version=\u00bb4.16&#8243; global_colors_info=\u00bb{}\u00bb][\/et_pb_column][\/et_pb_row][\/et_pb_section][et_pb_section fb_built=\u00bb1&#8243; _builder_version=\u00bb4.16&#8243; background_color=\u00bbrgba(0,0,0,0.17)\u00bb custom_padding=\u00bb0px|||\u00bb animation_style=\u00bbslide\u00bb global_colors_info=\u00bb{}\u00bb][et_pb_row _builder_version=\u00bb3.17.6&#8243; global_module=\u00bb185&#8243; global_colors_info=\u00bb{}\u00bb][et_pb_column type=\u00bb4_4&#8243; _builder_version=\u00bb4.16&#8243; custom_padding=\u00bb|||\u00bb global_colors_info=\u00bb{}\u00bb custom_padding__hover=\u00bb|||\u00bb][et_pb_text admin_label=\u00bbContacto\u00bb _builder_version=\u00bb4.16&#8243; text_font_size=\u00bb20px\u00bb header_font_size=\u00bb45px\u00bb text_orientation=\u00bbcenter\u00bb global_colors_info=\u00bb{}\u00bb]<\/p>\n<h1><strong>CONTACTA CON NOSOTROS<\/strong><\/h1>\n<p>[\/et_pb_text][et_pb_text _builder_version=\u00bb4.20.4&#8243; text_font_size=\u00bb20px\u00bb text_line_height=\u00bb2em\u00bb global_colors_info=\u00bb{}\u00bb]<\/p>\n<p style=\"text-align: center;\">HNOS MORON MATERIALES CONSTRUCCION<\/p>\n<p style=\"text-align: center;\">AVDA. MIGUEL HERNANDEZ, 56<br \/>41730 CABEZAS DE SAN JUAN- SEVILLA<br \/>955 87 14 25<\/p>\n<p style=\"text-align: center;\">hermanosmoron@hotmail.com<\/p>\n<p style=\"text-align: center;\"><div id=\"wpgmza_map\" class=\"wpgmza_map\" data-settings='{\"id\":\"1\",\"map_title\":\"Debajo del mapa\",\"map_width\":\"100\",\"map_height\":\"400\",\"map_start_lat\":\"36.97770086022153\",\"map_start_lng\":\"-5.942295300429886\",\"map_start_location\":\"\",\"map_start_zoom\":\"15\",\"default_marker\":\"\",\"type\":\"0\",\"alignment\":\"0\",\"directions_enabled\":\"0\",\"styling_enabled\":\"0\",\"styling_json\":\"\",\"active\":\"0\",\"kml\":\"\",\"bicycle\":\"0\",\"traffic\":\"0\",\"dbox\":\"1\",\"dbox_width\":\"100\",\"listmarkers\":\"0\",\"listmarkers_advanced\":\"0\",\"filterbycat\":\"0\",\"ugm_enabled\":\"0\",\"ugm_category_enabled\":\"0\",\"fusion\":\"\",\"map_width_type\":\"%\",\"map_height_type\":\"px\",\"mass_marker_support\":\"0\",\"ugm_access\":\"0\",\"order_markers_by\":\"1\",\"order_markers_choice\":\"1\",\"show_user_location\":\"0\",\"default_to\":\"\",\"other_settings\":{\"map_type\":1,\"sl_stroke_color\":\"#ff0000\",\"sl_fill_color\":\"#ff0000\",\"sl_stroke_opacity\":\"1\",\"sl_fill_opacity\":\"0.5\",\"transport_layer\":false,\"action\":\"wpgmza_save_map\",\"redirect_to\":\"\\\/asociado\\\/hermanosmoron\\\/wp-admin\\\/admin-post.php\",\"map_id\":\"1\",\"http_referer\":\"\\\/asociado\\\/hermanosmoron\\\/wp-admin\\\/admin.php?page=wp-google-maps-menu&amp;amp;action=edit&amp;amp;map_id=1\",\"wpgmza_id\":\"1\",\"wpgmza_start_location\":\"36.97770086022153,-5.942295300429886\",\"wpgmza_start_zoom\":\"15\",\"wpgmza_dbox_width_type\":\"%\",\"default_from\":\"\",\"directions_behaviour\":\"default\",\"force_google_directions_app\":false,\"directions_route_origin_icon\":\"https:\\\/\\\/www.grupodcc3000.com\\\/asociado\\\/hermanosmoron\\\/wp-content\\\/plugins\\\/wp-google-maps\\\/images\\\/spotlight-poi3.png\",\"directions_origin_retina\":false,\"directions_route_destination_icon\":\"https:\\\/\\\/www.grupodcc3000.com\\\/asociado\\\/hermanosmoron\\\/wp-content\\\/plugins\\\/wp-google-maps\\\/images\\\/spotlight-poi3.png\",\"directions_destination_retina\":false,\"directions_route_stroke_color\":\"#000000\",\"directions_route_stroke_weight\":\"4\",\"directions_route_stroke_opacity\":\"0.8\",\"directions_fit_bounds_to_route\":false,\"store_locator_enabled\":false,\"store_locator_search_area\":\"radial\",\"wpgmza_store_locator_radius_style\":\"legacy\",\"wpgmza_store_locator_default_radius\":\"10\",\"store_locator_auto_area_max_zoom\":\"\",\"wpgmza_store_locator_restrict\":\"\",\"store_locator_distance\":false,\"wpgmza_store_locator_position\":false,\"store_locator_show_distance\":false,\"store_locator_category\":false,\"wpgmza_store_locator_use_their_location\":false,\"wpgmza_store_locator_bounce\":false,\"upload_default_sl_marker\":\"\",\"upload_default_sl_marker_retina\":false,\"wpgmza_sl_animation\":\"0\",\"wpgmza_store_locator_hide_before_search\":false,\"store_locator_query_string\":\"\",\"store_locator_location_placeholder\":\"\",\"store_locator_default_address\":\"\",\"store_locator_name_search\":false,\"store_locator_name_string\":\"\",\"store_locator_not_found_message\":\"\",\"retina\":false,\"wpgmza_map_align\":\"1\",\"upload_default_ul_marker\":\"\",\"upload_default_ul_marker_retina\":false,\"jump_to_nearest_marker_on_initialization\":false,\"automatically_pan_to_users_location\":false,\"override_users_location_zoom_level\":false,\"override_users_location_zoom_levels\":\"\",\"show_distance_from_location\":false,\"map_max_zoom\":\"21\",\"map_min_zoom\":\"0\",\"click_open_link\":false,\"fit_maps_bounds_to_markers\":false,\"fit_maps_bounds_to_markers_after_filtering\":false,\"hide_point_of_interest\":false,\"wpgmza_zoom_on_marker_click\":false,\"wpgmza_zoom_on_marker_click_slider\":\"\",\"close_infowindow_on_map_click\":false,\"disable_lightbox_images\":false,\"use_Raw_Jpeg_Coordinates\":false,\"disable_polygon_info_windows\":false,\"enable_advanced_custom_fields_integration\":false,\"enable_toolset_woocommerce_integration\":false,\"only_load_markers_within_viewport\":false,\"iw_primary_color\":\"#000000\",\"iw_accent_color\":\"#000000\",\"iw_text_color\":\"#000000\",\"wpgmza_listmarkers_by\":\"0\",\"wpgmza_marker_listing_position\":false,\"zoom_level_on_marker_listing_override\":false,\"zoom_level_on_marker_listing_click\":\"\",\"marker_listing_disable_zoom\":false,\"datatable_no_result_message\":\"\",\"remove_search_box_datables\":false,\"dataTable_pagination_style\":\"default\",\"datatable_search_string\":\"\",\"datatable_result_start\":\"\",\"datatable_result_of\":\"\",\"datatable_result_to\":\"\",\"datatable_result_total\":\"\",\"datatable_result_show\":\"\",\"datatable_result_entries\":\"\",\"wpgmza_savemap\":\"Guardar Mapa \\u00bb\",\"shortcodeAttributes\":{\"id\":\"1\"}}}' data-map-id='1' Data-maps-engine='open-layers' data-shortcode-attributes='{\"id\":\"1\"}' style=\"display:block; overflow:auto; width:100%; height:400px; float:left;\"><\/div><\/p>\n<p>[\/et_pb_text][\/et_pb_column][\/et_pb_row][\/et_pb_section]<\/p>\n","protected":false},"excerpt":{"rendered":"<p>Visualiza las estancias privadas creadas en realidad virtual &#8211; 3Dcon los mejores fabricantes del mercadovisita nuestra exposici\u00f3nEL HOGAR QUE SIEMPRE HAS SO\u00d1ADOsiempre adanp\u00e1ndonos a tus necesidadesvisitanos para dise\u00f1ar tu hogar idealTODOS NUESTROS MATERIALES SON DE CALIDAD <link href='https:\/\/www.grupodcc3000.com\/asociado\/bootstrap.css' rel='stylesheet' type='text\/css'><style>.imgCirculo { border-radius: 50% 50% 50% 50%; -moz-border-radius: 50% 50% 50% 50%; -webkit-border-radius: 50% 50% 50% 50%; border: 8px solid #e2e2e2;}\r\n\t             p, h2 { color: #666;}<\/style>PROMOCIONESEMPRESAHermanos Mor\u00f3n es una empresa dedicada al comercio al por mayor de materiales para la construcci\u00f3n, vidrio y [&hellip;]<\/p>\n","protected":false},"author":4,"featured_media":0,"parent":0,"menu_order":0,"comment_status":"closed","ping_status":"closed","template":"","meta":{"_et_pb_use_builder":"on","_et_pb_old_content":"","_et_gb_content_width":"","footnotes":""},"class_list":["post-56","page","type-page","status-publish","hentry"],"_links":{"self":[{"href":"https:\/\/www.grupodcc3000.com\/asociado\/hermanosmoron\/wp-json\/wp\/v2\/pages\/56","targetHints":{"allow":["GET"]}}],"collection":[{"href":"https:\/\/www.grupodcc3000.com\/asociado\/hermanosmoron\/wp-json\/wp\/v2\/pages"}],"about":[{"href":"https:\/\/www.grupodcc3000.com\/asociado\/hermanosmoron\/wp-json\/wp\/v2\/types\/page"}],"author":[{"embeddable":true,"href":"https:\/\/www.grupodcc3000.com\/asociado\/hermanosmoron\/wp-json\/wp\/v2\/users\/4"}],"replies":[{"embeddable":true,"href":"https:\/\/www.grupodcc3000.com\/asociado\/hermanosmoron\/wp-json\/wp\/v2\/comments?post=56"}],"version-history":[{"count":4,"href":"https:\/\/www.grupodcc3000.com\/asociado\/hermanosmoron\/wp-json\/wp\/v2\/pages\/56\/revisions"}],"predecessor-version":[{"id":7769,"href":"https:\/\/www.grupodcc3000.com\/asociado\/hermanosmoron\/wp-json\/wp\/v2\/pages\/56\/revisions\/7769"}],"wp:attachment":[{"href":"https:\/\/www.grupodcc3000.com\/asociado\/hermanosmoron\/wp-json\/wp\/v2\/media?parent=56"}],"curies":[{"name":"wp","href":"https:\/\/api.w.org\/{rel}","templated":true}]}}