{"id":84,"date":"2018-11-14T10:36:29","date_gmt":"2018-11-14T10:36:29","guid":{"rendered":"http:\/\/grupodcc3000.com\/miniwebs\/?page_id=84"},"modified":"2022-04-27T16:23:46","modified_gmt":"2022-04-27T14:23:46","slug":"la-empresa","status":"publish","type":"page","link":"https:\/\/www.grupodcc3000.com\/asociado\/jjjehijos\/la-empresa\/","title":{"rendered":"La empresa"},"content":{"rendered":"<p>[et_pb_section fb_built=\u00bb1&#8243; fullwidth=\u00bbon\u00bb _builder_version=\u00bb4.16&#8243; global_colors_info=\u00bb{}\u00bb][et_pb_fullwidth_slider admin_label=\u00bbFoto seccion empresa\u00bb module_id=\u00bbslider_cortado\u00bb module_class=\u00bbslider_cortado\u00bb _builder_version=\u00bb4.17.3&#8243; global_colors_info=\u00bb{}\u00bb][et_pb_slide _builder_version=\u00bb4.17.3&#8243; background_image=\u00bbhttps:\/\/www.grupodcc3000.com\/asociado\/jjjehijos\/wp-content\/uploads\/sites\/55\/2022\/04\/278210703_5122720431175656_8309813387721814115_n.jpg\u00bb background_enable_image=\u00bbon\u00bb background_position=\u00bbbottom_center\u00bb global_colors_info=\u00bb{}\u00bb sticky_transition=\u00bbon\u00bb][\/et_pb_slide][\/et_pb_fullwidth_slider][\/et_pb_section][et_pb_section fb_built=\u00bb1&#8243; _builder_version=\u00bb3.17.6&#8243; background_color=\u00bb#272727&#8243; custom_padding=\u00bb0px|||\u00bb animation_style=\u00bbslide\u00bb global_module=\u00bb388&#8243; global_colors_info=\u00bb{}\u00bb][et_pb_row _builder_version=\u00bb4.16&#8243; global_colors_info=\u00bb{}\u00bb][et_pb_column type=\u00bb4_4&#8243; _builder_version=\u00bb4.16&#8243; custom_padding=\u00bb|||\u00bb global_colors_info=\u00bb{}\u00bb custom_padding__hover=\u00bb|||\u00bb][et_pb_text _builder_version=\u00bb4.16&#8243; text_font=\u00bb||||||||\u00bb text_text_color=\u00bb#ffffff\u00bb text_font_size=\u00bb45px\u00bb header_font=\u00bb||||||||\u00bb header_text_align=\u00bbcenter\u00bb header_text_color=\u00bb#ffffff\u00bb header_font_size=\u00bb45px\u00bb global_colors_info=\u00bb{}\u00bb]<\/p>\n<h1><strong>EMPRESA<\/strong><\/h1>\n<p>[\/et_pb_text][\/et_pb_column][\/et_pb_row][et_pb_row column_structure=\u00bb1_4,3_4&#8243; _builder_version=\u00bb4.16&#8243; global_colors_info=\u00bb{}\u00bb][et_pb_column type=\u00bb1_4&#8243; _builder_version=\u00bb4.16&#8243; custom_padding=\u00bb|||\u00bb global_colors_info=\u00bb{}\u00bb custom_padding__hover=\u00bb|||\u00bb][et_pb_text _builder_version=\u00bb4.16&#8243; custom_margin=\u00bb|-177px||||\u00bb custom_padding=\u00bb104px|||||\u00bb global_colors_info=\u00bb{}\u00bb]<\/p>\n<p><strong><span style=\"color: #ffffff;\">En Materiales de construcci\u00f3n J.J.J e Hijos sabemos que con nuestros <\/span><span style=\"color: #ffffff;\">productos t\u00fa creas un hogar. Por eso lo m\u00e1s importante es la calidad, avalada por m\u00e1s de 37 a\u00f1os de trabajo.<\/span><\/strong><\/p>\n<p>[\/et_pb_text][\/et_pb_column][et_pb_column type=\u00bb3_4&#8243; _builder_version=\u00bb4.16&#8243; custom_padding=\u00bb|||\u00bb global_colors_info=\u00bb{}\u00bb custom_padding__hover=\u00bb|||\u00bb][et_pb_image src=\u00bbhttps:\/\/www.grupodcc3000.com\/asociado\/jjjehijos\/wp-content\/uploads\/sites\/55\/2020\/11\/22829353_1559252004189201_3375423695150212970_o.jpg\u00bb title_text=\u00bb22829353_1559252004189201_3375423695150212970_o\u00bb align_tablet=\u00bbcenter\u00bb align_phone=\u00bb\u00bb align_last_edited=\u00bbon|desktop\u00bb _builder_version=\u00bb4.16&#8243; width=\u00bb91.8%\u00bb custom_padding=\u00bb|||219px||\u00bb global_colors_info=\u00bb{}\u00bb][\/et_pb_image][\/et_pb_column][\/et_pb_row][et_pb_row column_structure=\u00bb2_3,1_3&#8243; _builder_version=\u00bb4.17.3&#8243; _module_preset=\u00bbdefault\u00bb custom_padding=\u00bb0px|144px||||\u00bb global_colors_info=\u00bb{}\u00bb custom_margin=\u00bb|auto|-16px|auto||\u00bb][et_pb_column type=\u00bb2_3&#8243; _builder_version=\u00bb4.17.3&#8243; _module_preset=\u00bbdefault\u00bb global_colors_info=\u00bb{}\u00bb][et_pb_gallery gallery_ids=\u00bb2595,2596,2597,2598,2599,2600&#8243; fullwidth=\u00bbon\u00bb _builder_version=\u00bb4.17.3&#8243; _module_preset=\u00bbdefault\u00bb custom_padding=\u00bb|204px||204px||true\u00bb global_colors_info=\u00bb{}\u00bb][\/et_pb_gallery][\/et_pb_column][et_pb_column type=\u00bb1_3&#8243; _builder_version=\u00bb4.17.3&#8243; _module_preset=\u00bbdefault\u00bb global_colors_info=\u00bb{}\u00bb][et_pb_image src=\u00bbhttps:\/\/www.grupodcc3000.com\/asociado\/jjjehijos\/wp-content\/uploads\/sites\/55\/2022\/04\/276134557_5065144493599917_7228971575120543187_n.jpg\u00bb title_text=\u00bb276134557_5065144493599917_7228971575120543187_n\u00bb _builder_version=\u00bb4.17.3&#8243; _module_preset=\u00bbdefault\u00bb global_colors_info=\u00bb{}\u00bb custom_margin=\u00bb|||-28px||\u00bb][\/et_pb_image][\/et_pb_column][\/et_pb_row][et_pb_row column_structure=\u00bb1_4,1_4,1_4,1_4&#8243; _builder_version=\u00bb4.16&#8243; _module_preset=\u00bbdefault\u00bb global_colors_info=\u00bb{}\u00bb][et_pb_column type=\u00bb1_4&#8243; _builder_version=\u00bb4.16&#8243; _module_preset=\u00bbdefault\u00bb global_colors_info=\u00bb{}\u00bb][et_pb_image src=\u00bbhttps:\/\/www.grupodcc3000.com\/asociado\/jjjehijos\/wp-content\/uploads\/sites\/55\/2020\/11\/42516202_1979325945515136_9138573701506138112_o.jpg\u00bb title_text=\u00bb42516202_1979325945515136_9138573701506138112_o\u00bb _builder_version=\u00bb4.16&#8243; _module_preset=\u00bbdefault\u00bb global_colors_info=\u00bb{}\u00bb][\/et_pb_image][\/et_pb_column][et_pb_column type=\u00bb1_4&#8243; _builder_version=\u00bb4.16&#8243; _module_preset=\u00bbdefault\u00bb global_colors_info=\u00bb{}\u00bb][et_pb_image src=\u00bbhttps:\/\/www.grupodcc3000.com\/asociado\/jjjehijos\/wp-content\/uploads\/sites\/55\/2020\/11\/55575498_2242510782529983_3106925212453568512_o.jpg\u00bb title_text=\u00bb55575498_2242510782529983_3106925212453568512_o\u00bb _builder_version=\u00bb4.16&#8243; _module_preset=\u00bbdefault\u00bb global_colors_info=\u00bb{}\u00bb][\/et_pb_image][\/et_pb_column][et_pb_column type=\u00bb1_4&#8243; _builder_version=\u00bb4.16&#8243; _module_preset=\u00bbdefault\u00bb global_colors_info=\u00bb{}\u00bb][et_pb_image src=\u00bbhttps:\/\/www.grupodcc3000.com\/asociado\/jjjehijos\/wp-content\/uploads\/sites\/55\/2020\/11\/37737564_1867410060040059_4111277944251351040_o.jpg\u00bb title_text=\u00bb37737564_1867410060040059_4111277944251351040_o\u00bb _builder_version=\u00bb4.16&#8243; _module_preset=\u00bbdefault\u00bb global_colors_info=\u00bb{}\u00bb][\/et_pb_image][\/et_pb_column][et_pb_column type=\u00bb1_4&#8243; _builder_version=\u00bb4.16&#8243; _module_preset=\u00bbdefault\u00bb global_colors_info=\u00bb{}\u00bb][et_pb_image src=\u00bbhttps:\/\/www.grupodcc3000.com\/asociado\/jjjehijos\/wp-content\/uploads\/sites\/55\/2020\/11\/40932288_1954396628008068_7476141021143760896_o.jpg\u00bb title_text=\u00bb40932288_1954396628008068_7476141021143760896_o\u00bb _builder_version=\u00bb4.16&#8243; _module_preset=\u00bbdefault\u00bb global_colors_info=\u00bb{}\u00bb][\/et_pb_image][\/et_pb_column][\/et_pb_row][et_pb_row column_structure=\u00bb1_4,1_4,1_4,1_4&#8243; _builder_version=\u00bb4.16&#8243; _module_preset=\u00bbdefault\u00bb global_colors_info=\u00bb{}\u00bb][et_pb_column type=\u00bb1_4&#8243; _builder_version=\u00bb4.16&#8243; _module_preset=\u00bbdefault\u00bb global_colors_info=\u00bb{}\u00bb][et_pb_image src=\u00bbhttps:\/\/www.grupodcc3000.com\/asociado\/jjjehijos\/wp-content\/uploads\/sites\/55\/2020\/11\/42551960_1980851385362592_3722109106429886464_o.jpg\u00bb title_text=\u00bb42551960_1980851385362592_3722109106429886464_o\u00bb _builder_version=\u00bb4.16&#8243; _module_preset=\u00bbdefault\u00bb global_colors_info=\u00bb{}\u00bb][\/et_pb_image][\/et_pb_column][et_pb_column type=\u00bb1_4&#8243; _builder_version=\u00bb4.16&#8243; _module_preset=\u00bbdefault\u00bb global_colors_info=\u00bb{}\u00bb][et_pb_image src=\u00bbhttps:\/\/www.grupodcc3000.com\/asociado\/jjjehijos\/wp-content\/uploads\/sites\/55\/2020\/11\/42654712_1980851395362591_9036295132730621952_o.jpg\u00bb title_text=\u00bb42654712_1980851395362591_9036295132730621952_o\u00bb _builder_version=\u00bb4.16&#8243; _module_preset=\u00bbdefault\u00bb global_colors_info=\u00bb{}\u00bb][\/et_pb_image][\/et_pb_column][et_pb_column type=\u00bb1_4&#8243; _builder_version=\u00bb4.16&#8243; _module_preset=\u00bbdefault\u00bb global_colors_info=\u00bb{}\u00bb][et_pb_image src=\u00bbhttps:\/\/www.grupodcc3000.com\/asociado\/jjjehijos\/wp-content\/uploads\/sites\/55\/2020\/11\/67838022_2447357775378615_7699603994846429184_o.jpg\u00bb title_text=\u00bb67838022_2447357775378615_7699603994846429184_o\u00bb _builder_version=\u00bb4.16&#8243; _module_preset=\u00bbdefault\u00bb global_colors_info=\u00bb{}\u00bb][\/et_pb_image][\/et_pb_column][et_pb_column type=\u00bb1_4&#8243; _builder_version=\u00bb4.16&#8243; _module_preset=\u00bbdefault\u00bb global_colors_info=\u00bb{}\u00bb][et_pb_image src=\u00bbhttps:\/\/www.grupodcc3000.com\/asociado\/jjjehijos\/wp-content\/uploads\/sites\/55\/2020\/11\/52602405_2196924297088632_4400583217573265408_o.jpg\u00bb title_text=\u00bb52602405_2196924297088632_4400583217573265408_o\u00bb _builder_version=\u00bb4.16&#8243; _module_preset=\u00bbdefault\u00bb global_colors_info=\u00bb{}\u00bb][\/et_pb_image][\/et_pb_column][\/et_pb_row][\/et_pb_section]<\/p>\n","protected":false},"excerpt":{"rendered":"<p>EMPRESAEn Materiales de construcci\u00f3n J.J.J e Hijos sabemos que con nuestros productos t\u00fa creas un hogar. Por eso lo m\u00e1s importante es la calidad, avalada por m\u00e1s de 37 a\u00f1os de trabajo.<\/p>\n","protected":false},"author":4,"featured_media":0,"parent":0,"menu_order":0,"comment_status":"closed","ping_status":"closed","template":"","meta":{"_et_pb_use_builder":"on","_et_pb_old_content":"","_et_gb_content_width":"","footnotes":""},"class_list":["post-84","page","type-page","status-publish","hentry"],"yoast_head":"<!-- This site is optimized with the Yoast SEO plugin v27.1.1 - https:\/\/yoast.com\/product\/yoast-seo-wordpress\/ -->\n<title>La empresa - Materiales de Construcci\u00f3n JJJ e Hijos<\/title>\n<meta name=\"robots\" content=\"index, follow, max-snippet:-1, max-image-preview:large, max-video-preview:-1\" \/>\n<link rel=\"canonical\" href=\"https:\/\/www.grupodcc3000.com\/asociado\/jjjehijos\/la-empresa\/\" \/>\n<meta property=\"og:locale\" content=\"es_ES\" \/>\n<meta property=\"og:type\" content=\"article\" \/>\n<meta property=\"og:title\" content=\"La empresa - Materiales de Construcci\u00f3n JJJ e Hijos\" \/>\n<meta property=\"og:description\" content=\"EMPRESAEn Materiales de construcci\u00f3n J.J.J e Hijos sabemos que con nuestros productos t\u00fa creas un hogar. Por eso lo m\u00e1s importante es la calidad, avalada por m\u00e1s de 37 a\u00f1os de trabajo.\" \/>\n<meta property=\"og:url\" content=\"https:\/\/www.grupodcc3000.com\/asociado\/jjjehijos\/la-empresa\/\" \/>\n<meta property=\"og:site_name\" content=\"Materiales de Construcci\u00f3n JJJ e Hijos\" \/>\n<meta property=\"article:modified_time\" content=\"2022-04-27T14:23:46+00:00\" \/>\n<meta name=\"twitter:card\" content=\"summary_large_image\" \/>\n<meta name=\"twitter:label1\" content=\"Tiempo de lectura\" \/>\n\t<meta name=\"twitter:data1\" content=\"4 minutos\" \/>\n<script type=\"application\/ld+json\" class=\"yoast-schema-graph\">{\"@context\":\"https:\/\/schema.org\",\"@graph\":[{\"@type\":\"WebPage\",\"@id\":\"https:\/\/www.grupodcc3000.com\/asociado\/jjjehijos\/la-empresa\/\",\"url\":\"https:\/\/www.grupodcc3000.com\/asociado\/jjjehijos\/la-empresa\/\",\"name\":\"La empresa - Materiales de Construcci\u00f3n JJJ e Hijos\",\"isPartOf\":{\"@id\":\"https:\/\/www.grupodcc3000.com\/asociado\/jjjehijos\/#website\"},\"datePublished\":\"2018-11-14T10:36:29+00:00\",\"dateModified\":\"2022-04-27T14:23:46+00:00\",\"breadcrumb\":{\"@id\":\"https:\/\/www.grupodcc3000.com\/asociado\/jjjehijos\/la-empresa\/#breadcrumb\"},\"inLanguage\":\"es\",\"potentialAction\":[{\"@type\":\"ReadAction\",\"target\":[\"https:\/\/www.grupodcc3000.com\/asociado\/jjjehijos\/la-empresa\/\"]}]},{\"@type\":\"BreadcrumbList\",\"@id\":\"https:\/\/www.grupodcc3000.com\/asociado\/jjjehijos\/la-empresa\/#breadcrumb\",\"itemListElement\":[{\"@type\":\"ListItem\",\"position\":1,\"name\":\"Portada\",\"item\":\"https:\/\/www.grupodcc3000.com\/asociado\/jjjehijos\/\"},{\"@type\":\"ListItem\",\"position\":2,\"name\":\"La empresa\"}]},{\"@type\":\"WebSite\",\"@id\":\"https:\/\/www.grupodcc3000.com\/asociado\/jjjehijos\/#website\",\"url\":\"https:\/\/www.grupodcc3000.com\/asociado\/jjjehijos\/\",\"name\":\"Materiales de Construcci\u00f3n JJJ e Hijos\",\"description\":\"Otro sitio m\u00e1s de Asociados GrupoDCC3000\",\"potentialAction\":[{\"@type\":\"SearchAction\",\"target\":{\"@type\":\"EntryPoint\",\"urlTemplate\":\"https:\/\/www.grupodcc3000.com\/asociado\/jjjehijos\/?s={search_term_string}\"},\"query-input\":{\"@type\":\"PropertyValueSpecification\",\"valueRequired\":true,\"valueName\":\"search_term_string\"}}],\"inLanguage\":\"es\"}]}<\/script>\n<!-- \/ Yoast SEO plugin. -->","yoast_head_json":{"title":"La empresa - Materiales de Construcci\u00f3n JJJ e Hijos","robots":{"index":"index","follow":"follow","max-snippet":"max-snippet:-1","max-image-preview":"max-image-preview:large","max-video-preview":"max-video-preview:-1"},"canonical":"https:\/\/www.grupodcc3000.com\/asociado\/jjjehijos\/la-empresa\/","og_locale":"es_ES","og_type":"article","og_title":"La empresa - Materiales de Construcci\u00f3n JJJ e Hijos","og_description":"EMPRESAEn Materiales de construcci\u00f3n J.J.J e Hijos sabemos que con nuestros productos t\u00fa creas un hogar. Por eso lo m\u00e1s importante es la calidad, avalada por m\u00e1s de 37 a\u00f1os de trabajo.","og_url":"https:\/\/www.grupodcc3000.com\/asociado\/jjjehijos\/la-empresa\/","og_site_name":"Materiales de Construcci\u00f3n JJJ e Hijos","article_modified_time":"2022-04-27T14:23:46+00:00","twitter_card":"summary_large_image","twitter_misc":{"Tiempo de lectura":"4 minutos"},"schema":{"@context":"https:\/\/schema.org","@graph":[{"@type":"WebPage","@id":"https:\/\/www.grupodcc3000.com\/asociado\/jjjehijos\/la-empresa\/","url":"https:\/\/www.grupodcc3000.com\/asociado\/jjjehijos\/la-empresa\/","name":"La empresa - Materiales de Construcci\u00f3n JJJ e Hijos","isPartOf":{"@id":"https:\/\/www.grupodcc3000.com\/asociado\/jjjehijos\/#website"},"datePublished":"2018-11-14T10:36:29+00:00","dateModified":"2022-04-27T14:23:46+00:00","breadcrumb":{"@id":"https:\/\/www.grupodcc3000.com\/asociado\/jjjehijos\/la-empresa\/#breadcrumb"},"inLanguage":"es","potentialAction":[{"@type":"ReadAction","target":["https:\/\/www.grupodcc3000.com\/asociado\/jjjehijos\/la-empresa\/"]}]},{"@type":"BreadcrumbList","@id":"https:\/\/www.grupodcc3000.com\/asociado\/jjjehijos\/la-empresa\/#breadcrumb","itemListElement":[{"@type":"ListItem","position":1,"name":"Portada","item":"https:\/\/www.grupodcc3000.com\/asociado\/jjjehijos\/"},{"@type":"ListItem","position":2,"name":"La empresa"}]},{"@type":"WebSite","@id":"https:\/\/www.grupodcc3000.com\/asociado\/jjjehijos\/#website","url":"https:\/\/www.grupodcc3000.com\/asociado\/jjjehijos\/","name":"Materiales de Construcci\u00f3n JJJ e Hijos","description":"Otro sitio m\u00e1s de Asociados GrupoDCC3000","potentialAction":[{"@type":"SearchAction","target":{"@type":"EntryPoint","urlTemplate":"https:\/\/www.grupodcc3000.com\/asociado\/jjjehijos\/?s={search_term_string}"},"query-input":{"@type":"PropertyValueSpecification","valueRequired":true,"valueName":"search_term_string"}}],"inLanguage":"es"}]}},"_links":{"self":[{"href":"https:\/\/www.grupodcc3000.com\/asociado\/jjjehijos\/wp-json\/wp\/v2\/pages\/84","targetHints":{"allow":["GET"]}}],"collection":[{"href":"https:\/\/www.grupodcc3000.com\/asociado\/jjjehijos\/wp-json\/wp\/v2\/pages"}],"about":[{"href":"https:\/\/www.grupodcc3000.com\/asociado\/jjjehijos\/wp-json\/wp\/v2\/types\/page"}],"author":[{"embeddable":true,"href":"https:\/\/www.grupodcc3000.com\/asociado\/jjjehijos\/wp-json\/wp\/v2\/users\/4"}],"replies":[{"embeddable":true,"href":"https:\/\/www.grupodcc3000.com\/asociado\/jjjehijos\/wp-json\/wp\/v2\/comments?post=84"}],"version-history":[{"count":7,"href":"https:\/\/www.grupodcc3000.com\/asociado\/jjjehijos\/wp-json\/wp\/v2\/pages\/84\/revisions"}],"predecessor-version":[{"id":2612,"href":"https:\/\/www.grupodcc3000.com\/asociado\/jjjehijos\/wp-json\/wp\/v2\/pages\/84\/revisions\/2612"}],"wp:attachment":[{"href":"https:\/\/www.grupodcc3000.com\/asociado\/jjjehijos\/wp-json\/wp\/v2\/media?parent=84"}],"curies":[{"name":"wp","href":"https:\/\/api.w.org\/{rel}","templated":true}]}}