{"id":84,"date":"2018-11-14T10:36:29","date_gmt":"2018-11-14T10:36:29","guid":{"rendered":"http:\/\/grupodcc3000.com\/miniwebs\/?page_id=84"},"modified":"2024-05-03T10:30:00","modified_gmt":"2024-05-03T08:30:00","slug":"la-empresa","status":"publish","type":"page","link":"https:\/\/www.grupodcc3000.com\/asociado\/lapalmera\/la-empresa\/","title":{"rendered":"La empresa"},"content":{"rendered":"<p>[et_pb_section fb_built=\u00bb1&#8243; fullwidth=\u00bbon\u00bb _builder_version=\u00bb4.16&#8243; global_colors_info=\u00bb{}\u00bb][et_pb_fullwidth_slider admin_label=\u00bbFoto seccion empresa\u00bb module_id=\u00bbslider_cortado\u00bb module_class=\u00bbslider_cortado\u00bb _builder_version=\u00bb4.25.0&#8243; global_colors_info=\u00bb{}\u00bb][et_pb_slide _builder_version=\u00bb4.25.0&#8243; background_color=\u00bbRGBA(255,255,255,0)\u00bb background_enable_color=\u00bbon\u00bb background_image=\u00bbhttp:\/\/grupodcc3000.com\/asociado\/wp-content\/uploads\/2019\/03\/WhatsApp-Image-2018-11-09-at-11.54.19.jpeg\u00bb global_colors_info=\u00bb{}\u00bb sticky_transition=\u00bbon\u00bb][\/et_pb_slide][\/et_pb_fullwidth_slider][\/et_pb_section][et_pb_section fb_built=\u00bb1&#8243; admin_label=\u00bbla empresa\u00bb _builder_version=\u00bb4.18.0&#8243; background_color=\u00bb#272727&#8243; custom_padding=\u00bb0px|||\u00bb animation_style=\u00bbslide\u00bb global_module=\u00bb388&#8243; global_colors_info=\u00bb{}\u00bb][et_pb_row column_structure=\u00bb1_2,1_2&#8243; _builder_version=\u00bb4.25.0&#8243; global_colors_info=\u00bb{}\u00bb][et_pb_column type=\u00bb1_2&#8243; _builder_version=\u00bb4.16&#8243; custom_padding=\u00bb|||\u00bb global_colors_info=\u00bb{}\u00bb custom_padding__hover=\u00bb|||\u00bb][et_pb_text _builder_version=\u00bb4.25.0&#8243; global_colors_info=\u00bb{}\u00bb]<\/p>\n<h3><span style=\"color: #ffffff;\">LA PALMERA CER\u00c1MICA Y BA\u00d1OS, fundada en 2018 y gestionada por personal con m\u00e0s de 20 a\u00f1os de experiencia en el sector, ofrecemos a nuestros clientes un servicio personalizado, buen trato, eficiencia en los servicios, dando a nuestros clientes todo tipo\u00a0 soluciones constructivas para lo cual disponemos de toda clase de materiales de construcci\u00f3n, obra seca,\u00a0 ceramica y ba\u00f1o para dar respuesta a cualquiera de las necesidades y proyectos de nuestros clientes.<\/span><\/h3>\n<p><span style=\"color: #ffffff;\"><\/span><\/p>\n<h3><span style=\"color: #ffffff;\">\u00a0<\/span><\/h3>\n<h3><span style=\"color: #ffffff;\">\u00a0<\/span><\/h3>\n<p>[\/et_pb_text][\/et_pb_column][et_pb_column type=\u00bb1_2&#8243; _builder_version=\u00bb4.25.0&#8243; custom_padding=\u00bb|||\u00bb global_colors_info=\u00bb{}\u00bb custom_padding__hover=\u00bb|||\u00bb][et_pb_video src=\u00bbhttps:\/\/www.grupodcc3000.com\/asociado\/lapalmera\/wp-content\/uploads\/sites\/232\/2024\/04\/GJ_IKxn1Hn6NfcEDAKcNtIkAFD87bmdjAAAF-1.mp4&#8243; font_icon=\u00bb&#x49;||divi||400&#8243; use_icon_font_size=\u00bbon\u00bb _builder_version=\u00bb4.25.0&#8243; _module_preset=\u00bbdefault\u00bb global_colors_info=\u00bb{}\u00bb][\/et_pb_video][\/et_pb_column][\/et_pb_row][et_pb_row column_structure=\u00bb1_2,1_2&#8243; _builder_version=\u00bb4.25.0&#8243; _module_preset=\u00bbdefault\u00bb global_colors_info=\u00bb{}\u00bb][et_pb_column type=\u00bb1_2&#8243; _builder_version=\u00bb4.25.0&#8243; _module_preset=\u00bbdefault\u00bb global_colors_info=\u00bb{}\u00bb][et_pb_image src=\u00bbhttps:\/\/www.grupodcc3000.com\/asociado\/lapalmera\/wp-content\/uploads\/sites\/232\/2024\/05\/WhatsApp-Image-2024-04-30-at-17.28.17.jpeg\u00bb title_text=\u00bbWhatsApp Image 2024-04-30 at 17.28.17&#8243; _builder_version=\u00bb4.25.0&#8243; _module_preset=\u00bbdefault\u00bb global_colors_info=\u00bb{}\u00bb][\/et_pb_image][\/et_pb_column][et_pb_column type=\u00bb1_2&#8243; _builder_version=\u00bb4.25.0&#8243; _module_preset=\u00bbdefault\u00bb global_colors_info=\u00bb{}\u00bb][et_pb_image src=\u00bbhttps:\/\/www.grupodcc3000.com\/asociado\/lapalmera\/wp-content\/uploads\/sites\/232\/2024\/05\/WhatsApp-Image-2024-04-30-at-17.28.18.jpeg\u00bb title_text=\u00bbWhatsApp Image 2024-04-30 at 17.28.18&#8243; _builder_version=\u00bb4.25.0&#8243; _module_preset=\u00bbdefault\u00bb global_colors_info=\u00bb{}\u00bb][\/et_pb_image][et_pb_image _builder_version=\u00bb4.25.0&#8243; _module_preset=\u00bbdefault\u00bb global_colors_info=\u00bb{}\u00bb][\/et_pb_image][\/et_pb_column][\/et_pb_row][et_pb_row column_structure=\u00bb1_2,1_2&#8243; _builder_version=\u00bb4.25.0&#8243; _module_preset=\u00bbdefault\u00bb global_colors_info=\u00bb{}\u00bb][et_pb_column type=\u00bb1_2&#8243; _builder_version=\u00bb4.25.0&#8243; _module_preset=\u00bbdefault\u00bb global_colors_info=\u00bb{}\u00bb][et_pb_image src=\u00bbhttps:\/\/www.grupodcc3000.com\/asociado\/lapalmera\/wp-content\/uploads\/sites\/232\/2024\/05\/WhatsApp-Image-2024-04-30-at-17.40.55.jpeg\u00bb title_text=\u00bbWhatsApp Image 2024-04-30 at 17.40.55&#8243; _builder_version=\u00bb4.25.0&#8243; _module_preset=\u00bbdefault\u00bb global_colors_info=\u00bb{}\u00bb][\/et_pb_image][\/et_pb_column][et_pb_column type=\u00bb1_2&#8243; _builder_version=\u00bb4.25.0&#8243; _module_preset=\u00bbdefault\u00bb global_colors_info=\u00bb{}\u00bb][et_pb_image src=\u00bbhttps:\/\/www.grupodcc3000.com\/asociado\/lapalmera\/wp-content\/uploads\/sites\/232\/2024\/05\/WhatsApp-Image-2024-04-30-at-17.28.17-2.jpeg\u00bb title_text=\u00bbWhatsApp Image 2024-04-30 at 17.28.17 (2)\u00bb _builder_version=\u00bb4.25.0&#8243; _module_preset=\u00bbdefault\u00bb global_colors_info=\u00bb{}\u00bb][\/et_pb_image][\/et_pb_column][\/et_pb_row][et_pb_row column_structure=\u00bb1_2,1_2&#8243; _builder_version=\u00bb4.25.0&#8243; _module_preset=\u00bbdefault\u00bb global_colors_info=\u00bb{}\u00bb][et_pb_column type=\u00bb1_2&#8243; _builder_version=\u00bb4.25.0&#8243; _module_preset=\u00bbdefault\u00bb global_colors_info=\u00bb{}\u00bb][et_pb_image src=\u00bbhttps:\/\/www.grupodcc3000.com\/asociado\/lapalmera\/wp-content\/uploads\/sites\/232\/2024\/05\/WhatsApp-Image-2024-04-30-at-17.48.42.jpeg\u00bb title_text=\u00bbWhatsApp Image 2024-04-30 at 17.48.42&#8243; _builder_version=\u00bb4.25.0&#8243; _module_preset=\u00bbdefault\u00bb global_colors_info=\u00bb{}\u00bb][\/et_pb_image][\/et_pb_column][et_pb_column type=\u00bb1_2&#8243; _builder_version=\u00bb4.25.0&#8243; _module_preset=\u00bbdefault\u00bb global_colors_info=\u00bb{}\u00bb][et_pb_image src=\u00bbhttps:\/\/www.grupodcc3000.com\/asociado\/lapalmera\/wp-content\/uploads\/sites\/232\/2024\/05\/WhatsApp-Image-2024-04-30-at-17.42.28.jpeg\u00bb title_text=\u00bbWhatsApp Image 2024-04-30 at 17.42.28&#8243; _builder_version=\u00bb4.25.0&#8243; _module_preset=\u00bbdefault\u00bb global_colors_info=\u00bb{}\u00bb width=\u00bb75.3%\u00bb][\/et_pb_image][\/et_pb_column][\/et_pb_row][\/et_pb_section]<\/p>\n","protected":false},"excerpt":{"rendered":"<p>LA PALMERA CER\u00c1MICA Y BA\u00d1OS, fundada en 2018 y gestionada por personal con m\u00e0s de 20 a\u00f1os de experiencia en el sector, ofrecemos a nuestros clientes un servicio personalizado, buen trato, eficiencia en los servicios, dando a nuestros clientes todo tipo\u00a0 soluciones constructivas para lo cual disponemos de toda clase de materiales de construcci\u00f3n, obra [&hellip;]<\/p>\n","protected":false},"author":4,"featured_media":0,"parent":0,"menu_order":0,"comment_status":"closed","ping_status":"closed","template":"","meta":{"_et_pb_use_builder":"on","_et_pb_old_content":"","_et_gb_content_width":"","footnotes":""},"class_list":["post-84","page","type-page","status-publish","hentry"],"_links":{"self":[{"href":"https:\/\/www.grupodcc3000.com\/asociado\/lapalmera\/wp-json\/wp\/v2\/pages\/84","targetHints":{"allow":["GET"]}}],"collection":[{"href":"https:\/\/www.grupodcc3000.com\/asociado\/lapalmera\/wp-json\/wp\/v2\/pages"}],"about":[{"href":"https:\/\/www.grupodcc3000.com\/asociado\/lapalmera\/wp-json\/wp\/v2\/types\/page"}],"author":[{"embeddable":true,"href":"https:\/\/www.grupodcc3000.com\/asociado\/lapalmera\/wp-json\/wp\/v2\/users\/4"}],"replies":[{"embeddable":true,"href":"https:\/\/www.grupodcc3000.com\/asociado\/lapalmera\/wp-json\/wp\/v2\/comments?post=84"}],"version-history":[{"count":9,"href":"https:\/\/www.grupodcc3000.com\/asociado\/lapalmera\/wp-json\/wp\/v2\/pages\/84\/revisions"}],"predecessor-version":[{"id":7330,"href":"https:\/\/www.grupodcc3000.com\/asociado\/lapalmera\/wp-json\/wp\/v2\/pages\/84\/revisions\/7330"}],"wp:attachment":[{"href":"https:\/\/www.grupodcc3000.com\/asociado\/lapalmera\/wp-json\/wp\/v2\/media?parent=84"}],"curies":[{"name":"wp","href":"https:\/\/api.w.org\/{rel}","templated":true}]}}