{"id":84,"date":"2018-11-14T10:36:29","date_gmt":"2018-11-14T10:36:29","guid":{"rendered":"http:\/\/grupodcc3000.com\/miniwebs\/?page_id=84"},"modified":"2022-07-11T12:37:17","modified_gmt":"2022-07-11T12:37:17","slug":"la-empresa","status":"publish","type":"page","link":"https:\/\/www.grupodcc3000.com\/asociado\/liebana\/la-empresa\/","title":{"rendered":"La empresa"},"content":{"rendered":"<p>[et_pb_section fb_built=\u00bb1&#8243; fullwidth=\u00bbon\u00bb _builder_version=\u00bb4.16&#8243; global_colors_info=\u00bb{}\u00bb][et_pb_fullwidth_slider admin_label=\u00bbFoto seccion empresa\u00bb module_id=\u00bbslider_cortado\u00bb module_class=\u00bbslider_cortado\u00bb _builder_version=\u00bb4.16&#8243; global_colors_info=\u00bb{}\u00bb][et_pb_slide _builder_version=\u00bb4.16&#8243; background_color=\u00bb#ffffff\u00bb background_enable_color=\u00bbon\u00bb background_image=\u00bbhttp:\/\/www.grupodcc3000.com\/asociado\/liebana\/wp-content\/uploads\/sites\/119\/2020\/06\/IMG-4244-1-scaled.jpg\u00bb background_enable_image=\u00bbon\u00bb global_colors_info=\u00bb{}\u00bb sticky_transition=\u00bbon\u00bb][\/et_pb_slide][\/et_pb_fullwidth_slider][\/et_pb_section][et_pb_section fb_built=\u00bb1&#8243; _builder_version=\u00bb3.17.6&#8243; background_color=\u00bb#272727&#8243; custom_padding=\u00bb0px|||\u00bb animation_style=\u00bbslide\u00bb global_module=\u00bb388&#8243; global_colors_info=\u00bb{}\u00bb][et_pb_row _builder_version=\u00bb4.16&#8243; global_colors_info=\u00bb{}\u00bb][et_pb_column type=\u00bb4_4&#8243; _builder_version=\u00bb4.16&#8243; custom_padding=\u00bb|||\u00bb global_colors_info=\u00bb{}\u00bb custom_padding__hover=\u00bb|||\u00bb][et_pb_text _builder_version=\u00bb4.16&#8243; text_font=\u00bb||||||||\u00bb text_text_color=\u00bb#ffffff\u00bb text_font_size=\u00bb45px\u00bb header_font=\u00bb||||||||\u00bb header_text_align=\u00bbcenter\u00bb header_text_color=\u00bb#ffffff\u00bb header_font_size=\u00bb45px\u00bb global_colors_info=\u00bb{}\u00bb]<\/p>\n<h1><strong>EMPRESA<\/strong><\/h1>\n<p>[\/et_pb_text][\/et_pb_column][\/et_pb_row][et_pb_row column_structure=\u00bb2_5,3_5&#8243; _builder_version=\u00bb4.16&#8243; global_colors_info=\u00bb{}\u00bb][et_pb_column type=\u00bb2_5&#8243; _builder_version=\u00bb4.16&#8243; custom_padding=\u00bb|||\u00bb global_colors_info=\u00bb{}\u00bb custom_padding__hover=\u00bb|||\u00bb][et_pb_text _builder_version=\u00bb4.16&#8243; custom_padding=\u00bb||0px|||\u00bb global_colors_info=\u00bb{}\u00bb]<\/p>\n<p><span style=\"color: #ffffff;\">Bernardo Li\u00e9bana L\u00f3pez es una empresa familiar que se fund\u00f3 en 1990, por Bernardo Li\u00e9bana L\u00f3pez y Mar\u00eda Jes\u00fas Li\u00e9bana Guti\u00e9rrez. Posteriormente , en el a\u00f1o 2004 pas\u00f3 a denominarse LI\u00c9BANA AZULEJOS Y PAVIMENTOS S.L , gestiona por sus hijos Francisco, Mar\u00eda y Pedro \u00c1ngel Li\u00e9bana Li\u00e9bana .<\/span><\/p>\n<p>&nbsp;<\/p>\n<p><span style=\"color: #ffffff;\">Esta empresa le ofrece m\u00e1s de 30 a\u00f1os de experiencia en el sector , para ayudarle a construir, dise\u00f1ar y el mejor producto para su vivienda . En nuestras empresas nos dedicamos a la venta de material de construcci\u00f3n , azulejos , pav. Porc\u00e9lanico , muebles de ba\u00f1o, grifer\u00edas, mamparas. Todos los materiales , que ofrecemos son siempre de la m\u00e1s alta calidad y garant\u00eda para ofrecer siempre lo mejor a nuestros clientes, servimos a domicilio, con la mayor rapidez y eficacia siempre cumpliendo los plazos.<\/span><\/p>\n<p>&nbsp;<\/p>\n<p><span style=\"color: #ffffff;\">Gracias a nuestras gran instalaciones , disponemos de un gran STOCK en nuestros art\u00edculos .<\/span><\/p>\n<p>[\/et_pb_text][\/et_pb_column][et_pb_column type=\u00bb3_5&#8243; _builder_version=\u00bb4.16&#8243; custom_padding=\u00bb|||\u00bb global_colors_info=\u00bb{}\u00bb custom_padding__hover=\u00bb|||\u00bb][et_pb_video src=\u00bbhttps:\/\/www.youtube.com\/watch?v=giJBXgFhN8Y\u00bb _builder_version=\u00bb4.17.4&#8243; _module_preset=\u00bbdefault\u00bb hover_enabled=\u00bb0&#8243; sticky_enabled=\u00bb0&#8243; custom_padding=\u00bb|||93px||\u00bb][\/et_pb_video][\/et_pb_column][\/et_pb_row][et_pb_row column_structure=\u00bb1_2,1_2&#8243; _builder_version=\u00bb4.16&#8243; global_colors_info=\u00bb{}\u00bb][et_pb_column type=\u00bb1_2&#8243; _builder_version=\u00bb4.16&#8243; global_colors_info=\u00bb{}\u00bb][et_pb_image src=\u00bbhttp:\/\/www.grupodcc3000.com\/asociado\/azulejospavimentosliebana\/wp-content\/uploads\/sites\/119\/2020\/06\/IMG-0878-scaled.jpg\u00bb title_text=\u00bbIMG-0878&#8243; _builder_version=\u00bb4.16&#8243; min_height=\u00bb753px\u00bb global_colors_info=\u00bb{}\u00bb][\/et_pb_image][\/et_pb_column][et_pb_column type=\u00bb1_2&#8243; _builder_version=\u00bb4.16&#8243; global_colors_info=\u00bb{}\u00bb][et_pb_image src=\u00bbhttp:\/\/www.grupodcc3000.com\/asociado\/azulejospavimentosliebana\/wp-content\/uploads\/sites\/119\/2020\/06\/IMG-0874-scaled.jpg\u00bb title_text=\u00bbIMG-0874&#8243; _builder_version=\u00bb4.16&#8243; min_height=\u00bb529px\u00bb global_colors_info=\u00bb{}\u00bb][\/et_pb_image][\/et_pb_column][\/et_pb_row][et_pb_row column_structure=\u00bb1_2,1_2&#8243; _builder_version=\u00bb4.16&#8243; global_colors_info=\u00bb{}\u00bb][et_pb_column type=\u00bb1_2&#8243; _builder_version=\u00bb4.16&#8243; global_colors_info=\u00bb{}\u00bb][et_pb_image src=\u00bbhttp:\/\/www.grupodcc3000.com\/asociado\/azulejospavimentosliebana\/wp-content\/uploads\/sites\/119\/2020\/06\/IMG-0881-scaled.jpg\u00bb title_text=\u00bbIMG-0881&#8243; _builder_version=\u00bb4.16&#8243; global_colors_info=\u00bb{}\u00bb][\/et_pb_image][\/et_pb_column][et_pb_column type=\u00bb1_2&#8243; _builder_version=\u00bb4.16&#8243; global_colors_info=\u00bb{}\u00bb][et_pb_image src=\u00bbhttp:\/\/www.grupodcc3000.com\/asociado\/azulejospavimentosliebana\/wp-content\/uploads\/sites\/119\/2020\/06\/IMG-0879-scaled.jpg\u00bb title_text=\u00bbIMG-0879&#8243; _builder_version=\u00bb4.16&#8243; width=\u00bb78.3%\u00bb global_colors_info=\u00bb{}\u00bb][\/et_pb_image][\/et_pb_column][\/et_pb_row][\/et_pb_section]<\/p>\n","protected":false},"excerpt":{"rendered":"<p>EMPRESABernardo Li\u00e9bana L\u00f3pez es una empresa familiar que se fund\u00f3 en 1990, por Bernardo Li\u00e9bana L\u00f3pez y Mar\u00eda Jes\u00fas Li\u00e9bana Guti\u00e9rrez. Posteriormente , en el a\u00f1o 2004 pas\u00f3 a denominarse LI\u00c9BANA AZULEJOS Y PAVIMENTOS S.L , gestiona por sus hijos Francisco, Mar\u00eda y Pedro \u00c1ngel Li\u00e9bana Li\u00e9bana . &nbsp; Esta empresa le ofrece m\u00e1s de [&hellip;]<\/p>\n","protected":false},"author":4,"featured_media":0,"parent":0,"menu_order":0,"comment_status":"closed","ping_status":"closed","template":"","meta":{"_et_pb_use_builder":"on","_et_pb_old_content":"","_et_gb_content_width":"","footnotes":""},"class_list":["post-84","page","type-page","status-publish","hentry"],"_links":{"self":[{"href":"https:\/\/www.grupodcc3000.com\/asociado\/liebana\/wp-json\/wp\/v2\/pages\/84","targetHints":{"allow":["GET"]}}],"collection":[{"href":"https:\/\/www.grupodcc3000.com\/asociado\/liebana\/wp-json\/wp\/v2\/pages"}],"about":[{"href":"https:\/\/www.grupodcc3000.com\/asociado\/liebana\/wp-json\/wp\/v2\/types\/page"}],"author":[{"embeddable":true,"href":"https:\/\/www.grupodcc3000.com\/asociado\/liebana\/wp-json\/wp\/v2\/users\/4"}],"replies":[{"embeddable":true,"href":"https:\/\/www.grupodcc3000.com\/asociado\/liebana\/wp-json\/wp\/v2\/comments?post=84"}],"version-history":[{"count":3,"href":"https:\/\/www.grupodcc3000.com\/asociado\/liebana\/wp-json\/wp\/v2\/pages\/84\/revisions"}],"predecessor-version":[{"id":4058,"href":"https:\/\/www.grupodcc3000.com\/asociado\/liebana\/wp-json\/wp\/v2\/pages\/84\/revisions\/4058"}],"wp:attachment":[{"href":"https:\/\/www.grupodcc3000.com\/asociado\/liebana\/wp-json\/wp\/v2\/media?parent=84"}],"curies":[{"name":"wp","href":"https:\/\/api.w.org\/{rel}","templated":true}]}}