{"id":84,"date":"2018-11-14T10:36:29","date_gmt":"2018-11-14T10:36:29","guid":{"rendered":"http:\/\/grupodcc3000.com\/miniwebs\/?page_id=84"},"modified":"2023-07-03T10:47:40","modified_gmt":"2023-07-03T10:47:40","slug":"la-empresa","status":"publish","type":"page","link":"https:\/\/www.grupodcc3000.com\/asociado\/lostejeros\/la-empresa\/","title":{"rendered":"La empresa"},"content":{"rendered":"<p>[et_pb_section fb_built=\u00bb1&#8243; fullwidth=\u00bbon\u00bb _builder_version=\u00bb4.16&#8243; global_colors_info=\u00bb{}\u00bb][et_pb_fullwidth_slider admin_label=\u00bbFoto seccion empresa\u00bb module_id=\u00bbslider_cortado\u00bb module_class=\u00bbslider_cortado\u00bb _builder_version=\u00bb4.19.4&#8243; global_colors_info=\u00bb{}\u00bb][et_pb_slide _builder_version=\u00bb4.19.4&#8243; background_color=\u00bb#a51d1d\u00bb background_enable_color=\u00bbon\u00bb background_image=\u00bbhttps:\/\/www.grupodcc3000.com\/asociado\/lostejeros2\/wp-content\/uploads\/sites\/198\/2023\/02\/minerva-edition-d-670.jpg\u00bb background_enable_image=\u00bbon\u00bb background_size=\u00bbcontain\u00bb background_repeat=\u00bbrepeat-x\u00bb global_colors_info=\u00bb{}\u00bb sticky_transition=\u00bbon\u00bb][\/et_pb_slide][\/et_pb_fullwidth_slider][\/et_pb_section][et_pb_section fb_built=\u00bb1&#8243; _builder_version=\u00bb3.17.6&#8243; background_color=\u00bb#272727&#8243; custom_padding=\u00bb0px|||\u00bb animation_style=\u00bbslide\u00bb global_module=\u00bb388&#8243; global_colors_info=\u00bb{}\u00bb][et_pb_row _builder_version=\u00bb4.16&#8243; global_colors_info=\u00bb{}\u00bb][et_pb_column type=\u00bb4_4&#8243; _builder_version=\u00bb4.16&#8243; custom_padding=\u00bb|||\u00bb global_colors_info=\u00bb{}\u00bb custom_padding__hover=\u00bb|||\u00bb][et_pb_text _builder_version=\u00bb4.16&#8243; text_font=\u00bb||||||||\u00bb text_text_color=\u00bb#ffffff\u00bb text_font_size=\u00bb45px\u00bb header_font=\u00bb||||||||\u00bb header_text_align=\u00bbcenter\u00bb header_text_color=\u00bb#ffffff\u00bb header_font_size=\u00bb45px\u00bb global_colors_info=\u00bb{}\u00bb]<\/p>\n<h1><strong>EMPRESA<\/strong><\/h1>\n<p>[\/et_pb_text][\/et_pb_column][\/et_pb_row][et_pb_row column_structure=\u00bb2_5,3_5&#8243; _builder_version=\u00bb4.19.4&#8243; global_colors_info=\u00bb{}\u00bb][et_pb_column type=\u00bb2_5&#8243; _builder_version=\u00bb4.19.4&#8243; custom_padding=\u00bb|||\u00bb global_colors_info=\u00bb{}\u00bb custom_padding__hover=\u00bb|||\u00bb][et_pb_text _builder_version=\u00bb4.19.4&#8243; global_colors_info=\u00bb{}\u00bb]<\/p>\n<p style=\"text-align: center; font-size: 13.3333px;\"><span style=\"color: #ffffff; font-size: 22px; font-family: 'Advent Pro';\">Los Tejeros es una empresa dedicada al transporte y la comercializacion de todo tipo de materiales para la construcci\u00f3n<br \/><\/span><\/p>\n<p style=\"text-align: center; font-size: 13.3333px;\"><span style=\"color: #ffffff; font-size: 22px; font-family: 'Advent Pro';\">Esta empresa es dirigida por D. Antonio Guti\u00e9rrez, tiene sus instalaciones\u00a0 en\u00a0 la Avda. \u00a0de \u00a0la\u00a0 Paz\u00a0 \u00a0de\u00a0 \u00a0Los Villares, \u00a0a \u00a0solo 10 kms de Ja\u00e9n,\u00a0\u00a0donde podr\u00e1 encontrar\u00a0 \u00a0todo \u00a0 tipo\u00a0 \u00a0de\u00a0 \u00a0materiales \u00a0para\u00a0 \u00a0la\u00a0 \u00a0construcci\u00f3n,\u00a0 azulejos, pavimentos, sanitarios, as\u00ed\u00a0 \u00a0como\u00a0 \u00a0una \u00a0 gran\u00a0 variedad \u00a0de\u00a0 servicios vinculados \u00a0al \u00a0transporte\u00a0 y\u00a0 la realizaci\u00f3n de obras.<\/span><\/p>\n<p style=\"text-align: center; font-size: 13.3333px;\"><span style=\"color: #ffffff; font-size: 22px; font-family: 'Advent Pro';\">La empresa, fundada el 26 de abril de 1836 por D. Jos\u00e9 Guti\u00e9rrez, comenz\u00f3 su\u00a0\u00a0actividad dedic\u00e1ndose exclusivamente a la fabricaci\u00f3n manual de tejas y ladrillos.<br \/>Para este proceso era necesario recoger la arcilla en el paraje conocido como \u00abterrero\u00bb de\u00a0\u00a0Los Villares, transportarla en burros hasta el tejar donde se obten\u00eda el barro,\u00a0\u00a0y posteriormente de forma artesanal se elaboraban las tejas\u00a0\u00a0y\u00a0\u00a0ladrillos\u00a0\u00a0que\u00a0\u00a0tras someterse a\u00a0\u00a0un\u00a0\u00a0proceso de cocci\u00f3n en hornos \u00e1rabes obten\u00edan la resistencia necesaria para emplearlos en la construcci\u00f3n.<\/span><\/p>\n<p style=\"text-align: center; font-size: 13.3333px;\"><span style=\"color: #ffffff; font-size: 22px; font-family: 'Advent Pro';\"><\/span><\/p>\n<p style=\"text-align: center; font-size: 13.3333px;\"><span style=\"color: #ffffff; font-size: 22px; font-family: 'Advent Pro';\"><\/span><\/p>\n<p>[\/et_pb_text][\/et_pb_column][et_pb_column type=\u00bb3_5&#8243; _builder_version=\u00bb4.16&#8243; custom_padding=\u00bb|||\u00bb global_colors_info=\u00bb{}\u00bb custom_padding__hover=\u00bb|||\u00bb][et_pb_image src=\u00bbhttps:\/\/www.grupodcc3000.com\/asociado\/lostejeros\/wp-content\/uploads\/sites\/198\/2023\/07\/857346_588511151178225_213225950_o.jpg\u00bb title_text=\u00bb857346_588511151178225_213225950_o\u00bb _builder_version=\u00bb4.20.4&#8243; _module_preset=\u00bbdefault\u00bb hover_enabled=\u00bb0&#8243; global_colors_info=\u00bb{}\u00bb sticky_enabled=\u00bb0&#8243; min_height=\u00bb1057px\u00bb custom_padding=\u00bb0px|119px|0px|||\u00bb][\/et_pb_image][\/et_pb_column][\/et_pb_row][et_pb_row column_structure=\u00bb1_2,1_2&#8243; _builder_version=\u00bb4.19.4&#8243; _module_preset=\u00bbdefault\u00bb global_colors_info=\u00bb{}\u00bb][et_pb_column type=\u00bb1_2&#8243; _builder_version=\u00bb4.19.4&#8243; _module_preset=\u00bbdefault\u00bb global_colors_info=\u00bb{}\u00bb][et_pb_image src=\u00bbhttps:\/\/www.grupodcc3000.com\/asociado\/lostejeros\/wp-content\/uploads\/sites\/198\/2023\/02\/picture-160016.jpg\u00bb title_text=\u00bbpicture-160016&#8243; _builder_version=\u00bb4.19.4&#8243; _module_preset=\u00bbdefault\u00bb width=\u00bb93%\u00bb global_colors_info=\u00bb{}\u00bb][\/et_pb_image][\/et_pb_column][et_pb_column type=\u00bb1_2&#8243; _builder_version=\u00bb4.19.4&#8243; _module_preset=\u00bbdefault\u00bb global_colors_info=\u00bb{}\u00bb][et_pb_image src=\u00bbhttps:\/\/www.grupodcc3000.com\/asociado\/lostejeros2\/wp-content\/uploads\/sites\/198\/2023\/02\/18921727_1702492636446732_7078432316688425843_n.jpg\u00bb title_text=\u00bb18921727_1702492636446732_7078432316688425843_n\u00bb _builder_version=\u00bb4.19.4&#8243; _module_preset=\u00bbdefault\u00bb custom_padding=\u00bb|||0px||\u00bb global_colors_info=\u00bb{}\u00bb][\/et_pb_image][\/et_pb_column][\/et_pb_row][et_pb_row column_structure=\u00bb1_2,1_2&#8243; _builder_version=\u00bb4.19.4&#8243; _module_preset=\u00bbdefault\u00bb global_colors_info=\u00bb{}\u00bb][et_pb_column type=\u00bb1_2&#8243; _builder_version=\u00bb4.19.4&#8243; _module_preset=\u00bbdefault\u00bb global_colors_info=\u00bb{}\u00bb][et_pb_image src=\u00bbhttps:\/\/www.grupodcc3000.com\/asociado\/lostejeros\/wp-content\/uploads\/sites\/198\/2023\/02\/picture-160014.jpg\u00bb title_text=\u00bbpicture-160014&#8243; _builder_version=\u00bb4.19.4&#8243; _module_preset=\u00bbdefault\u00bb global_colors_info=\u00bb{}\u00bb][\/et_pb_image][\/et_pb_column][et_pb_column type=\u00bb1_2&#8243; _builder_version=\u00bb4.19.4&#8243; _module_preset=\u00bbdefault\u00bb global_colors_info=\u00bb{}\u00bb][et_pb_image src=\u00bbhttps:\/\/www.grupodcc3000.com\/asociado\/lostejeros2\/wp-content\/uploads\/sites\/198\/2023\/02\/18882196_1702492429780086_977515206775509804_n.jpg\u00bb title_text=\u00bb18882196_1702492429780086_977515206775509804_n\u00bb _builder_version=\u00bb4.19.4&#8243; _module_preset=\u00bbdefault\u00bb global_colors_info=\u00bb{}\u00bb][\/et_pb_image][\/et_pb_column][\/et_pb_row][et_pb_row column_structure=\u00bb1_3,1_3,1_3&#8243; _builder_version=\u00bb4.19.4&#8243; _module_preset=\u00bbdefault\u00bb global_colors_info=\u00bb{}\u00bb][et_pb_column type=\u00bb1_3&#8243; _builder_version=\u00bb4.19.4&#8243; _module_preset=\u00bbdefault\u00bb global_colors_info=\u00bb{}\u00bb][et_pb_image src=\u00bbhttps:\/\/www.grupodcc3000.com\/asociado\/lostejeros2\/wp-content\/uploads\/sites\/198\/2023\/02\/18882083_1702492816446714_8935536340629757207_n.jpg\u00bb title_text=\u00bb18882083_1702492816446714_8935536340629757207_n\u00bb _builder_version=\u00bb4.19.4&#8243; _module_preset=\u00bbdefault\u00bb global_colors_info=\u00bb{}\u00bb][\/et_pb_image][\/et_pb_column][et_pb_column type=\u00bb1_3&#8243; _builder_version=\u00bb4.19.4&#8243; _module_preset=\u00bbdefault\u00bb global_colors_info=\u00bb{}\u00bb][et_pb_image src=\u00bbhttps:\/\/www.grupodcc3000.com\/asociado\/lostejeros2\/wp-content\/uploads\/sites\/198\/2023\/02\/18839383_1702492366446759_4563442734671705747_n.jpg\u00bb title_text=\u00bb18839383_1702492366446759_4563442734671705747_n\u00bb _builder_version=\u00bb4.19.4&#8243; _module_preset=\u00bbdefault\u00bb global_colors_info=\u00bb{}\u00bb][\/et_pb_image][\/et_pb_column][et_pb_column type=\u00bb1_3&#8243; _builder_version=\u00bb4.19.4&#8243; _module_preset=\u00bbdefault\u00bb global_colors_info=\u00bb{}\u00bb][et_pb_image src=\u00bbhttps:\/\/www.grupodcc3000.com\/asociado\/lostejeros2\/wp-content\/uploads\/sites\/198\/2023\/02\/18839180_1702492903113372_1194233206601283156_n.jpg\u00bb title_text=\u00bb18839180_1702492903113372_1194233206601283156_n\u00bb _builder_version=\u00bb4.19.4&#8243; _module_preset=\u00bbdefault\u00bb global_colors_info=\u00bb{}\u00bb][\/et_pb_image][\/et_pb_column][\/et_pb_row][et_pb_row column_structure=\u00bb1_3,1_3,1_3&#8243; _builder_version=\u00bb4.19.4&#8243; _module_preset=\u00bbdefault\u00bb global_colors_info=\u00bb{}\u00bb][et_pb_column type=\u00bb1_3&#8243; _builder_version=\u00bb4.19.4&#8243; _module_preset=\u00bbdefault\u00bb global_colors_info=\u00bb{}\u00bb][et_pb_image src=\u00bbhttps:\/\/www.grupodcc3000.com\/asociado\/lostejeros\/wp-content\/uploads\/sites\/198\/2023\/02\/picture-160018.jpg\u00bb title_text=\u00bbpicture-160018&#8243; _builder_version=\u00bb4.19.4&#8243; _module_preset=\u00bbdefault\u00bb global_colors_info=\u00bb{}\u00bb][\/et_pb_image][\/et_pb_column][et_pb_column type=\u00bb1_3&#8243; _builder_version=\u00bb4.19.4&#8243; _module_preset=\u00bbdefault\u00bb global_colors_info=\u00bb{}\u00bb][et_pb_image src=\u00bbhttps:\/\/www.grupodcc3000.com\/asociado\/lostejeros\/wp-content\/uploads\/sites\/198\/2023\/02\/picture-160017.jpg\u00bb title_text=\u00bbpicture-160017&#8243; _builder_version=\u00bb4.19.4&#8243; _module_preset=\u00bbdefault\u00bb global_colors_info=\u00bb{}\u00bb][\/et_pb_image][\/et_pb_column][et_pb_column type=\u00bb1_3&#8243; _builder_version=\u00bb4.19.4&#8243; _module_preset=\u00bbdefault\u00bb global_colors_info=\u00bb{}\u00bb][et_pb_image src=\u00bbhttps:\/\/www.grupodcc3000.com\/asociado\/lostejeros\/wp-content\/uploads\/sites\/198\/2023\/02\/picture-160016.jpg\u00bb title_text=\u00bbpicture-160016&#8243; _builder_version=\u00bb4.19.4&#8243; _module_preset=\u00bbdefault\u00bb global_colors_info=\u00bb{}\u00bb][\/et_pb_image][\/et_pb_column][\/et_pb_row][et_pb_row column_structure=\u00bb1_3,1_3,1_3&#8243; _builder_version=\u00bb4.19.4&#8243; _module_preset=\u00bbdefault\u00bb global_colors_info=\u00bb{}\u00bb][et_pb_column type=\u00bb1_3&#8243; _builder_version=\u00bb4.19.4&#8243; _module_preset=\u00bbdefault\u00bb global_colors_info=\u00bb{}\u00bb][et_pb_image src=\u00bbhttps:\/\/www.grupodcc3000.com\/asociado\/lostejeros\/wp-content\/uploads\/sites\/198\/2023\/02\/picture-16002.jpg\u00bb title_text=\u00bbpicture-16002&#8243; _builder_version=\u00bb4.19.4&#8243; _module_preset=\u00bbdefault\u00bb global_colors_info=\u00bb{}\u00bb][\/et_pb_image][\/et_pb_column][et_pb_column type=\u00bb1_3&#8243; _builder_version=\u00bb4.19.4&#8243; _module_preset=\u00bbdefault\u00bb global_colors_info=\u00bb{}\u00bb][et_pb_image src=\u00bbhttps:\/\/www.grupodcc3000.com\/asociado\/lostejeros\/wp-content\/uploads\/sites\/198\/2023\/02\/picture-16003.jpg\u00bb title_text=\u00bbpicture-16003&#8243; _builder_version=\u00bb4.19.4&#8243; _module_preset=\u00bbdefault\u00bb global_colors_info=\u00bb{}\u00bb][\/et_pb_image][\/et_pb_column][et_pb_column type=\u00bb1_3&#8243; _builder_version=\u00bb4.19.4&#8243; _module_preset=\u00bbdefault\u00bb global_colors_info=\u00bb{}\u00bb][et_pb_image src=\u00bbhttps:\/\/www.grupodcc3000.com\/asociado\/lostejeros\/wp-content\/uploads\/sites\/198\/2023\/02\/picture-1600.jpg\u00bb title_text=\u00bbpicture-1600&#8243; _builder_version=\u00bb4.19.4&#8243; _module_preset=\u00bbdefault\u00bb global_colors_info=\u00bb{}\u00bb][\/et_pb_image][\/et_pb_column][\/et_pb_row][et_pb_row column_structure=\u00bb1_2,1_2&#8243; _builder_version=\u00bb4.19.4&#8243; _module_preset=\u00bbdefault\u00bb global_colors_info=\u00bb{}\u00bb][et_pb_column type=\u00bb1_2&#8243; _builder_version=\u00bb4.19.4&#8243; _module_preset=\u00bbdefault\u00bb global_colors_info=\u00bb{}\u00bb][et_pb_image src=\u00bbhttps:\/\/www.grupodcc3000.com\/asociado\/lostejeros\/wp-content\/uploads\/sites\/198\/2023\/02\/picture-160011.jpg\u00bb title_text=\u00bbpicture-160011&#8243; _builder_version=\u00bb4.19.4&#8243; _module_preset=\u00bbdefault\u00bb global_colors_info=\u00bb{}\u00bb][\/et_pb_image][\/et_pb_column][et_pb_column type=\u00bb1_2&#8243; _builder_version=\u00bb4.19.4&#8243; _module_preset=\u00bbdefault\u00bb global_colors_info=\u00bb{}\u00bb][et_pb_image src=\u00bbhttps:\/\/www.grupodcc3000.com\/asociado\/lostejeros\/wp-content\/uploads\/sites\/198\/2023\/02\/picture-16005.jpg\u00bb title_text=\u00bbpicture-16005&#8243; _builder_version=\u00bb4.19.4&#8243; _module_preset=\u00bbdefault\u00bb global_colors_info=\u00bb{}\u00bb][\/et_pb_image][\/et_pb_column][\/et_pb_row][et_pb_row column_structure=\u00bb1_3,1_3,1_3&#8243; _builder_version=\u00bb4.19.4&#8243; _module_preset=\u00bbdefault\u00bb global_colors_info=\u00bb{}\u00bb][et_pb_column type=\u00bb1_3&#8243; _builder_version=\u00bb4.19.4&#8243; _module_preset=\u00bbdefault\u00bb global_colors_info=\u00bb{}\u00bb][et_pb_image src=\u00bbhttps:\/\/www.grupodcc3000.com\/asociado\/lostejeros\/wp-content\/uploads\/sites\/198\/2023\/02\/picture-160010.jpg\u00bb title_text=\u00bbpicture-160010&#8243; _builder_version=\u00bb4.19.4&#8243; _module_preset=\u00bbdefault\u00bb global_colors_info=\u00bb{}\u00bb][\/et_pb_image][\/et_pb_column][et_pb_column type=\u00bb1_3&#8243; _builder_version=\u00bb4.19.4&#8243; _module_preset=\u00bbdefault\u00bb global_colors_info=\u00bb{}\u00bb][et_pb_image src=\u00bbhttps:\/\/www.grupodcc3000.com\/asociado\/lostejeros\/wp-content\/uploads\/sites\/198\/2023\/02\/picture-16008.jpg\u00bb title_text=\u00bbpicture-16008&#8243; _builder_version=\u00bb4.19.4&#8243; _module_preset=\u00bbdefault\u00bb global_colors_info=\u00bb{}\u00bb][\/et_pb_image][\/et_pb_column][et_pb_column type=\u00bb1_3&#8243; _builder_version=\u00bb4.19.4&#8243; _module_preset=\u00bbdefault\u00bb global_colors_info=\u00bb{}\u00bb][et_pb_image src=\u00bbhttps:\/\/www.grupodcc3000.com\/asociado\/lostejeros\/wp-content\/uploads\/sites\/198\/2023\/02\/picture-16007.jpg\u00bb title_text=\u00bbpicture-16007&#8243; _builder_version=\u00bb4.19.4&#8243; _module_preset=\u00bbdefault\u00bb global_colors_info=\u00bb{}\u00bb][\/et_pb_image][\/et_pb_column][\/et_pb_row][et_pb_row column_structure=\u00bb1_3,1_3,1_3&#8243; _builder_version=\u00bb4.19.4&#8243; _module_preset=\u00bbdefault\u00bb global_colors_info=\u00bb{}\u00bb][et_pb_column type=\u00bb1_3&#8243; _builder_version=\u00bb4.19.4&#8243; _module_preset=\u00bbdefault\u00bb global_colors_info=\u00bb{}\u00bb][et_pb_image src=\u00bbhttps:\/\/www.grupodcc3000.com\/asociado\/lostejeros\/wp-content\/uploads\/sites\/198\/2023\/02\/IMG-20200727-WA0009.jpg\u00bb title_text=\u00bbIMG-20200727-WA0009&#8243; _builder_version=\u00bb4.19.4&#8243; _module_preset=\u00bbdefault\u00bb global_colors_info=\u00bb{}\u00bb][\/et_pb_image][\/et_pb_column][et_pb_column type=\u00bb1_3&#8243; _builder_version=\u00bb4.19.4&#8243; _module_preset=\u00bbdefault\u00bb global_colors_info=\u00bb{}\u00bb][et_pb_image src=\u00bbhttps:\/\/www.grupodcc3000.com\/asociado\/lostejeros\/wp-content\/uploads\/sites\/198\/2023\/02\/10400773_842279995801338_7602579290933729732_n.jpg\u00bb title_text=\u00bb10400773_842279995801338_7602579290933729732_n\u00bb _builder_version=\u00bb4.19.4&#8243; _module_preset=\u00bbdefault\u00bb global_colors_info=\u00bb{}\u00bb][\/et_pb_image][\/et_pb_column][et_pb_column type=\u00bb1_3&#8243; _builder_version=\u00bb4.19.4&#8243; _module_preset=\u00bbdefault\u00bb global_colors_info=\u00bb{}\u00bb][et_pb_image src=\u00bbhttps:\/\/www.grupodcc3000.com\/asociado\/lostejeros\/wp-content\/uploads\/sites\/198\/2023\/02\/10389988_842280019134669_5304011879951100079_n.jpg\u00bb title_text=\u00bb10389988_842280019134669_5304011879951100079_n\u00bb _builder_version=\u00bb4.19.4&#8243; _module_preset=\u00bbdefault\u00bb global_colors_info=\u00bb{}\u00bb][\/et_pb_image][\/et_pb_column][\/et_pb_row][et_pb_row _builder_version=\u00bb4.19.4&#8243; _module_preset=\u00bbdefault\u00bb global_colors_info=\u00bb{}\u00bb][et_pb_column type=\u00bb4_4&#8243; _builder_version=\u00bb4.19.4&#8243; _module_preset=\u00bbdefault\u00bb global_colors_info=\u00bb{}\u00bb][et_pb_image src=\u00bbhttps:\/\/www.grupodcc3000.com\/asociado\/lostejeros\/wp-content\/uploads\/sites\/198\/2023\/02\/IMG-20200727-WA0021.jpg\u00bb title_text=\u00bbIMG-20200727-WA0021&#8243; _builder_version=\u00bb4.19.4&#8243; _module_preset=\u00bbdefault\u00bb global_colors_info=\u00bb{}\u00bb][\/et_pb_image][\/et_pb_column][\/et_pb_row][et_pb_row _builder_version=\u00bb4.20.4&#8243; _module_preset=\u00bbdefault\u00bb column_structure=\u00bb1_3,1_3,1_3&#8243;][et_pb_column _builder_version=\u00bb4.20.4&#8243; _module_preset=\u00bbdefault\u00bb type=\u00bb1_3&#8243;][et_pb_image src=\u00bbhttps:\/\/www.grupodcc3000.com\/asociado\/lostejeros\/wp-content\/uploads\/sites\/198\/2023\/07\/DSC00235.jpg\u00bb _builder_version=\u00bb4.20.4&#8243; _module_preset=\u00bbdefault\u00bb title_text=\u00bbDSC00235&#8243; hover_enabled=\u00bb0&#8243; sticky_enabled=\u00bb0&#8243;][\/et_pb_image][\/et_pb_column][et_pb_column _builder_version=\u00bb4.20.4&#8243; _module_preset=\u00bbdefault\u00bb type=\u00bb1_3&#8243;][et_pb_image src=\u00bbhttps:\/\/www.grupodcc3000.com\/asociado\/lostejeros\/wp-content\/uploads\/sites\/198\/2023\/07\/DSC00233.jpg\u00bb _builder_version=\u00bb4.20.4&#8243; _module_preset=\u00bbdefault\u00bb title_text=\u00bbDSC00233&#8243; hover_enabled=\u00bb0&#8243; sticky_enabled=\u00bb0&#8243;][\/et_pb_image][\/et_pb_column][et_pb_column _builder_version=\u00bb4.20.4&#8243; _module_preset=\u00bbdefault\u00bb type=\u00bb1_3&#8243;][et_pb_image src=\u00bbhttps:\/\/www.grupodcc3000.com\/asociado\/lostejeros\/wp-content\/uploads\/sites\/198\/2023\/07\/DSC00160-scaled.jpg\u00bb _builder_version=\u00bb4.20.4&#8243; _module_preset=\u00bbdefault\u00bb title_text=\u00bbDSC00160&#8243; hover_enabled=\u00bb0&#8243; sticky_enabled=\u00bb0&#8243;][\/et_pb_image][\/et_pb_column][\/et_pb_row][\/et_pb_section]<\/p>\n","protected":false},"excerpt":{"rendered":"<p>EMPRESALos Tejeros es una empresa dedicada al transporte y la comercializacion de todo tipo de materiales para la construcci\u00f3n Esta empresa es dirigida por D. Antonio Guti\u00e9rrez, tiene sus instalaciones\u00a0 en\u00a0 la Avda. \u00a0de \u00a0la\u00a0 Paz\u00a0 \u00a0de\u00a0 \u00a0Los Villares, \u00a0a \u00a0solo 10 kms de Ja\u00e9n,\u00a0\u00a0donde podr\u00e1 encontrar\u00a0 \u00a0todo \u00a0 tipo\u00a0 \u00a0de\u00a0 \u00a0materiales \u00a0para\u00a0 \u00a0la\u00a0 \u00a0construcci\u00f3n,\u00a0 [&hellip;]<\/p>\n","protected":false},"author":4,"featured_media":0,"parent":0,"menu_order":0,"comment_status":"closed","ping_status":"closed","template":"","meta":{"_et_pb_use_builder":"on","_et_pb_old_content":"","_et_gb_content_width":"","footnotes":""},"class_list":["post-84","page","type-page","status-publish","hentry"],"_links":{"self":[{"href":"https:\/\/www.grupodcc3000.com\/asociado\/lostejeros\/wp-json\/wp\/v2\/pages\/84","targetHints":{"allow":["GET"]}}],"collection":[{"href":"https:\/\/www.grupodcc3000.com\/asociado\/lostejeros\/wp-json\/wp\/v2\/pages"}],"about":[{"href":"https:\/\/www.grupodcc3000.com\/asociado\/lostejeros\/wp-json\/wp\/v2\/types\/page"}],"author":[{"embeddable":true,"href":"https:\/\/www.grupodcc3000.com\/asociado\/lostejeros\/wp-json\/wp\/v2\/users\/4"}],"replies":[{"embeddable":true,"href":"https:\/\/www.grupodcc3000.com\/asociado\/lostejeros\/wp-json\/wp\/v2\/comments?post=84"}],"version-history":[{"count":4,"href":"https:\/\/www.grupodcc3000.com\/asociado\/lostejeros\/wp-json\/wp\/v2\/pages\/84\/revisions"}],"predecessor-version":[{"id":3102,"href":"https:\/\/www.grupodcc3000.com\/asociado\/lostejeros\/wp-json\/wp\/v2\/pages\/84\/revisions\/3102"}],"wp:attachment":[{"href":"https:\/\/www.grupodcc3000.com\/asociado\/lostejeros\/wp-json\/wp\/v2\/media?parent=84"}],"curies":[{"name":"wp","href":"https:\/\/api.w.org\/{rel}","templated":true}]}}