{"id":84,"date":"2018-11-14T10:36:29","date_gmt":"2018-11-14T10:36:29","guid":{"rendered":"http:\/\/grupodcc3000.com\/miniwebs\/?page_id=84"},"modified":"2019-10-16T13:42:00","modified_gmt":"2019-10-16T11:42:00","slug":"la-empresa","status":"publish","type":"page","link":"https:\/\/www.grupodcc3000.com\/asociado\/materialescantos\/la-empresa\/","title":{"rendered":"La empresa"},"content":{"rendered":"<p>[et_pb_section fb_built=\u00bb1&#8243; fullwidth=\u00bbon\u00bb _builder_version=\u00bb3.0.47&#8243;][et_pb_fullwidth_slider admin_label=\u00bbFoto seccion empresa\u00bb module_id=\u00bbslider_cortado\u00bb module_class=\u00bbslider_cortado\u00bb _builder_version=\u00bb3.18.5&#8243;][et_pb_slide _builder_version=\u00bb3.18.5&#8243; background_image=\u00bbhttps:\/\/grupodcc3000.com\/asociado\/wp-content\/uploads\/2019\/03\/WhatsApp-Image-2018-11-09-at-11.54.19.jpeg\u00bb][\/et_pb_slide][\/et_pb_fullwidth_slider][\/et_pb_section][et_pb_section fb_built=\u00bb1&#8243; _builder_version=\u00bb3.17.6&#8243; background_color=\u00bb#272727&#8243; custom_padding=\u00bb0px|||\u00bb animation_style=\u00bbslide\u00bb global_module=\u00bb388&#8243;][et_pb_row _builder_version=\u00bb3.18.5&#8243;][et_pb_column type=\u00bb4_4&#8243; _builder_version=\u00bb3.0.47&#8243; parallax=\u00bboff\u00bb parallax_method=\u00bbon\u00bb][et_pb_text _builder_version=\u00bb3.18.5&#8243; text_font=\u00bb||||||||\u00bb text_text_color=\u00bb#ffffff\u00bb text_font_size=\u00bb45px\u00bb header_font=\u00bb||||||||\u00bb header_text_align=\u00bbcenter\u00bb header_text_color=\u00bb#ffffff\u00bb header_font_size=\u00bb45px\u00bb]<\/p>\n<h1><strong>EMPRESA<\/strong><\/h1>\n<p>[\/et_pb_text][\/et_pb_column][\/et_pb_row][et_pb_row _builder_version=\u00bb3.18.5&#8243;][et_pb_column type=\u00bb2_5&#8243; _builder_version=\u00bb3.0.47&#8243; parallax=\u00bboff\u00bb parallax_method=\u00bbon\u00bb][et_pb_text _builder_version=\u00bb3.18.5&#8243; text_font=\u00bb||||||||\u00bb text_text_color=\u00bb#ffffff\u00bb]La empresa de Cantos nace en el 1960, con Antonio Cantos Florea vendiendo cal y cemento en la calle Cristobal Colon n\u00ba7, en el patio de una casa con unos cuarenta metros cuadrados. Mas tarde en el 1967 se traslada a la calle Cristobal Col\u00f3n n\u00ba19 con un almac\u00e9n de unos mil metros cuadrados con el nombre de Amacenes Cantos.<br \/>\n            En 1985, se crea Antonio Cantos Mendoza S.L. trasladandonos a la calle Zambullon n\u00ba64 donde permanecemos en la actualidad contando con unas instalaciones de unos 3.800 m2 y una campa de unos 10.000 m2.<br \/>\n      En la actualidad contamos con exposici\u00f3n de azulejos, pavimentos, ferreteria de la construcci\u00f3n, fontaner\u00eda, pinturas, etc&#8230; todo lo relacionado con la construccion. [\/et_pb_text][\/et_pb_column][et_pb_column type=\u00bb3_5&#8243; _builder_version=\u00bb3.0.47&#8243; parallax=\u00bboff\u00bb parallax_method=\u00bbon\u00bb][et_pb_image src=\u00bbhttps:\/\/www.grupodcc3000.com\/asociado\/materialescantos\/wp-content\/uploads\/sites\/80\/2019\/10\/1.png\u00bb _builder_version=\u00bb3.18.5&#8243;][\/et_pb_image][\/et_pb_column][\/et_pb_row][et_pb_row _builder_version=\u00bb3.18.5&#8243;][et_pb_column type=\u00bb1_3&#8243; _builder_version=\u00bb3.18.5&#8243; parallax=\u00bboff\u00bb parallax_method=\u00bbon\u00bb][et_pb_image src=\u00bbhttps:\/\/www.grupodcc3000.com\/asociado\/materialescantos\/wp-content\/uploads\/sites\/80\/2019\/10\/3.png\u00bb _builder_version=\u00bb3.18.5&#8243;][\/et_pb_image][\/et_pb_column][et_pb_column type=\u00bb1_3&#8243; _builder_version=\u00bb3.18.5&#8243; parallax=\u00bboff\u00bb parallax_method=\u00bbon\u00bb][et_pb_image src=\u00bbhttps:\/\/www.grupodcc3000.com\/asociado\/materialescantos\/wp-content\/uploads\/sites\/80\/2019\/10\/2.png\u00bb _builder_version=\u00bb3.18.5&#8243;][\/et_pb_image][\/et_pb_column][et_pb_column type=\u00bb1_3&#8243; _builder_version=\u00bb3.18.5&#8243; parallax=\u00bboff\u00bb parallax_method=\u00bbon\u00bb][et_pb_image src=\u00bbhttps:\/\/www.grupodcc3000.com\/asociado\/materialescantos\/wp-content\/uploads\/sites\/80\/2019\/10\/Sin-t\u00edtulo.jpg\u00bb _builder_version=\u00bb3.18.5&#8243;][\/et_pb_image][\/et_pb_column][\/et_pb_row][et_pb_row _builder_version=\u00bb3.18.5&#8243;][et_pb_column type=\u00bb1_3&#8243; _builder_version=\u00bb3.18.5&#8243; parallax=\u00bboff\u00bb parallax_method=\u00bbon\u00bb][et_pb_image src=\u00bbhttps:\/\/www.grupodcc3000.com\/asociado\/materialescantos\/wp-content\/uploads\/sites\/80\/2019\/10\/8.png\u00bb _builder_version=\u00bb3.18.5&#8243;][\/et_pb_image][\/et_pb_column][et_pb_column type=\u00bb1_3&#8243; _builder_version=\u00bb3.18.5&#8243; parallax=\u00bboff\u00bb parallax_method=\u00bbon\u00bb][et_pb_image src=\u00bbhttps:\/\/www.grupodcc3000.com\/asociado\/materialescantos\/wp-content\/uploads\/sites\/80\/2019\/10\/5.png\u00bb _builder_version=\u00bb3.18.5&#8243;][\/et_pb_image][\/et_pb_column][et_pb_column type=\u00bb1_3&#8243; _builder_version=\u00bb3.18.5&#8243; parallax=\u00bboff\u00bb parallax_method=\u00bbon\u00bb][et_pb_image src=\u00bbhttps:\/\/www.grupodcc3000.com\/asociado\/materialescantos\/wp-content\/uploads\/sites\/80\/2019\/10\/6.png\u00bb _builder_version=\u00bb3.18.5&#8243;][\/et_pb_image][\/et_pb_column][\/et_pb_row][\/et_pb_section]<\/p>\n","protected":false},"excerpt":{"rendered":"<p>EMPRESALa empresa de Cantos nace en el 1960, con Antonio Cantos Florea vendiendo cal y cemento en la calle Cristobal Colon n\u00ba7, en el patio de una casa con unos cuarenta metros cuadrados. Mas tarde en el 1967 se traslada a la calle Cristobal Col\u00f3n n\u00ba19 con un almac\u00e9n de unos mil metros cuadrados con [&hellip;]<\/p>\n","protected":false},"author":4,"featured_media":0,"parent":0,"menu_order":0,"comment_status":"closed","ping_status":"closed","template":"","meta":{"_et_pb_use_builder":"on","_et_pb_old_content":"","_et_gb_content_width":"","footnotes":""},"class_list":["post-84","page","type-page","status-publish","hentry"],"_links":{"self":[{"href":"https:\/\/www.grupodcc3000.com\/asociado\/materialescantos\/wp-json\/wp\/v2\/pages\/84","targetHints":{"allow":["GET"]}}],"collection":[{"href":"https:\/\/www.grupodcc3000.com\/asociado\/materialescantos\/wp-json\/wp\/v2\/pages"}],"about":[{"href":"https:\/\/www.grupodcc3000.com\/asociado\/materialescantos\/wp-json\/wp\/v2\/types\/page"}],"author":[{"embeddable":true,"href":"https:\/\/www.grupodcc3000.com\/asociado\/materialescantos\/wp-json\/wp\/v2\/users\/4"}],"replies":[{"embeddable":true,"href":"https:\/\/www.grupodcc3000.com\/asociado\/materialescantos\/wp-json\/wp\/v2\/comments?post=84"}],"version-history":[{"count":1,"href":"https:\/\/www.grupodcc3000.com\/asociado\/materialescantos\/wp-json\/wp\/v2\/pages\/84\/revisions"}],"predecessor-version":[{"id":1458,"href":"https:\/\/www.grupodcc3000.com\/asociado\/materialescantos\/wp-json\/wp\/v2\/pages\/84\/revisions\/1458"}],"wp:attachment":[{"href":"https:\/\/www.grupodcc3000.com\/asociado\/materialescantos\/wp-json\/wp\/v2\/media?parent=84"}],"curies":[{"name":"wp","href":"https:\/\/api.w.org\/{rel}","templated":true}]}}