{"id":84,"date":"2018-11-14T10:36:29","date_gmt":"2018-11-14T10:36:29","guid":{"rendered":"http:\/\/grupodcc3000.com\/miniwebs\/?page_id=84"},"modified":"2021-09-29T09:12:25","modified_gmt":"2021-09-29T07:12:25","slug":"la-empresa","status":"publish","type":"page","link":"https:\/\/www.grupodcc3000.com\/asociado\/materialesvega\/la-empresa\/","title":{"rendered":"La empresa"},"content":{"rendered":"<p>[et_pb_section fb_built=\u00bb1&#8243; fullwidth=\u00bbon\u00bb _builder_version=\u00bb3.22&#8243; global_colors_info=\u00bb{}\u00bb][et_pb_fullwidth_slider admin_label=\u00bbFoto seccion empresa\u00bb module_id=\u00bbslider_cortado\u00bb module_class=\u00bbslider_cortado\u00bb _builder_version=\u00bb4.10.4&#8243; hover_enabled=\u00bb0&#8243; global_colors_info=\u00bb{}\u00bb sticky_enabled=\u00bb0&#8243;][et_pb_slide _builder_version=\u00bb4.10.4&#8243; background_color=\u00bb#0e007c\u00bb background_enable_color=\u00bbon\u00bb background_image=\u00bbhttps:\/\/www.grupodcc3000.com\/asociado\/materialesvega\/wp-content\/uploads\/sites\/62\/2021\/09\/vega-3.png\u00bb background_enable_image=\u00bbon\u00bb background_position=\u00bbbottom_right\u00bb hover_enabled=\u00bb0&#8243; global_colors_info=\u00bb{}\u00bb sticky_transition=\u00bbon\u00bb title_text=\u00bbvega 3&#8243; sticky_enabled=\u00bb0&#8243;][\/et_pb_slide][\/et_pb_fullwidth_slider][\/et_pb_section][et_pb_section fb_built=\u00bb1&#8243; _builder_version=\u00bb3.17.6&#8243; background_color=\u00bb#272727&#8243; custom_padding=\u00bb0px|9px||||\u00bb animation_style=\u00bbslide\u00bb global_module=\u00bb388&#8243; global_colors_info=\u00bb{}\u00bb][et_pb_row _builder_version=\u00bb3.25&#8243; global_colors_info=\u00bb{}\u00bb custom_padding=\u00bb47px|||||\u00bb][et_pb_column type=\u00bb4_4&#8243; _builder_version=\u00bb3.25&#8243; custom_padding=\u00bb|||\u00bb global_colors_info=\u00bb{}\u00bb custom_padding__hover=\u00bb|||\u00bb][et_pb_text _builder_version=\u00bb3.27.4&#8243; text_font=\u00bb||||||||\u00bb text_text_color=\u00bb#ffffff\u00bb text_font_size=\u00bb45px\u00bb header_font=\u00bb||||||||\u00bb header_text_align=\u00bbcenter\u00bb header_text_color=\u00bb#ffffff\u00bb header_font_size=\u00bb45px\u00bb global_colors_info=\u00bb{}\u00bb]<\/p>\n<h1><strong>EMPRESA<\/strong><\/h1>\n<p>[\/et_pb_text][\/et_pb_column][\/et_pb_row][et_pb_row column_structure=\u00bb1_3,2_3&#8243; _builder_version=\u00bb4.9.3&#8243; _module_preset=\u00bbdefault\u00bb global_colors_info=\u00bb{}\u00bb][et_pb_column type=\u00bb1_3&#8243; _builder_version=\u00bb4.9.3&#8243; _module_preset=\u00bbdefault\u00bb global_colors_info=\u00bb{}\u00bb][et_pb_text _builder_version=\u00bb4.10.4&#8243; _module_preset=\u00bbdefault\u00bb custom_margin=\u00bb|-151px||||\u00bb global_colors_info=\u00bb{}\u00bb]<\/p>\n<p><span style=\"color: #ededed; font-size: small;\"><strong><\/strong><\/span><\/p>\n<p><span style=\"color: #ededed; font-size: small;\"><strong>Materiales de Construcci\u00f3n Vega<\/strong> es una empresa ubicada en Baeza (Ja\u00e9n) fundada en 1962 y especializada en la venta de todo tipo de materiales de construcci\u00f3n.<\/span><\/p>\n<p><span style=\"color: #ededed; font-size: small;\"><\/span><\/p>\n<p><span style=\"color: #ededed; font-size: small;\">En nuestra empresa podr\u00e1 encontrar una amplia exposici\u00f3n con m\u00e1s de <strong>500m2 de azulejos, pavimentos, revestimientos, muebles y accesorios de ba\u00f1o, grifer\u00edas, sanitarios, ba\u00f1eras y columnas de hidromasaje, mamparas, etc\u00e9tera. Adem\u00e1s disponemos de una amplia colecci\u00f3n de art\u00edculos de obra y alba\u00f1iler\u00eda para la realizaci\u00f3n de todo tipo de trabajos de construcci\u00f3n de decoraci\u00f3n, tanto para el interior como para el exterior de su vivienda.<\/strong><\/span><\/p>\n<p><span style=\"color: #ededed; font-size: small;\">Nuestra empresa est\u00e1 formada por un<strong> equipo de profesionales<\/strong> especializados en la atenci\u00f3n, asesoramiento y venta de todos sus productos tanto a particulares como a profesionales.<\/span><\/p>\n<p><span style=\"color: #c6c6c6; font-size: small;\"><span style=\"color: #ededed;\"> A su disposici\u00f3n <strong>los mejores productos del mercado<\/strong> para realizar proyectos elementales, obras de reformas interiores y exteriores, impermeabilizaciones, estructuras, aislamientos..<\/span>.<\/span><span style=\"color: #c6c6c6; font-size: small;\"><\/span><\/p>\n<p><span style=\"color: #c6c6c6; font-size: small;\"><\/span><\/p>\n<p>[\/et_pb_text][\/et_pb_column][et_pb_column type=\u00bb2_3&#8243; _builder_version=\u00bb4.9.3&#8243; _module_preset=\u00bbdefault\u00bb global_colors_info=\u00bb{}\u00bb][et_pb_video src=\u00bbhttps:\/\/www.youtube.com\/watch?v=XQSfixnYujk\u00bb _builder_version=\u00bb4.10.4&#8243; _module_preset=\u00bbdefault\u00bb custom_padding=\u00bb32px|||134px||\u00bb global_colors_info=\u00bb{}\u00bb][\/et_pb_video][\/et_pb_column][\/et_pb_row][et_pb_row _builder_version=\u00bb4.10.4&#8243; _module_preset=\u00bbdefault\u00bb global_colors_info=\u00bb{}\u00bb][et_pb_column type=\u00bb4_4&#8243; _builder_version=\u00bb4.10.4&#8243; _module_preset=\u00bbdefault\u00bb global_colors_info=\u00bb{}\u00bb][et_pb_gallery gallery_ids=\u00bb2669,2668,2667,2666&#8243; show_title_and_caption=\u00bboff\u00bb show_pagination=\u00bboff\u00bb _builder_version=\u00bb4.10.4&#8243; _module_preset=\u00bbdefault\u00bb global_colors_info=\u00bb{}\u00bb][\/et_pb_gallery][\/et_pb_column][\/et_pb_row][et_pb_row _builder_version=\u00bb4.10.4&#8243; _module_preset=\u00bbdefault\u00bb global_colors_info=\u00bb{}\u00bb][et_pb_column type=\u00bb4_4&#8243; _builder_version=\u00bb4.10.4&#8243; _module_preset=\u00bbdefault\u00bb global_colors_info=\u00bb{}\u00bb][et_pb_gallery gallery_ids=\u00bb2665,2664,2663,2662&#8243; show_title_and_caption=\u00bboff\u00bb show_pagination=\u00bboff\u00bb _builder_version=\u00bb4.10.4&#8243; _module_preset=\u00bbdefault\u00bb global_colors_info=\u00bb{}\u00bb][\/et_pb_gallery][\/et_pb_column][\/et_pb_row][\/et_pb_section]<\/p>\n","protected":false},"excerpt":{"rendered":"<p>EMPRESA Materiales de Construcci\u00f3n Vega es una empresa ubicada en Baeza (Ja\u00e9n) fundada en 1962 y especializada en la venta de todo tipo de materiales de construcci\u00f3n. En nuestra empresa podr\u00e1 encontrar una amplia exposici\u00f3n con m\u00e1s de 500m2 de azulejos, pavimentos, revestimientos, muebles y accesorios de ba\u00f1o, grifer\u00edas, sanitarios, ba\u00f1eras y columnas de hidromasaje, [&hellip;]<\/p>\n","protected":false},"author":4,"featured_media":0,"parent":0,"menu_order":0,"comment_status":"closed","ping_status":"closed","template":"","meta":{"_et_pb_use_builder":"on","_et_pb_old_content":"","_et_gb_content_width":"","footnotes":""},"class_list":["post-84","page","type-page","status-publish","hentry"],"yoast_head":"<!-- This site is optimized with the Yoast SEO plugin v27.1.1 - https:\/\/yoast.com\/product\/yoast-seo-wordpress\/ -->\n<title>La empresa - Materiales Manuel Vega Cruz<\/title>\n<meta name=\"robots\" content=\"index, follow, max-snippet:-1, max-image-preview:large, max-video-preview:-1\" \/>\n<link rel=\"canonical\" href=\"https:\/\/www.grupodcc3000.com\/asociado\/materialesvega\/la-empresa\/\" \/>\n<meta property=\"og:locale\" content=\"es_ES\" \/>\n<meta property=\"og:type\" content=\"article\" \/>\n<meta property=\"og:title\" content=\"La empresa - Materiales Manuel Vega Cruz\" \/>\n<meta property=\"og:description\" content=\"EMPRESA Materiales de Construcci\u00f3n Vega es una empresa ubicada en Baeza (Ja\u00e9n) fundada en 1962 y especializada en la venta de todo tipo de materiales de construcci\u00f3n. En nuestra empresa podr\u00e1 encontrar una amplia exposici\u00f3n con m\u00e1s de 500m2 de azulejos, pavimentos, revestimientos, muebles y accesorios de ba\u00f1o, grifer\u00edas, sanitarios, ba\u00f1eras y columnas de hidromasaje, [&hellip;]\" \/>\n<meta property=\"og:url\" content=\"https:\/\/www.grupodcc3000.com\/asociado\/materialesvega\/la-empresa\/\" \/>\n<meta property=\"og:site_name\" content=\"Materiales Manuel Vega Cruz\" \/>\n<meta property=\"article:modified_time\" content=\"2021-09-29T07:12:25+00:00\" \/>\n<meta name=\"twitter:card\" content=\"summary_large_image\" \/>\n<meta name=\"twitter:label1\" content=\"Tiempo de lectura\" \/>\n\t<meta name=\"twitter:data1\" content=\"3 minutos\" \/>\n<script type=\"application\/ld+json\" class=\"yoast-schema-graph\">{\"@context\":\"https:\/\/schema.org\",\"@graph\":[{\"@type\":\"WebPage\",\"@id\":\"https:\/\/www.grupodcc3000.com\/asociado\/materialesvega\/la-empresa\/\",\"url\":\"https:\/\/www.grupodcc3000.com\/asociado\/materialesvega\/la-empresa\/\",\"name\":\"La empresa - Materiales Manuel Vega Cruz\",\"isPartOf\":{\"@id\":\"https:\/\/www.grupodcc3000.com\/asociado\/materialesvega\/#website\"},\"datePublished\":\"2018-11-14T10:36:29+00:00\",\"dateModified\":\"2021-09-29T07:12:25+00:00\",\"breadcrumb\":{\"@id\":\"https:\/\/www.grupodcc3000.com\/asociado\/materialesvega\/la-empresa\/#breadcrumb\"},\"inLanguage\":\"es\",\"potentialAction\":[{\"@type\":\"ReadAction\",\"target\":[\"https:\/\/www.grupodcc3000.com\/asociado\/materialesvega\/la-empresa\/\"]}]},{\"@type\":\"BreadcrumbList\",\"@id\":\"https:\/\/www.grupodcc3000.com\/asociado\/materialesvega\/la-empresa\/#breadcrumb\",\"itemListElement\":[{\"@type\":\"ListItem\",\"position\":1,\"name\":\"Portada\",\"item\":\"https:\/\/www.grupodcc3000.com\/asociado\/materialesvega\/\"},{\"@type\":\"ListItem\",\"position\":2,\"name\":\"La empresa\"}]},{\"@type\":\"WebSite\",\"@id\":\"https:\/\/www.grupodcc3000.com\/asociado\/materialesvega\/#website\",\"url\":\"https:\/\/www.grupodcc3000.com\/asociado\/materialesvega\/\",\"name\":\"Materiales Manuel Vega Cruz\",\"description\":\"Otro sitio m\u00e1s de Asociados GrupoDCC3000\",\"potentialAction\":[{\"@type\":\"SearchAction\",\"target\":{\"@type\":\"EntryPoint\",\"urlTemplate\":\"https:\/\/www.grupodcc3000.com\/asociado\/materialesvega\/?s={search_term_string}\"},\"query-input\":{\"@type\":\"PropertyValueSpecification\",\"valueRequired\":true,\"valueName\":\"search_term_string\"}}],\"inLanguage\":\"es\"}]}<\/script>\n<!-- \/ Yoast SEO plugin. -->","yoast_head_json":{"title":"La empresa - Materiales Manuel Vega Cruz","robots":{"index":"index","follow":"follow","max-snippet":"max-snippet:-1","max-image-preview":"max-image-preview:large","max-video-preview":"max-video-preview:-1"},"canonical":"https:\/\/www.grupodcc3000.com\/asociado\/materialesvega\/la-empresa\/","og_locale":"es_ES","og_type":"article","og_title":"La empresa - Materiales Manuel Vega Cruz","og_description":"EMPRESA Materiales de Construcci\u00f3n Vega es una empresa ubicada en Baeza (Ja\u00e9n) fundada en 1962 y especializada en la venta de todo tipo de materiales de construcci\u00f3n. En nuestra empresa podr\u00e1 encontrar una amplia exposici\u00f3n con m\u00e1s de 500m2 de azulejos, pavimentos, revestimientos, muebles y accesorios de ba\u00f1o, grifer\u00edas, sanitarios, ba\u00f1eras y columnas de hidromasaje, [&hellip;]","og_url":"https:\/\/www.grupodcc3000.com\/asociado\/materialesvega\/la-empresa\/","og_site_name":"Materiales Manuel Vega Cruz","article_modified_time":"2021-09-29T07:12:25+00:00","twitter_card":"summary_large_image","twitter_misc":{"Tiempo de lectura":"3 minutos"},"schema":{"@context":"https:\/\/schema.org","@graph":[{"@type":"WebPage","@id":"https:\/\/www.grupodcc3000.com\/asociado\/materialesvega\/la-empresa\/","url":"https:\/\/www.grupodcc3000.com\/asociado\/materialesvega\/la-empresa\/","name":"La empresa - Materiales Manuel Vega Cruz","isPartOf":{"@id":"https:\/\/www.grupodcc3000.com\/asociado\/materialesvega\/#website"},"datePublished":"2018-11-14T10:36:29+00:00","dateModified":"2021-09-29T07:12:25+00:00","breadcrumb":{"@id":"https:\/\/www.grupodcc3000.com\/asociado\/materialesvega\/la-empresa\/#breadcrumb"},"inLanguage":"es","potentialAction":[{"@type":"ReadAction","target":["https:\/\/www.grupodcc3000.com\/asociado\/materialesvega\/la-empresa\/"]}]},{"@type":"BreadcrumbList","@id":"https:\/\/www.grupodcc3000.com\/asociado\/materialesvega\/la-empresa\/#breadcrumb","itemListElement":[{"@type":"ListItem","position":1,"name":"Portada","item":"https:\/\/www.grupodcc3000.com\/asociado\/materialesvega\/"},{"@type":"ListItem","position":2,"name":"La empresa"}]},{"@type":"WebSite","@id":"https:\/\/www.grupodcc3000.com\/asociado\/materialesvega\/#website","url":"https:\/\/www.grupodcc3000.com\/asociado\/materialesvega\/","name":"Materiales Manuel Vega Cruz","description":"Otro sitio m\u00e1s de Asociados GrupoDCC3000","potentialAction":[{"@type":"SearchAction","target":{"@type":"EntryPoint","urlTemplate":"https:\/\/www.grupodcc3000.com\/asociado\/materialesvega\/?s={search_term_string}"},"query-input":{"@type":"PropertyValueSpecification","valueRequired":true,"valueName":"search_term_string"}}],"inLanguage":"es"}]}},"_links":{"self":[{"href":"https:\/\/www.grupodcc3000.com\/asociado\/materialesvega\/wp-json\/wp\/v2\/pages\/84","targetHints":{"allow":["GET"]}}],"collection":[{"href":"https:\/\/www.grupodcc3000.com\/asociado\/materialesvega\/wp-json\/wp\/v2\/pages"}],"about":[{"href":"https:\/\/www.grupodcc3000.com\/asociado\/materialesvega\/wp-json\/wp\/v2\/types\/page"}],"author":[{"embeddable":true,"href":"https:\/\/www.grupodcc3000.com\/asociado\/materialesvega\/wp-json\/wp\/v2\/users\/4"}],"replies":[{"embeddable":true,"href":"https:\/\/www.grupodcc3000.com\/asociado\/materialesvega\/wp-json\/wp\/v2\/comments?post=84"}],"version-history":[{"count":16,"href":"https:\/\/www.grupodcc3000.com\/asociado\/materialesvega\/wp-json\/wp\/v2\/pages\/84\/revisions"}],"predecessor-version":[{"id":2719,"href":"https:\/\/www.grupodcc3000.com\/asociado\/materialesvega\/wp-json\/wp\/v2\/pages\/84\/revisions\/2719"}],"wp:attachment":[{"href":"https:\/\/www.grupodcc3000.com\/asociado\/materialesvega\/wp-json\/wp\/v2\/media?parent=84"}],"curies":[{"name":"wp","href":"https:\/\/api.w.org\/{rel}","templated":true}]}}