{"id":84,"date":"2018-11-14T10:36:29","date_gmt":"2018-11-14T10:36:29","guid":{"rendered":"http:\/\/grupodcc3000.com\/miniwebs\/?page_id=84"},"modified":"2020-12-02T09:02:27","modified_gmt":"2020-12-02T08:02:27","slug":"la-empresa","status":"publish","type":"page","link":"https:\/\/www.grupodcc3000.com\/asociado\/olialbamateriales\/la-empresa\/","title":{"rendered":"La empresa"},"content":{"rendered":"<p>[et_pb_section fb_built=\u00bb1&#8243; fullwidth=\u00bbon\u00bb _builder_version=\u00bb3.22&#8243;][et_pb_fullwidth_slider admin_label=\u00bbFoto seccion empresa\u00bb module_id=\u00bbslider_cortado\u00bb module_class=\u00bbslider_cortado\u00bb _builder_version=\u00bb3.18.5&#8243;][et_pb_slide _builder_version=\u00bb3.18.5&#8243; background_color=\u00bb#032468&#8243; background_image=\u00bbhttps:\/\/www.grupodcc3000.com\/asociado\/polverocurrito\/wp-content\/uploads\/sites\/29\/2019\/05\/IMG-20190426-WA0016.jpg\u00bb sticky_transition=\u00bbon\u00bb][\/et_pb_slide][\/et_pb_fullwidth_slider][\/et_pb_section][et_pb_section fb_built=\u00bb1&#8243; _builder_version=\u00bb3.17.6&#8243; background_color=\u00bb#272727&#8243; custom_padding=\u00bb0px||65px||false|false\u00bb animation_style=\u00bbslide\u00bb global_module=\u00bb388&#8243;][et_pb_row _builder_version=\u00bb3.25&#8243;][et_pb_column type=\u00bb4_4&#8243; _builder_version=\u00bb3.25&#8243; custom_padding=\u00bb|||\u00bb custom_padding__hover=\u00bb|||\u00bb][et_pb_text _builder_version=\u00bb3.27.4&#8243; text_font=\u00bb||||||||\u00bb text_text_color=\u00bb#ffffff\u00bb text_font_size=\u00bb45px\u00bb header_font=\u00bb||||||||\u00bb header_text_align=\u00bbcenter\u00bb header_text_color=\u00bb#ffffff\u00bb header_font_size=\u00bb45px\u00bb]<\/p>\n<h1><strong>EMPRESA<\/strong><\/h1>\n<p>[\/et_pb_text][\/et_pb_column][\/et_pb_row][et_pb_row _builder_version=\u00bb3.25&#8243; column_structure=\u00bb2_5,3_5&#8243;][et_pb_column type=\u00bb2_5&#8243; _builder_version=\u00bb3.25&#8243; custom_padding=\u00bb|||\u00bb custom_padding__hover=\u00bb|||\u00bb][et_pb_text _builder_version=\u00bb3.27.4&#8243;]<\/p>\n<p><span style=\"color: #ffffff;\">Hermanos Rodr\u00edguez Gelo S.L. es una empresa familiar, fundada hace m\u00e1s de 30 a\u00f1os por nuestro padre. Nuestro almac\u00e9n se sit\u00faa en la comarca del Aljarafe, concretamente en Albaida del Aljarafe. Nuestras instalaciones cuentan con mas de 5000 m\u00b2, donde ofrecemos al cliente todo tipo de materiales de construcci\u00f3n. Tambi\u00e9n contamos con servicio de camiones gr\u00faas, camiones contenedores, cubas, carretilla, etc.<\/span><\/p>\n<p>&nbsp;<\/p>\n<p><span style=\"color: #ffffff;\">La caracter\u00edstica que nos avala es el trato personalizado que le damos a nuestros clientes, y la calidad de nuestros productos, tanto en cantidades grandes de materiales como de peque\u00f1as cantidades.<\/span><\/p>\n<p>[\/et_pb_text][\/et_pb_column][et_pb_column type=\u00bb3_5&#8243; _builder_version=\u00bb3.25&#8243; custom_padding=\u00bb|||\u00bb custom_padding__hover=\u00bb|||\u00bb][et_pb_image src=\u00bbhttps:\/\/www.grupodcc3000.com\/asociado\/polverocurrito\/wp-content\/uploads\/sites\/29\/2019\/05\/IMG-20190426-WA0059.jpg\u00bb align_tablet=\u00bbcenter\u00bb align_last_edited=\u00bbon|desktop\u00bb _builder_version=\u00bb4.6.5&#8243; hover_enabled=\u00bb0&#8243; width=\u00bb100%\u00bb sticky_enabled=\u00bb0&#8243;][\/et_pb_image][\/et_pb_column][\/et_pb_row][et_pb_row _builder_version=\u00bb3.25&#8243; column_structure=\u00bb1_4,1_4,1_4,1_4&#8243;][et_pb_column type=\u00bb1_4&#8243; _builder_version=\u00bb3.25&#8243; custom_padding=\u00bb|||\u00bb custom_padding__hover=\u00bb|||\u00bb][et_pb_image src=\u00bbhttps:\/\/www.grupodcc3000.com\/asociado\/polverocurrito\/wp-content\/uploads\/sites\/29\/2019\/05\/IMG-20190426-WA0009.jpg\u00bb align_tablet=\u00bbcenter\u00bb align_last_edited=\u00bbon|desktop\u00bb _builder_version=\u00bb3.23&#8243;][\/et_pb_image][\/et_pb_column][et_pb_column type=\u00bb1_4&#8243; _builder_version=\u00bb3.25&#8243; custom_padding=\u00bb|||\u00bb custom_padding__hover=\u00bb|||\u00bb][et_pb_image src=\u00bbhttps:\/\/www.grupodcc3000.com\/asociado\/polverocurrito\/wp-content\/uploads\/sites\/29\/2019\/05\/IMG-20190426-WA0013.jpg\u00bb align_tablet=\u00bbcenter\u00bb align_last_edited=\u00bbon|desktop\u00bb _builder_version=\u00bb3.23&#8243;][\/et_pb_image][\/et_pb_column][et_pb_column type=\u00bb1_4&#8243; _builder_version=\u00bb3.25&#8243; custom_padding=\u00bb|||\u00bb custom_padding__hover=\u00bb|||\u00bb][et_pb_image src=\u00bbhttps:\/\/www.grupodcc3000.com\/asociado\/polverocurrito\/wp-content\/uploads\/sites\/29\/2019\/05\/IMG-20190426-WA0012.jpg\u00bb align_tablet=\u00bbcenter\u00bb align_last_edited=\u00bbon|desktop\u00bb _builder_version=\u00bb3.23&#8243;][\/et_pb_image][\/et_pb_column][et_pb_column type=\u00bb1_4&#8243; _builder_version=\u00bb3.25&#8243; custom_padding=\u00bb|||\u00bb custom_padding__hover=\u00bb|||\u00bb][et_pb_image src=\u00bbhttps:\/\/www.grupodcc3000.com\/asociado\/polverocurrito\/wp-content\/uploads\/sites\/29\/2019\/05\/IMG-20190426-WA0011.jpg\u00bb align_tablet=\u00bbcenter\u00bb align_last_edited=\u00bbon|desktop\u00bb _builder_version=\u00bb3.23&#8243;][\/et_pb_image][\/et_pb_column][\/et_pb_row][et_pb_row _builder_version=\u00bb3.25&#8243; column_structure=\u00bb1_4,1_4,1_4,1_4&#8243;][et_pb_column type=\u00bb1_4&#8243; _builder_version=\u00bb3.25&#8243; custom_padding=\u00bb|||\u00bb custom_padding__hover=\u00bb|||\u00bb][et_pb_image src=\u00bbhttps:\/\/www.grupodcc3000.com\/asociado\/polverocurrito\/wp-content\/uploads\/sites\/29\/2019\/05\/IMG-20190426-WA0026.jpg\u00bb align_tablet=\u00bbcenter\u00bb align_last_edited=\u00bbon|desktop\u00bb _builder_version=\u00bb3.23&#8243;][\/et_pb_image][\/et_pb_column][et_pb_column type=\u00bb1_4&#8243; _builder_version=\u00bb3.25&#8243; custom_padding=\u00bb|||\u00bb custom_padding__hover=\u00bb|||\u00bb][et_pb_image src=\u00bbhttps:\/\/www.grupodcc3000.com\/asociado\/polverocurrito\/wp-content\/uploads\/sites\/29\/2019\/05\/IMG-20190426-WA0038.jpg\u00bb align_tablet=\u00bbcenter\u00bb align_last_edited=\u00bbon|desktop\u00bb _builder_version=\u00bb3.23&#8243;][\/et_pb_image][\/et_pb_column][et_pb_column type=\u00bb1_4&#8243; _builder_version=\u00bb3.25&#8243; custom_padding=\u00bb|||\u00bb custom_padding__hover=\u00bb|||\u00bb][et_pb_image src=\u00bbhttps:\/\/www.grupodcc3000.com\/asociado\/polverocurrito\/wp-content\/uploads\/sites\/29\/2019\/05\/IMG-20190426-WA0023.jpg\u00bb align_tablet=\u00bbcenter\u00bb align_last_edited=\u00bbon|desktop\u00bb _builder_version=\u00bb3.23&#8243;][\/et_pb_image][\/et_pb_column][et_pb_column type=\u00bb1_4&#8243; _builder_version=\u00bb3.25&#8243; custom_padding=\u00bb|||\u00bb custom_padding__hover=\u00bb|||\u00bb][et_pb_image src=\u00bbhttps:\/\/www.grupodcc3000.com\/asociado\/polverocurrito\/wp-content\/uploads\/sites\/29\/2019\/05\/IMG-20190426-WA0016.jpg\u00bb align_tablet=\u00bbcenter\u00bb align_last_edited=\u00bbon|desktop\u00bb _builder_version=\u00bb3.23&#8243;][\/et_pb_image][\/et_pb_column][\/et_pb_row][\/et_pb_section]<\/p>\n","protected":false},"excerpt":{"rendered":"<p>EMPRESAHermanos Rodr\u00edguez Gelo S.L. es una empresa familiar, fundada hace m\u00e1s de 30 a\u00f1os por nuestro padre. Nuestro almac\u00e9n se sit\u00faa en la comarca del Aljarafe, concretamente en Albaida del Aljarafe. Nuestras instalaciones cuentan con mas de 5000 m\u00b2, donde ofrecemos al cliente todo tipo de materiales de construcci\u00f3n. Tambi\u00e9n contamos con servicio de camiones [&hellip;]<\/p>\n","protected":false},"author":4,"featured_media":0,"parent":0,"menu_order":0,"comment_status":"closed","ping_status":"closed","template":"","meta":{"_et_pb_use_builder":"on","_et_pb_old_content":"","_et_gb_content_width":"","footnotes":""},"class_list":["post-84","page","type-page","status-publish","hentry"],"yoast_head":"<!-- This site is optimized with the Yoast SEO plugin v27.1.1 - https:\/\/yoast.com\/product\/yoast-seo-wordpress\/ -->\n<title>La empresa - Olialba Materiales<\/title>\n<meta name=\"robots\" content=\"index, follow, max-snippet:-1, max-image-preview:large, max-video-preview:-1\" \/>\n<link rel=\"canonical\" href=\"https:\/\/www.grupodcc3000.com\/asociado\/olialbamateriales\/la-empresa\/\" \/>\n<meta property=\"og:locale\" content=\"es_ES\" \/>\n<meta property=\"og:type\" content=\"article\" \/>\n<meta property=\"og:title\" content=\"La empresa - Olialba Materiales\" \/>\n<meta property=\"og:description\" content=\"EMPRESAHermanos Rodr\u00edguez Gelo S.L. es una empresa familiar, fundada hace m\u00e1s de 30 a\u00f1os por nuestro padre. Nuestro almac\u00e9n se sit\u00faa en la comarca del Aljarafe, concretamente en Albaida del Aljarafe. Nuestras instalaciones cuentan con mas de 5000 m\u00b2, donde ofrecemos al cliente todo tipo de materiales de construcci\u00f3n. Tambi\u00e9n contamos con servicio de camiones [&hellip;]\" \/>\n<meta property=\"og:url\" content=\"https:\/\/www.grupodcc3000.com\/asociado\/olialbamateriales\/la-empresa\/\" \/>\n<meta property=\"og:site_name\" content=\"Olialba Materiales\" \/>\n<meta property=\"article:modified_time\" content=\"2020-12-02T08:02:27+00:00\" \/>\n<meta name=\"twitter:card\" content=\"summary_large_image\" \/>\n<meta name=\"twitter:label1\" content=\"Tiempo de lectura\" \/>\n\t<meta name=\"twitter:data1\" content=\"3 minutos\" \/>\n<script type=\"application\/ld+json\" class=\"yoast-schema-graph\">{\"@context\":\"https:\/\/schema.org\",\"@graph\":[{\"@type\":\"WebPage\",\"@id\":\"https:\/\/www.grupodcc3000.com\/asociado\/olialbamateriales\/la-empresa\/\",\"url\":\"https:\/\/www.grupodcc3000.com\/asociado\/olialbamateriales\/la-empresa\/\",\"name\":\"La empresa - Olialba Materiales\",\"isPartOf\":{\"@id\":\"https:\/\/www.grupodcc3000.com\/asociado\/olialbamateriales\/#website\"},\"datePublished\":\"2018-11-14T10:36:29+00:00\",\"dateModified\":\"2020-12-02T08:02:27+00:00\",\"breadcrumb\":{\"@id\":\"https:\/\/www.grupodcc3000.com\/asociado\/olialbamateriales\/la-empresa\/#breadcrumb\"},\"inLanguage\":\"es\",\"potentialAction\":[{\"@type\":\"ReadAction\",\"target\":[\"https:\/\/www.grupodcc3000.com\/asociado\/olialbamateriales\/la-empresa\/\"]}]},{\"@type\":\"BreadcrumbList\",\"@id\":\"https:\/\/www.grupodcc3000.com\/asociado\/olialbamateriales\/la-empresa\/#breadcrumb\",\"itemListElement\":[{\"@type\":\"ListItem\",\"position\":1,\"name\":\"Portada\",\"item\":\"https:\/\/www.grupodcc3000.com\/asociado\/olialbamateriales\/\"},{\"@type\":\"ListItem\",\"position\":2,\"name\":\"La empresa\"}]},{\"@type\":\"WebSite\",\"@id\":\"https:\/\/www.grupodcc3000.com\/asociado\/olialbamateriales\/#website\",\"url\":\"https:\/\/www.grupodcc3000.com\/asociado\/olialbamateriales\/\",\"name\":\"Olialba Materiales\",\"description\":\"Otro sitio m\u00e1s de Asociados GrupoDCC3000\",\"potentialAction\":[{\"@type\":\"SearchAction\",\"target\":{\"@type\":\"EntryPoint\",\"urlTemplate\":\"https:\/\/www.grupodcc3000.com\/asociado\/olialbamateriales\/?s={search_term_string}\"},\"query-input\":{\"@type\":\"PropertyValueSpecification\",\"valueRequired\":true,\"valueName\":\"search_term_string\"}}],\"inLanguage\":\"es\"}]}<\/script>\n<!-- \/ Yoast SEO plugin. -->","yoast_head_json":{"title":"La empresa - Olialba Materiales","robots":{"index":"index","follow":"follow","max-snippet":"max-snippet:-1","max-image-preview":"max-image-preview:large","max-video-preview":"max-video-preview:-1"},"canonical":"https:\/\/www.grupodcc3000.com\/asociado\/olialbamateriales\/la-empresa\/","og_locale":"es_ES","og_type":"article","og_title":"La empresa - Olialba Materiales","og_description":"EMPRESAHermanos Rodr\u00edguez Gelo S.L. es una empresa familiar, fundada hace m\u00e1s de 30 a\u00f1os por nuestro padre. Nuestro almac\u00e9n se sit\u00faa en la comarca del Aljarafe, concretamente en Albaida del Aljarafe. Nuestras instalaciones cuentan con mas de 5000 m\u00b2, donde ofrecemos al cliente todo tipo de materiales de construcci\u00f3n. Tambi\u00e9n contamos con servicio de camiones [&hellip;]","og_url":"https:\/\/www.grupodcc3000.com\/asociado\/olialbamateriales\/la-empresa\/","og_site_name":"Olialba Materiales","article_modified_time":"2020-12-02T08:02:27+00:00","twitter_card":"summary_large_image","twitter_misc":{"Tiempo de lectura":"3 minutos"},"schema":{"@context":"https:\/\/schema.org","@graph":[{"@type":"WebPage","@id":"https:\/\/www.grupodcc3000.com\/asociado\/olialbamateriales\/la-empresa\/","url":"https:\/\/www.grupodcc3000.com\/asociado\/olialbamateriales\/la-empresa\/","name":"La empresa - Olialba Materiales","isPartOf":{"@id":"https:\/\/www.grupodcc3000.com\/asociado\/olialbamateriales\/#website"},"datePublished":"2018-11-14T10:36:29+00:00","dateModified":"2020-12-02T08:02:27+00:00","breadcrumb":{"@id":"https:\/\/www.grupodcc3000.com\/asociado\/olialbamateriales\/la-empresa\/#breadcrumb"},"inLanguage":"es","potentialAction":[{"@type":"ReadAction","target":["https:\/\/www.grupodcc3000.com\/asociado\/olialbamateriales\/la-empresa\/"]}]},{"@type":"BreadcrumbList","@id":"https:\/\/www.grupodcc3000.com\/asociado\/olialbamateriales\/la-empresa\/#breadcrumb","itemListElement":[{"@type":"ListItem","position":1,"name":"Portada","item":"https:\/\/www.grupodcc3000.com\/asociado\/olialbamateriales\/"},{"@type":"ListItem","position":2,"name":"La empresa"}]},{"@type":"WebSite","@id":"https:\/\/www.grupodcc3000.com\/asociado\/olialbamateriales\/#website","url":"https:\/\/www.grupodcc3000.com\/asociado\/olialbamateriales\/","name":"Olialba Materiales","description":"Otro sitio m\u00e1s de Asociados GrupoDCC3000","potentialAction":[{"@type":"SearchAction","target":{"@type":"EntryPoint","urlTemplate":"https:\/\/www.grupodcc3000.com\/asociado\/olialbamateriales\/?s={search_term_string}"},"query-input":{"@type":"PropertyValueSpecification","valueRequired":true,"valueName":"search_term_string"}}],"inLanguage":"es"}]}},"_links":{"self":[{"href":"https:\/\/www.grupodcc3000.com\/asociado\/olialbamateriales\/wp-json\/wp\/v2\/pages\/84","targetHints":{"allow":["GET"]}}],"collection":[{"href":"https:\/\/www.grupodcc3000.com\/asociado\/olialbamateriales\/wp-json\/wp\/v2\/pages"}],"about":[{"href":"https:\/\/www.grupodcc3000.com\/asociado\/olialbamateriales\/wp-json\/wp\/v2\/types\/page"}],"author":[{"embeddable":true,"href":"https:\/\/www.grupodcc3000.com\/asociado\/olialbamateriales\/wp-json\/wp\/v2\/users\/4"}],"replies":[{"embeddable":true,"href":"https:\/\/www.grupodcc3000.com\/asociado\/olialbamateriales\/wp-json\/wp\/v2\/comments?post=84"}],"version-history":[{"count":5,"href":"https:\/\/www.grupodcc3000.com\/asociado\/olialbamateriales\/wp-json\/wp\/v2\/pages\/84\/revisions"}],"predecessor-version":[{"id":2017,"href":"https:\/\/www.grupodcc3000.com\/asociado\/olialbamateriales\/wp-json\/wp\/v2\/pages\/84\/revisions\/2017"}],"wp:attachment":[{"href":"https:\/\/www.grupodcc3000.com\/asociado\/olialbamateriales\/wp-json\/wp\/v2\/media?parent=84"}],"curies":[{"name":"wp","href":"https:\/\/api.w.org\/{rel}","templated":true}]}}