{"id":84,"date":"2018-11-14T10:36:29","date_gmt":"2018-11-14T10:36:29","guid":{"rendered":"http:\/\/grupodcc3000.com\/miniwebs\/?page_id=84"},"modified":"2022-03-03T09:52:17","modified_gmt":"2022-03-03T09:52:17","slug":"la-empresa","status":"publish","type":"page","link":"https:\/\/www.grupodcc3000.com\/asociado\/pedroriosehijos\/la-empresa\/","title":{"rendered":"La empresa"},"content":{"rendered":"<p>[et_pb_section fb_built=\u00bb1&#8243; fullwidth=\u00bbon\u00bb _builder_version=\u00bb3.22&#8243; global_colors_info=\u00bb{}\u00bb][et_pb_fullwidth_slider admin_label=\u00bbFoto seccion empresa\u00bb module_id=\u00bbslider_cortado\u00bb module_class=\u00bbslider_cortado\u00bb _builder_version=\u00bb4.14.8&#8243; global_colors_info=\u00bb{}\u00bb][et_pb_slide _builder_version=\u00bb4.14.8&#8243; background_image=\u00bbhttp:\/\/www.grupodcc3000.com\/asociado\/pedrorios\/wp-content\/uploads\/sites\/179\/2022\/03\/AZULEJO-pasta-rojablanca-y-porcelanico-scaled.jpg\u00bb background_enable_image=\u00bbon\u00bb background_position=\u00bbtop_right\u00bb global_colors_info=\u00bb{}\u00bb sticky_transition=\u00bbon\u00bb][\/et_pb_slide][\/et_pb_fullwidth_slider][\/et_pb_section][et_pb_section fb_built=\u00bb1&#8243; _builder_version=\u00bb3.17.6&#8243; background_color=\u00bb#272727&#8243; custom_padding=\u00bb0px||0px|||\u00bb animation_style=\u00bbslide\u00bb global_module=\u00bb388&#8243; global_colors_info=\u00bb{}\u00bb][et_pb_row _builder_version=\u00bb3.25&#8243; global_colors_info=\u00bb{}\u00bb][et_pb_column type=\u00bb4_4&#8243; _builder_version=\u00bb3.25&#8243; custom_padding=\u00bb|||\u00bb global_colors_info=\u00bb{}\u00bb custom_padding__hover=\u00bb|||\u00bb][et_pb_text _builder_version=\u00bb3.27.4&#8243; text_font=\u00bb||||||||\u00bb text_text_color=\u00bb#ffffff\u00bb text_font_size=\u00bb45px\u00bb header_font=\u00bb||||||||\u00bb header_text_align=\u00bbcenter\u00bb header_text_color=\u00bb#ffffff\u00bb header_font_size=\u00bb45px\u00bb global_colors_info=\u00bb{}\u00bb]<\/p>\n<h1><strong>EMPRESA<\/strong><\/h1>\n<p>[\/et_pb_text][\/et_pb_column][\/et_pb_row][et_pb_row column_structure=\u00bb2_5,3_5&#8243; _builder_version=\u00bb3.25&#8243; global_colors_info=\u00bb{}\u00bb custom_padding=\u00bb4px||51px|||\u00bb custom_margin=\u00bb|auto|-4px|auto||\u00bb][et_pb_column type=\u00bb2_5&#8243; _builder_version=\u00bb3.25&#8243; custom_padding=\u00bb|||\u00bb global_colors_info=\u00bb{}\u00bb custom_padding__hover=\u00bb|||\u00bb][et_pb_text _builder_version=\u00bb4.14.8&#8243; text_font_size=\u00bb15px\u00bb text_line_height=\u00bb1.8em\u00bb custom_padding=\u00bb22px|||||\u00bb global_colors_info=\u00bb{}\u00bb]<\/p>\n<p><span style=\"color: #ffffff;\">En nuestra tienda <strong>Pedro R\u00edos e Hijos S.L.<\/strong> puedes encontrar todo lo que necesitas para tu futura obra \/ reforma.\u00a0<\/span><\/p>\n<p><span style=\"color: #999999;\">\ud83c\udfd7 Materiales de Construcci\u00f3n<\/span><br \/><span style=\"color: #999999;\">\u25fe\ufe0f\u25fd\ufe0f Pavimentos y Revestimientos<\/span><br \/><span style=\"color: #999999;\">\ud83d\udec1\ud83c\udf7d Ba\u00f1os, Cocinas, Mobiliario&#8230;<\/span><\/p>\n<p><span style=\"color: #ffffff;\">Venta de materiales y proyectos de decoraci\u00f3n, azulejos, pavimentos, sanitarios, muebles, grifer\u00eda, hidromasaje, mamparas, complementos, calefacci\u00f3n.<\/span><\/p>\n<p><em><span style=\"color: #ffffff;\">No dudes en visitarnos y juntos creamos el proyecto de tus sue\u00f1os.<\/span><\/em><\/p>\n<p>[\/et_pb_text][\/et_pb_column][et_pb_column type=\u00bb3_5&#8243; _builder_version=\u00bb3.25&#8243; custom_padding=\u00bb|||\u00bb global_colors_info=\u00bb{}\u00bb custom_padding__hover=\u00bb|||\u00bb][et_pb_image src=\u00bbhttp:\/\/www.grupodcc3000.com\/asociado\/pedrorios\/wp-content\/uploads\/sites\/179\/2022\/03\/pedro-rios-e-hijos-2-e1646300865821.jpg\u00bb title_text=\u00bbpedro rios e hijos 2&#8243; _builder_version=\u00bb4.14.8&#8243; _module_preset=\u00bbdefault\u00bb global_colors_info=\u00bb{}\u00bb][\/et_pb_image][\/et_pb_column][\/et_pb_row][et_pb_row _builder_version=\u00bb4.14.8&#8243; _module_preset=\u00bbdefault\u00bb custom_padding=\u00bb2px||3px|||\u00bb global_colors_info=\u00bb{}\u00bb][et_pb_column type=\u00bb4_4&#8243; _builder_version=\u00bb4.14.8&#8243; _module_preset=\u00bbdefault\u00bb global_colors_info=\u00bb{}\u00bb][et_pb_gallery gallery_ids=\u00bb2819,2820,2821,2822&#8243; show_title_and_caption=\u00bboff\u00bb show_pagination=\u00bboff\u00bb _builder_version=\u00bb4.14.8&#8243; _module_preset=\u00bbdefault\u00bb global_colors_info=\u00bb{}\u00bb custom_padding=\u00bb44px||37px|||\u00bb custom_margin=\u00bb||-8px|||\u00bb][\/et_pb_gallery][\/et_pb_column][\/et_pb_row][et_pb_row _builder_version=\u00bb4.14.8&#8243; _module_preset=\u00bbdefault\u00bb global_colors_info=\u00bb{}\u00bb][et_pb_column type=\u00bb4_4&#8243; _builder_version=\u00bb4.14.8&#8243; _module_preset=\u00bbdefault\u00bb global_colors_info=\u00bb{}\u00bb][et_pb_gallery gallery_ids=\u00bb2817,2814,2818,2816&#8243; _builder_version=\u00bb4.14.8&#8243; _module_preset=\u00bbdefault\u00bb global_colors_info=\u00bb{}\u00bb][\/et_pb_gallery][\/et_pb_column][\/et_pb_row][\/et_pb_section]<\/p>\n","protected":false},"excerpt":{"rendered":"<p>EMPRESAEn nuestra tienda Pedro R\u00edos e Hijos S.L. puedes encontrar todo lo que necesitas para tu futura obra \/ reforma.\u00a0 \ud83c\udfd7 Materiales de Construcci\u00f3n\u25fe\ufe0f\u25fd\ufe0f Pavimentos y Revestimientos\ud83d\udec1\ud83c\udf7d Ba\u00f1os, Cocinas, Mobiliario&#8230; Venta de materiales y proyectos de decoraci\u00f3n, azulejos, pavimentos, sanitarios, muebles, grifer\u00eda, hidromasaje, mamparas, complementos, calefacci\u00f3n. No dudes en visitarnos y juntos creamos el proyecto [&hellip;]<\/p>\n","protected":false},"author":4,"featured_media":0,"parent":0,"menu_order":0,"comment_status":"closed","ping_status":"closed","template":"","meta":{"_et_pb_use_builder":"on","_et_pb_old_content":"","_et_gb_content_width":"","footnotes":""},"class_list":["post-84","page","type-page","status-publish","hentry"],"_links":{"self":[{"href":"https:\/\/www.grupodcc3000.com\/asociado\/pedroriosehijos\/wp-json\/wp\/v2\/pages\/84","targetHints":{"allow":["GET"]}}],"collection":[{"href":"https:\/\/www.grupodcc3000.com\/asociado\/pedroriosehijos\/wp-json\/wp\/v2\/pages"}],"about":[{"href":"https:\/\/www.grupodcc3000.com\/asociado\/pedroriosehijos\/wp-json\/wp\/v2\/types\/page"}],"author":[{"embeddable":true,"href":"https:\/\/www.grupodcc3000.com\/asociado\/pedroriosehijos\/wp-json\/wp\/v2\/users\/4"}],"replies":[{"embeddable":true,"href":"https:\/\/www.grupodcc3000.com\/asociado\/pedroriosehijos\/wp-json\/wp\/v2\/comments?post=84"}],"version-history":[{"count":4,"href":"https:\/\/www.grupodcc3000.com\/asociado\/pedroriosehijos\/wp-json\/wp\/v2\/pages\/84\/revisions"}],"predecessor-version":[{"id":2839,"href":"https:\/\/www.grupodcc3000.com\/asociado\/pedroriosehijos\/wp-json\/wp\/v2\/pages\/84\/revisions\/2839"}],"wp:attachment":[{"href":"https:\/\/www.grupodcc3000.com\/asociado\/pedroriosehijos\/wp-json\/wp\/v2\/media?parent=84"}],"curies":[{"name":"wp","href":"https:\/\/api.w.org\/{rel}","templated":true}]}}