{"id":84,"date":"2018-11-14T10:36:29","date_gmt":"2018-11-14T10:36:29","guid":{"rendered":"http:\/\/grupodcc3000.com\/miniwebs\/?page_id=84"},"modified":"2021-02-25T12:06:20","modified_gmt":"2021-02-25T12:06:20","slug":"la-empresa","status":"publish","type":"page","link":"https:\/\/www.grupodcc3000.com\/asociado\/pedrotomannieto\/la-empresa\/","title":{"rendered":"La empresa"},"content":{"rendered":"<p>[et_pb_section fb_built=\u00bb1&#8243; fullwidth=\u00bbon\u00bb _builder_version=\u00bb3.22&#8243;][et_pb_fullwidth_slider admin_label=\u00bbFoto seccion empresa\u00bb module_id=\u00bbslider_cortado\u00bb module_class=\u00bbslider_cortado\u00bb _builder_version=\u00bb4.7.7&#8243; hover_enabled=\u00bb0&#8243; sticky_enabled=\u00bb0&#8243;][et_pb_slide _builder_version=\u00bb4.7.7&#8243; background_image=\u00bbhttp:\/\/www.grupodcc3000.com\/asociado\/pedrotomannieto\/wp-content\/uploads\/sites\/155\/2019\/03\/materiales-construccion-5.jpg\u00bb hover_enabled=\u00bb0&#8243; sticky_transition=\u00bbon\u00bb background_enable_image=\u00bbon\u00bb title_text=\u00bbmateriales construccion 5&#8243; sticky_enabled=\u00bb0&#8243;][\/et_pb_slide][\/et_pb_fullwidth_slider][\/et_pb_section][et_pb_section fb_built=\u00bb1&#8243; _builder_version=\u00bb3.17.6&#8243; background_color=\u00bb#272727&#8243; custom_padding=\u00bb0px|||\u00bb animation_style=\u00bbslide\u00bb global_module=\u00bb388&#8243;][et_pb_row _builder_version=\u00bb3.25&#8243;][et_pb_column type=\u00bb4_4&#8243; _builder_version=\u00bb3.25&#8243; custom_padding=\u00bb|||\u00bb custom_padding__hover=\u00bb|||\u00bb][et_pb_text _builder_version=\u00bb3.27.4&#8243; text_font=\u00bb||||||||\u00bb text_text_color=\u00bb#ffffff\u00bb text_font_size=\u00bb45px\u00bb header_font=\u00bb||||||||\u00bb header_text_align=\u00bbcenter\u00bb header_text_color=\u00bb#ffffff\u00bb header_font_size=\u00bb45px\u00bb]<\/p>\n<h1><strong>EMPRESA<\/strong><\/h1>\n<p>[\/et_pb_text][\/et_pb_column][\/et_pb_row][et_pb_row _builder_version=\u00bb3.25&#8243; column_structure=\u00bb2_5,3_5&#8243;][et_pb_column type=\u00bb2_5&#8243; _builder_version=\u00bb3.25&#8243; custom_padding=\u00bb|||\u00bb custom_padding__hover=\u00bb|||\u00bb][et_pb_text _builder_version=\u00bb4.7.7&#8243; hover_enabled=\u00bb0&#8243; sticky_enabled=\u00bb0&#8243;]<\/p>\n<p><span style=\"font-size: 14px;\"><\/span><\/p>\n<p><span style=\"font-size: 14px;\"><\/span><\/p>\n<p><span style=\"font-size: 14px;\">Somos una empresa dedicada a la distribuci\u00f3n de todo tipo de materiales de construcci\u00f3n con m\u00e1s de <strong>35 a\u00f1os de presencia<\/strong> y trayectoria en el mercado.<\/span><\/p>\n<p>Desde el comienzo de nuestras actividades, nos especializamos en el suministro de materiales de construcci\u00f3n y hemos incorporado nuevas l\u00edneas de productos. Contamos con unas <strong>22000 referencias<\/strong> con el objeto de proveer a nuestros clientes una soluci\u00f3n integral a sus necesidades, as\u00ed como:<\/p>\n<p>\u25fe\ufe0f\u25fd\ufe0f<strong> Pavimentos, revestimientos<\/strong><br \/><strong>\ud83d\udec1\ud83c\udf7d Ba\u00f1os, Ferreter\u00eda, Mobiliario&#8230;<\/strong><br \/>Herramientas y maquinaria en alquiler y contamos con licencia con el G.R.U.n\u00ba 4081 para la recepci\u00f3n y gesti\u00f3n de residuos.<\/p>\n<p>[\/et_pb_text][\/et_pb_column][et_pb_column type=\u00bb3_5&#8243; _builder_version=\u00bb3.25&#8243; custom_padding=\u00bb|||\u00bb custom_padding__hover=\u00bb|||\u00bb][et_pb_image src=\u00bbhttp:\/\/www.grupodcc3000.com\/asociado\/pedrotomannieto\/wp-content\/uploads\/sites\/155\/2021\/02\/banner-pedro-toman-nieto-construccion.png\u00bb _builder_version=\u00bb4.7.7&#8243; _module_preset=\u00bbdefault\u00bb title_text=\u00bbbanner pedro toman nieto construccion\u00bb hover_enabled=\u00bb0&#8243; sticky_enabled=\u00bb0&#8243; custom_padding=\u00bb|||98px||\u00bb][\/et_pb_image][\/et_pb_column][\/et_pb_row][et_pb_row _builder_version=\u00bb4.7.7&#8243; _module_preset=\u00bbdefault\u00bb column_structure=\u00bb1_3,1_3,1_3&#8243; use_custom_gutter=\u00bbon\u00bb gutter_width=\u00bb2&#8243; width=\u00bb82%\u00bb hover_enabled=\u00bb0&#8243; sticky_enabled=\u00bb0&#8243;][et_pb_column _builder_version=\u00bb4.7.7&#8243; _module_preset=\u00bbdefault\u00bb type=\u00bb1_3&#8243;][et_pb_image src=\u00bbhttp:\/\/www.grupodcc3000.com\/asociado\/pedrotomannieto\/wp-content\/uploads\/sites\/155\/2021\/02\/IMG_1891-scaled.jpg\u00bb _builder_version=\u00bb4.7.7&#8243; _module_preset=\u00bbdefault\u00bb hover_enabled=\u00bb0&#8243; sticky_enabled=\u00bb0&#8243; title_text=\u00bbIMG_1891&#8243;][\/et_pb_image][\/et_pb_column][et_pb_column _builder_version=\u00bb4.7.7&#8243; _module_preset=\u00bbdefault\u00bb type=\u00bb1_3&#8243;][et_pb_image src=\u00bbhttp:\/\/www.grupodcc3000.com\/asociado\/pedrotomannieto\/wp-content\/uploads\/sites\/155\/2021\/02\/IMG_1898-scaled.jpg\u00bb _builder_version=\u00bb4.7.7&#8243; _module_preset=\u00bbdefault\u00bb hover_enabled=\u00bb0&#8243; sticky_enabled=\u00bb0&#8243; title_text=\u00bbIMG_1898&#8243;][\/et_pb_image][\/et_pb_column][et_pb_column _builder_version=\u00bb4.7.7&#8243; _module_preset=\u00bbdefault\u00bb type=\u00bb1_3&#8243;][et_pb_image src=\u00bbhttp:\/\/www.grupodcc3000.com\/asociado\/pedrotomannieto\/wp-content\/uploads\/sites\/155\/2021\/02\/IMG_1887-scaled.jpg\u00bb _builder_version=\u00bb4.7.7&#8243; _module_preset=\u00bbdefault\u00bb title_text=\u00bbIMG_1887&#8243; hover_enabled=\u00bb0&#8243; sticky_enabled=\u00bb0&#8243;][\/et_pb_image][\/et_pb_column][\/et_pb_row][et_pb_row _builder_version=\u00bb4.7.7&#8243; _module_preset=\u00bbdefault\u00bb column_structure=\u00bb1_3,1_3,1_3&#8243; use_custom_gutter=\u00bbon\u00bb gutter_width=\u00bb2&#8243; width=\u00bb82%\u00bb hover_enabled=\u00bb0&#8243; sticky_enabled=\u00bb0&#8243;][et_pb_column _builder_version=\u00bb4.7.7&#8243; _module_preset=\u00bbdefault\u00bb type=\u00bb1_3&#8243;][et_pb_image src=\u00bbhttp:\/\/www.grupodcc3000.com\/asociado\/pedrotomannieto\/wp-content\/uploads\/sites\/155\/2021\/02\/IMG_1882-scaled.jpg\u00bb _builder_version=\u00bb4.7.7&#8243; _module_preset=\u00bbdefault\u00bb hover_enabled=\u00bb0&#8243; sticky_enabled=\u00bb0&#8243; title_text=\u00bbIMG_1882&#8243;][\/et_pb_image][\/et_pb_column][et_pb_column _builder_version=\u00bb4.7.7&#8243; _module_preset=\u00bbdefault\u00bb type=\u00bb1_3&#8243;][et_pb_image src=\u00bbhttp:\/\/www.grupodcc3000.com\/asociado\/pedrotomannieto\/wp-content\/uploads\/sites\/155\/2021\/02\/IMG_1884-scaled.jpg\u00bb _builder_version=\u00bb4.7.7&#8243; _module_preset=\u00bbdefault\u00bb hover_enabled=\u00bb0&#8243; sticky_enabled=\u00bb0&#8243; title_text=\u00bbIMG_1884&#8243;][\/et_pb_image][\/et_pb_column][et_pb_column _builder_version=\u00bb4.7.7&#8243; _module_preset=\u00bbdefault\u00bb type=\u00bb1_3&#8243;][et_pb_image src=\u00bbhttp:\/\/www.grupodcc3000.com\/asociado\/pedrotomannieto\/wp-content\/uploads\/sites\/155\/2021\/02\/IMG_1886-scaled.jpg\u00bb _builder_version=\u00bb4.7.7&#8243; _module_preset=\u00bbdefault\u00bb title_text=\u00bbIMG_1886&#8243; hover_enabled=\u00bb0&#8243; sticky_enabled=\u00bb0&#8243;][\/et_pb_image][\/et_pb_column][\/et_pb_row][et_pb_row _builder_version=\u00bb4.7.7&#8243; _module_preset=\u00bbdefault\u00bb column_structure=\u00bb1_3,1_3,1_3&#8243; use_custom_gutter=\u00bbon\u00bb gutter_width=\u00bb2&#8243; width=\u00bb82%\u00bb hover_enabled=\u00bb0&#8243; sticky_enabled=\u00bb0&#8243;][et_pb_column _builder_version=\u00bb4.7.7&#8243; _module_preset=\u00bbdefault\u00bb type=\u00bb1_3&#8243;][et_pb_image src=\u00bbhttp:\/\/www.grupodcc3000.com\/asociado\/pedrotomannieto\/wp-content\/uploads\/sites\/155\/2021\/02\/IMG_1893-scaled.jpg\u00bb _builder_version=\u00bb4.7.7&#8243; _module_preset=\u00bbdefault\u00bb hover_enabled=\u00bb0&#8243; sticky_enabled=\u00bb0&#8243; title_text=\u00bbIMG_1893&#8243;][\/et_pb_image][\/et_pb_column][et_pb_column _builder_version=\u00bb4.7.7&#8243; _module_preset=\u00bbdefault\u00bb type=\u00bb1_3&#8243;][et_pb_image src=\u00bbhttp:\/\/www.grupodcc3000.com\/asociado\/pedrotomannieto\/wp-content\/uploads\/sites\/155\/2021\/02\/IMG_1888-scaled.jpg\u00bb _builder_version=\u00bb4.7.7&#8243; _module_preset=\u00bbdefault\u00bb hover_enabled=\u00bb0&#8243; sticky_enabled=\u00bb0&#8243; title_text=\u00bbIMG_1888&#8243;][\/et_pb_image][\/et_pb_column][et_pb_column _builder_version=\u00bb4.7.7&#8243; _module_preset=\u00bbdefault\u00bb type=\u00bb1_3&#8243;][et_pb_image src=\u00bbhttp:\/\/www.grupodcc3000.com\/asociado\/pedrotomannieto\/wp-content\/uploads\/sites\/155\/2021\/02\/IMG_1895-scaled.jpg\u00bb _builder_version=\u00bb4.7.7&#8243; _module_preset=\u00bbdefault\u00bb title_text=\u00bbIMG_1895&#8243; hover_enabled=\u00bb0&#8243; sticky_enabled=\u00bb0&#8243;][\/et_pb_image][\/et_pb_column][\/et_pb_row][\/et_pb_section]<\/p>\n","protected":false},"excerpt":{"rendered":"<p>EMPRESA Somos una empresa dedicada a la distribuci\u00f3n de todo tipo de materiales de construcci\u00f3n con m\u00e1s de 35 a\u00f1os de presencia y trayectoria en el mercado. Desde el comienzo de nuestras actividades, nos especializamos en el suministro de materiales de construcci\u00f3n y hemos incorporado nuevas l\u00edneas de productos. Contamos con unas 22000 referencias con [&hellip;]<\/p>\n","protected":false},"author":4,"featured_media":0,"parent":0,"menu_order":0,"comment_status":"closed","ping_status":"closed","template":"","meta":{"_et_pb_use_builder":"on","_et_pb_old_content":"","_et_gb_content_width":"","footnotes":""},"class_list":["post-84","page","type-page","status-publish","hentry"],"_links":{"self":[{"href":"https:\/\/www.grupodcc3000.com\/asociado\/pedrotomannieto\/wp-json\/wp\/v2\/pages\/84","targetHints":{"allow":["GET"]}}],"collection":[{"href":"https:\/\/www.grupodcc3000.com\/asociado\/pedrotomannieto\/wp-json\/wp\/v2\/pages"}],"about":[{"href":"https:\/\/www.grupodcc3000.com\/asociado\/pedrotomannieto\/wp-json\/wp\/v2\/types\/page"}],"author":[{"embeddable":true,"href":"https:\/\/www.grupodcc3000.com\/asociado\/pedrotomannieto\/wp-json\/wp\/v2\/users\/4"}],"replies":[{"embeddable":true,"href":"https:\/\/www.grupodcc3000.com\/asociado\/pedrotomannieto\/wp-json\/wp\/v2\/comments?post=84"}],"version-history":[{"count":2,"href":"https:\/\/www.grupodcc3000.com\/asociado\/pedrotomannieto\/wp-json\/wp\/v2\/pages\/84\/revisions"}],"predecessor-version":[{"id":2876,"href":"https:\/\/www.grupodcc3000.com\/asociado\/pedrotomannieto\/wp-json\/wp\/v2\/pages\/84\/revisions\/2876"}],"wp:attachment":[{"href":"https:\/\/www.grupodcc3000.com\/asociado\/pedrotomannieto\/wp-json\/wp\/v2\/media?parent=84"}],"curies":[{"name":"wp","href":"https:\/\/api.w.org\/{rel}","templated":true}]}}