{"id":84,"date":"2018-11-14T10:36:29","date_gmt":"2018-11-14T10:36:29","guid":{"rendered":"http:\/\/grupodcc3000.com\/miniwebs\/?page_id=84"},"modified":"2021-01-05T09:47:01","modified_gmt":"2021-01-05T09:47:01","slug":"la-empresa","status":"publish","type":"page","link":"https:\/\/www.grupodcc3000.com\/asociado\/peperuz\/la-empresa\/","title":{"rendered":"La empresa"},"content":{"rendered":"<p>[et_pb_section fb_built=\u00bb1&#8243; fullwidth=\u00bbon\u00bb _builder_version=\u00bb3.22&#8243;][et_pb_fullwidth_slider admin_label=\u00bbFoto seccion empresa\u00bb module_id=\u00bbslider_cortado\u00bb module_class=\u00bbslider_cortado\u00bb _builder_version=\u00bb4.4.4&#8243; background_color=\u00bb#f4f4f4&#8243;][et_pb_slide _builder_version=\u00bb4.4.4&#8243; background_color=\u00bb#ffffff\u00bb background_enable_color=\u00bbon\u00bb background_image=\u00bbhttps:\/\/www.grupodcc3000.com\/asociado\/peperuz\/wp-content\/uploads\/sites\/123\/2020\/06\/AMBIENTE-CARLOTA-DREAM-20&#215;60-CRISTAL-scaled.jpg\u00bb background_enable_image=\u00bbon\u00bb background_position=\u00bbbottom_center\u00bb sticky_transition=\u00bbon\u00bb][\/et_pb_slide][\/et_pb_fullwidth_slider][\/et_pb_section][et_pb_section fb_built=\u00bb1&#8243; _builder_version=\u00bb3.17.6&#8243; background_color=\u00bb#272727&#8243; custom_padding=\u00bb0px|||\u00bb animation_style=\u00bbslide\u00bb global_module=\u00bb388&#8243;][et_pb_row _builder_version=\u00bb3.25&#8243;][et_pb_column type=\u00bb4_4&#8243; _builder_version=\u00bb3.25&#8243; custom_padding=\u00bb|||\u00bb custom_padding__hover=\u00bb|||\u00bb][et_pb_text _builder_version=\u00bb3.27.4&#8243; text_font=\u00bb||||||||\u00bb text_text_color=\u00bb#ffffff\u00bb text_font_size=\u00bb45px\u00bb header_font=\u00bb||||||||\u00bb header_text_align=\u00bbcenter\u00bb header_text_color=\u00bb#ffffff\u00bb header_font_size=\u00bb45px\u00bb]<\/p>\n<h1><strong>EMPRESA<\/strong><\/h1>\n<p>[\/et_pb_text][\/et_pb_column][\/et_pb_row][et_pb_row column_structure=\u00bb2_5,3_5&#8243; _builder_version=\u00bb4.6.5&#8243;][et_pb_column type=\u00bb2_5&#8243; _builder_version=\u00bb3.25&#8243; custom_padding=\u00bb|||\u00bb custom_padding__hover=\u00bb|||\u00bb][et_pb_text _builder_version=\u00bb4.6.5&#8243;]<\/p>\n<p><span style=\"color: #ffffff;\"><i>Hace 4 a\u00f1os, Pepe Ruz Renove naci\u00f3 como un plan de renovaci\u00f3n tanto personal como comercial. Contamos con m\u00e1s de 30 a\u00f1os de experiencia proporcionando productos, materiales y asistencia en remodelaci\u00f3n para el hogar de nuestros clientes. <\/i><\/span><\/p>\n<p><span style=\"color: #ffffff;\"><i>Nos satisface servirles de la mejor forma posible, proporcionando un trato familiar y cercano, intentando hacerles sentir como en casa. Estamos comprometidos a brindarles sugerencias al igual que asesor\u00eda pr\u00e1ctica sobre construcci\u00f3n. <\/i><\/span><\/p>\n<p><span style=\"color: #ffffff;\"><i>Nos interesa ayudar a todo aquel involucrado en el mundo de la construcci\u00f3n y remodelaci\u00f3n, sin importar la magnitud del proyecto. Nos encargamos de ofrecer materiales de construcci\u00f3n de las mejores marcas al mejor precio y nuestra prioridad es contribuir con su proyecto de la mejor manera para que llegue a cumplirse ese sue\u00f1o que tiene e<\/i><b><i><span data-offset-key=\"9o1oc-0-2\">n mente.<\/span><\/i><\/b><\/span><\/p>\n<p><span style=\"color: #ffffff;\">Vis\u00edtanos e inf\u00f3rmate sin compromiso, estaremos encantados de atenderte. <\/span><\/p>\n<p><span style=\"color: #ffffff;\"><\/span><\/p>\n<p><span style=\"color: #ffffff;\"><\/span><\/p>\n<p>[\/et_pb_text][\/et_pb_column][et_pb_column type=\u00bb3_5&#8243; _builder_version=\u00bb3.25&#8243; custom_padding=\u00bb|||\u00bb custom_padding__hover=\u00bb|||\u00bb][et_pb_video src=\u00bbhttps:\/\/www.grupodcc3000.com\/asociado\/peperuz\/wp-content\/uploads\/sites\/123\/2021\/01\/video-corporativo-pepe-ruz.mov\u00bb _builder_version=\u00bb4.7.7&#8243; _module_preset=\u00bbdefault\u00bb title_text=\u00bbvideo corporativo pepe ruz\u00bb hover_enabled=\u00bb0&#8243; sticky_enabled=\u00bb0&#8243;][\/et_pb_video][\/et_pb_column][\/et_pb_row][et_pb_row _builder_version=\u00bb3.25&#8243;][et_pb_column type=\u00bb4_4&#8243; _builder_version=\u00bb3.25&#8243; custom_padding=\u00bb|||\u00bb custom_padding__hover=\u00bb|||\u00bb][et_pb_gallery gallery_ids=\u00bb2614,2615,2874,2869&#8243; _builder_version=\u00bb4.6.5&#8243;][\/et_pb_gallery][\/et_pb_column][\/et_pb_row][et_pb_row column_structure=\u00bb1_3,1_3,1_3&#8243; _builder_version=\u00bb4.6.5&#8243; _module_preset=\u00bbdefault\u00bb][et_pb_column type=\u00bb1_3&#8243; _builder_version=\u00bb4.6.5&#8243; _module_preset=\u00bbdefault\u00bb][et_pb_image src=\u00bbhttps:\/\/www.grupodcc3000.com\/asociado\/peperuz\/wp-content\/uploads\/sites\/123\/2020\/11\/IMG_20160823_131920.png\u00bb title_text=\u00bbIMG_20160823_131920&#8243; _builder_version=\u00bb4.6.5&#8243; _module_preset=\u00bbdefault\u00bb][\/et_pb_image][\/et_pb_column][et_pb_column type=\u00bb1_3&#8243; _builder_version=\u00bb4.6.5&#8243; _module_preset=\u00bbdefault\u00bb][et_pb_image src=\u00bbhttps:\/\/www.grupodcc3000.com\/asociado\/peperuz\/wp-content\/uploads\/sites\/123\/2020\/11\/IMG_20160501_212923.png\u00bb title_text=\u00bbIMG_20160501_212923&#8243; _builder_version=\u00bb4.6.5&#8243; _module_preset=\u00bbdefault\u00bb][\/et_pb_image][\/et_pb_column][et_pb_column type=\u00bb1_3&#8243; _builder_version=\u00bb4.6.5&#8243; _module_preset=\u00bbdefault\u00bb][et_pb_image src=\u00bbhttps:\/\/www.grupodcc3000.com\/asociado\/peperuz\/wp-content\/uploads\/sites\/123\/2020\/11\/IMG_20160501_212910.png\u00bb title_text=\u00bbIMG_20160501_212910&#8243; _builder_version=\u00bb4.6.5&#8243; _module_preset=\u00bbdefault\u00bb][\/et_pb_image][\/et_pb_column][\/et_pb_row][\/et_pb_section]<\/p>\n","protected":false},"excerpt":{"rendered":"<p>EMPRESAHace 4 a\u00f1os, Pepe Ruz Renove naci\u00f3 como un plan de renovaci\u00f3n tanto personal como comercial. Contamos con m\u00e1s de 30 a\u00f1os de experiencia proporcionando productos, materiales y asistencia en remodelaci\u00f3n para el hogar de nuestros clientes. Nos satisface servirles de la mejor forma posible, proporcionando un trato familiar y cercano, intentando hacerles sentir como [&hellip;]<\/p>\n","protected":false},"author":4,"featured_media":0,"parent":0,"menu_order":0,"comment_status":"closed","ping_status":"closed","template":"","meta":{"_et_pb_use_builder":"on","_et_pb_old_content":"","_et_gb_content_width":"","footnotes":""},"class_list":["post-84","page","type-page","status-publish","hentry"],"_links":{"self":[{"href":"https:\/\/www.grupodcc3000.com\/asociado\/peperuz\/wp-json\/wp\/v2\/pages\/84","targetHints":{"allow":["GET"]}}],"collection":[{"href":"https:\/\/www.grupodcc3000.com\/asociado\/peperuz\/wp-json\/wp\/v2\/pages"}],"about":[{"href":"https:\/\/www.grupodcc3000.com\/asociado\/peperuz\/wp-json\/wp\/v2\/types\/page"}],"author":[{"embeddable":true,"href":"https:\/\/www.grupodcc3000.com\/asociado\/peperuz\/wp-json\/wp\/v2\/users\/4"}],"replies":[{"embeddable":true,"href":"https:\/\/www.grupodcc3000.com\/asociado\/peperuz\/wp-json\/wp\/v2\/comments?post=84"}],"version-history":[{"count":5,"href":"https:\/\/www.grupodcc3000.com\/asociado\/peperuz\/wp-json\/wp\/v2\/pages\/84\/revisions"}],"predecessor-version":[{"id":2917,"href":"https:\/\/www.grupodcc3000.com\/asociado\/peperuz\/wp-json\/wp\/v2\/pages\/84\/revisions\/2917"}],"wp:attachment":[{"href":"https:\/\/www.grupodcc3000.com\/asociado\/peperuz\/wp-json\/wp\/v2\/media?parent=84"}],"curies":[{"name":"wp","href":"https:\/\/api.w.org\/{rel}","templated":true}]}}