{"id":84,"date":"2018-11-14T10:36:29","date_gmt":"2018-11-14T10:36:29","guid":{"rendered":"http:\/\/grupodcc3000.com\/miniwebs\/?page_id=84"},"modified":"2021-10-04T14:59:07","modified_gmt":"2021-10-04T14:59:07","slug":"la-empresa","status":"publish","type":"page","link":"https:\/\/www.grupodcc3000.com\/asociado\/santacatalina\/la-empresa\/","title":{"rendered":"La empresa"},"content":{"rendered":"<p>[et_pb_section fb_built=\u00bb1&#8243; fullwidth=\u00bbon\u00bb _builder_version=\u00bb3.22&#8243; global_colors_info=\u00bb{}\u00bb][et_pb_fullwidth_slider admin_label=\u00bbFoto seccion empresa\u00bb module_id=\u00bbslider_cortado\u00bb module_class=\u00bbslider_cortado\u00bb _builder_version=\u00bb4.6.5&#8243; global_colors_info=\u00bb{}\u00bb][et_pb_slide _builder_version=\u00bb4.6.5&#8243; background_image=\u00bbhttps:\/\/www.grupodcc3000.com\/asociado\/santacatalina\/wp-content\/uploads\/sites\/143\/2020\/12\/TRIDENT-NOCE-45&#215;90-CRISTAL-scaled.jpg\u00bb background_enable_image=\u00bbon\u00bb background_position=\u00bbbottom_center\u00bb global_colors_info=\u00bb{}\u00bb sticky_transition=\u00bbon\u00bb][\/et_pb_slide][\/et_pb_fullwidth_slider][\/et_pb_section][et_pb_section fb_built=\u00bb1&#8243; _builder_version=\u00bb3.17.6&#8243; background_color=\u00bb#272727&#8243; custom_padding=\u00bb0px|||\u00bb animation_style=\u00bbslide\u00bb global_module=\u00bb388&#8243; global_colors_info=\u00bb{}\u00bb][et_pb_row _builder_version=\u00bb3.25&#8243; global_colors_info=\u00bb{}\u00bb][et_pb_column type=\u00bb4_4&#8243; _builder_version=\u00bb3.25&#8243; custom_padding=\u00bb|||\u00bb global_colors_info=\u00bb{}\u00bb custom_padding__hover=\u00bb|||\u00bb][et_pb_text _builder_version=\u00bb3.27.4&#8243; text_font=\u00bb||||||||\u00bb text_text_color=\u00bb#ffffff\u00bb text_font_size=\u00bb45px\u00bb header_font=\u00bb||||||||\u00bb header_text_align=\u00bbcenter\u00bb header_text_color=\u00bb#ffffff\u00bb header_font_size=\u00bb45px\u00bb global_colors_info=\u00bb{}\u00bb]<\/p>\n<h1><strong>EMPRESA<\/strong><\/h1>\n<p>[\/et_pb_text][\/et_pb_column][\/et_pb_row][et_pb_row column_structure=\u00bb1_2,1_2&#8243; _builder_version=\u00bb4.6.5&#8243; _module_preset=\u00bbdefault\u00bb global_colors_info=\u00bb{}\u00bb][et_pb_column type=\u00bb1_2&#8243; _builder_version=\u00bb4.6.5&#8243; _module_preset=\u00bbdefault\u00bb global_colors_info=\u00bb{}\u00bb][et_pb_text _builder_version=\u00bb4.6.5&#8243; _module_preset=\u00bbdefault\u00bb global_colors_info=\u00bb{}\u00bb]<\/p>\n<p><span style=\"color: #ffffff;\">En nuestros almacenes encontrar\u00e1 todo tipo de <em><strong>materiales de construcci\u00f3n<\/strong><\/em>, donde seleccionamos los art\u00edculos con la mejor relaci\u00f3n calidad\/precio para satisfacer las necesidades de todos nuestros clientes, tanto profesionales como particulares, pudiendo as\u00ed, realizar la obra de su proyecto, rehabilitaci\u00f3n o reforma integral de su vivienda. <\/span><\/p>\n<p><em><span style=\"color: #ffffff;\"><strong> 60 a\u00f1os de experiencia nos avalan<\/strong>.<\/span><\/em><span style=\"color: #ffffff;\"> <\/span><em><strong><span style=\"color: #ffffff;\">Profesionales del sector, con a<\/span><span style=\"color: #ffffff;\">mplias instalaciones con exposici\u00f3n<\/span><\/strong><\/em><\/p>\n<blockquote>\n<p><span style=\"color: #ffffff;\"> Gran variedad de art\u00edculos: Materiales de Construcci\u00f3n &#8211; Revestimientos &#8211; Pavimentos &#8211; Accesorios de Ba\u00f1o &#8211; Griferia &#8211; Mamparas &#8211; Muebles de Ba\u00f1o &#8211; Sanitarios &#8211; Ferreteria &#8211; Tarima Flotante &#8211; Jard\u00edn<\/span><\/p>\n<\/blockquote>\n<p><span style=\"color: #ffffff;\"><span style=\"text-decoration: underline;\">m\u00e1s info \/ horario<\/span>: <\/span><span style=\"color: #ffffff;\">Tenemos un amplio horario para poder adaptarnos a sus necesidades. Abrimos todos los d\u00edas, de lunes a viernes en horario de ma\u00f1ana y tarde, y s\u00e1bados s\u00f3lo ma\u00f1anas. Horario disponible en el \u00c1rea de Contacto.<\/span><\/p>\n<p>[\/et_pb_text][\/et_pb_column][et_pb_column type=\u00bb1_2&#8243; _builder_version=\u00bb4.6.5&#8243; _module_preset=\u00bbdefault\u00bb global_colors_info=\u00bb{}\u00bb][et_pb_video src=\u00bbhttps:\/\/www.grupodcc3000.com\/asociado\/santacatalina\/wp-content\/uploads\/sites\/143\/2021\/10\/catalina-1.mp4&#8243; _builder_version=\u00bb4.11.1&#8243; _module_preset=\u00bbdefault\u00bb hover_enabled=\u00bb0&#8243; global_colors_info=\u00bb{}\u00bb title_text=\u00bbvideo cu\u00f1a de radio santa catalina\u00bb sticky_enabled=\u00bb0&#8243;][\/et_pb_video][\/et_pb_column][\/et_pb_row][et_pb_row column_structure=\u00bb1_3,1_3,1_3&#8243; _builder_version=\u00bb4.7.7&#8243; _module_preset=\u00bbdefault\u00bb global_colors_info=\u00bb{}\u00bb][et_pb_column type=\u00bb1_3&#8243; _builder_version=\u00bb4.7.7&#8243; _module_preset=\u00bbdefault\u00bb global_colors_info=\u00bb{}\u00bb][et_pb_image src=\u00bbhttps:\/\/www.grupodcc3000.com\/asociado\/santacatalina\/wp-content\/uploads\/sites\/143\/2021\/01\/SERENA-BLANCO-CRISTAL-scaled.jpg\u00bb title_text=\u00bbSERENA BLANCO CRISTAL\u00bb _builder_version=\u00bb4.7.7&#8243; _module_preset=\u00bbdefault\u00bb global_colors_info=\u00bb{}\u00bb][\/et_pb_image][\/et_pb_column][et_pb_column type=\u00bb1_3&#8243; _builder_version=\u00bb4.7.7&#8243; _module_preset=\u00bbdefault\u00bb global_colors_info=\u00bb{}\u00bb][et_pb_image src=\u00bbhttps:\/\/www.grupodcc3000.com\/asociado\/santacatalina\/wp-content\/uploads\/sites\/143\/2021\/01\/AMBIENTE-CANADA-BEIGE-25&#215;75-CRISTAL-scaled.jpg\u00bb title_text=\u00bbAMBIENTE CANADA BEIGE 25&#215;75 CRISTAL\u00bb _builder_version=\u00bb4.7.7&#8243; _module_preset=\u00bbdefault\u00bb global_colors_info=\u00bb{}\u00bb][\/et_pb_image][\/et_pb_column][et_pb_column type=\u00bb1_3&#8243; _builder_version=\u00bb4.7.7&#8243; _module_preset=\u00bbdefault\u00bb global_colors_info=\u00bb{}\u00bb][et_pb_image src=\u00bbhttps:\/\/www.grupodcc3000.com\/asociado\/santacatalina\/wp-content\/uploads\/sites\/143\/2021\/01\/3D-CANADA_GREY_2-CRISTAL-scaled.jpg\u00bb title_text=\u00bb3D CANADA_GREY_2 CRISTAL\u00bb _builder_version=\u00bb4.7.7&#8243; _module_preset=\u00bbdefault\u00bb global_colors_info=\u00bb{}\u00bb][\/et_pb_image][\/et_pb_column][\/et_pb_row][\/et_pb_section]<\/p>\n","protected":false},"excerpt":{"rendered":"<p>EMPRESAEn nuestros almacenes encontrar\u00e1 todo tipo de materiales de construcci\u00f3n, donde seleccionamos los art\u00edculos con la mejor relaci\u00f3n calidad\/precio para satisfacer las necesidades de todos nuestros clientes, tanto profesionales como particulares, pudiendo as\u00ed, realizar la obra de su proyecto, rehabilitaci\u00f3n o reforma integral de su vivienda. 60 a\u00f1os de experiencia nos avalan. Profesionales del sector, [&hellip;]<\/p>\n","protected":false},"author":4,"featured_media":0,"parent":0,"menu_order":0,"comment_status":"closed","ping_status":"closed","template":"","meta":{"_et_pb_use_builder":"on","_et_pb_old_content":"","_et_gb_content_width":"","footnotes":""},"class_list":["post-84","page","type-page","status-publish","hentry"],"_links":{"self":[{"href":"https:\/\/www.grupodcc3000.com\/asociado\/santacatalina\/wp-json\/wp\/v2\/pages\/84","targetHints":{"allow":["GET"]}}],"collection":[{"href":"https:\/\/www.grupodcc3000.com\/asociado\/santacatalina\/wp-json\/wp\/v2\/pages"}],"about":[{"href":"https:\/\/www.grupodcc3000.com\/asociado\/santacatalina\/wp-json\/wp\/v2\/types\/page"}],"author":[{"embeddable":true,"href":"https:\/\/www.grupodcc3000.com\/asociado\/santacatalina\/wp-json\/wp\/v2\/users\/4"}],"replies":[{"embeddable":true,"href":"https:\/\/www.grupodcc3000.com\/asociado\/santacatalina\/wp-json\/wp\/v2\/comments?post=84"}],"version-history":[{"count":9,"href":"https:\/\/www.grupodcc3000.com\/asociado\/santacatalina\/wp-json\/wp\/v2\/pages\/84\/revisions"}],"predecessor-version":[{"id":3460,"href":"https:\/\/www.grupodcc3000.com\/asociado\/santacatalina\/wp-json\/wp\/v2\/pages\/84\/revisions\/3460"}],"wp:attachment":[{"href":"https:\/\/www.grupodcc3000.com\/asociado\/santacatalina\/wp-json\/wp\/v2\/media?parent=84"}],"curies":[{"name":"wp","href":"https:\/\/api.w.org\/{rel}","templated":true}]}}