{"id":84,"date":"2018-11-14T10:36:29","date_gmt":"2018-11-14T10:36:29","guid":{"rendered":"http:\/\/grupodcc3000.com\/miniwebs\/?page_id=84"},"modified":"2021-01-04T10:56:08","modified_gmt":"2021-01-04T09:56:08","slug":"la-empresa","status":"publish","type":"page","link":"https:\/\/www.grupodcc3000.com\/asociado\/sufondos\/la-empresa\/","title":{"rendered":"La empresa"},"content":{"rendered":"<p>[et_pb_section fb_built=\u00bb1&#8243; fullwidth=\u00bbon\u00bb _builder_version=\u00bb3.22&#8243;][et_pb_fullwidth_slider admin_label=\u00bbFoto seccion empresa\u00bb module_id=\u00bbslider_cortado\u00bb module_class=\u00bbslider_cortado\u00bb _builder_version=\u00bb4.7.7&#8243; hover_enabled=\u00bb0&#8243; sticky_enabled=\u00bb0&#8243;][et_pb_slide _builder_version=\u00bb4.7.7&#8243; background_image=\u00bbhttps:\/\/www.grupodcc3000.com\/asociado\/sufondos\/wp-content\/uploads\/sites\/37\/2019\/03\/material-adobe-en-la-construccion.jpg\u00bb hover_enabled=\u00bb0&#8243; sticky_transition=\u00bbon\u00bb title_text=\u00bbmaterial-adobe-en-la-construccion\u00bb sticky_enabled=\u00bb0&#8243;][\/et_pb_slide][\/et_pb_fullwidth_slider][\/et_pb_section][et_pb_section fb_built=\u00bb1&#8243; _builder_version=\u00bb4.7.7&#8243; background_color=\u00bb#272727&#8243; custom_padding=\u00bb0px|||\u00bb animation_style=\u00bbslide\u00bb hover_enabled=\u00bb0&#8243; global_module=\u00bb388&#8243; sticky_enabled=\u00bb0&#8243;][et_pb_row _builder_version=\u00bb3.25&#8243;][et_pb_column type=\u00bb4_4&#8243; _builder_version=\u00bb3.25&#8243; custom_padding=\u00bb|||\u00bb custom_padding__hover=\u00bb|||\u00bb][et_pb_text _builder_version=\u00bb3.27.4&#8243; text_font=\u00bb||||||||\u00bb text_text_color=\u00bb#ffffff\u00bb text_font_size=\u00bb45px\u00bb header_font=\u00bb||||||||\u00bb header_text_align=\u00bbcenter\u00bb header_text_color=\u00bb#ffffff\u00bb header_font_size=\u00bb45px\u00bb]<\/p>\n<h1><strong>EMPRESA<\/strong><\/h1>\n<p>[\/et_pb_text][\/et_pb_column][\/et_pb_row][et_pb_row column_structure=\u00bb1_2,1_2&#8243; _builder_version=\u00bb4.7.7&#8243;][et_pb_column type=\u00bb1_2&#8243; _builder_version=\u00bb3.25&#8243; custom_padding=\u00bb|||\u00bb custom_padding__hover=\u00bb|||\u00bb][et_pb_text _builder_version=\u00bb3.27.4&#8243;]<\/p>\n<p style=\"text-align: justify;\"><span style=\"color: #ffffff; font-size: medium;\">Sufondos somos una empresa dedicada a la distribuci\u00f3n de material y suministros de fontaner\u00eda, calefacci\u00f3n, energ\u00eda renovable y ba\u00f1o.<\/span><\/p>\n<p style=\"text-align: justify;\"><span style=\"color: #ffffff; font-size: medium;\"> Nos avalan m\u00e1s de 30 a\u00f1os de experiencia en el sector. Contamos con unas modernas y amplias instalaciones donde damos cabida a un amplio stock y contamos con m\u00e1s de 3000 referencias. <\/span><\/p>\n<p>[\/et_pb_text][\/et_pb_column][et_pb_column type=\u00bb1_2&#8243; _builder_version=\u00bb3.25&#8243; custom_padding=\u00bb|||\u00bb custom_padding__hover=\u00bb|||\u00bb][et_pb_video src=\u00bbhttps:\/\/www.grupodcc3000.com\/asociado\/sufondos\/wp-content\/uploads\/sites\/37\/2021\/01\/sufondos.mp4&#8243; _builder_version=\u00bb4.7.7&#8243; _module_preset=\u00bbdefault\u00bb][\/et_pb_video][\/et_pb_column][\/et_pb_row][et_pb_row _builder_version=\u00bb4.7.7&#8243; _module_preset=\u00bbdefault\u00bb column_structure=\u00bb1_3,1_3,1_3&#8243;][et_pb_column _builder_version=\u00bb4.7.7&#8243; _module_preset=\u00bbdefault\u00bb type=\u00bb1_3&#8243;][et_pb_image src=\u00bbhttps:\/\/www.grupodcc3000.com\/asociado\/sufondos\/wp-content\/uploads\/sites\/37\/2021\/01\/Sin-titulo.png\u00bb _builder_version=\u00bb4.7.7&#8243; _module_preset=\u00bbdefault\u00bb title_text=\u00bbSin t\u00edtulo\u00bb][\/et_pb_image][\/et_pb_column][et_pb_column _builder_version=\u00bb4.7.7&#8243; _module_preset=\u00bbdefault\u00bb type=\u00bb1_3&#8243;][et_pb_image src=\u00bbhttps:\/\/www.grupodcc3000.com\/asociado\/sufondos\/wp-content\/uploads\/sites\/37\/2021\/01\/2.png\u00bb _builder_version=\u00bb4.7.7&#8243; _module_preset=\u00bbdefault\u00bb title_text=\u00bb2&#8243; hover_enabled=\u00bb0&#8243; sticky_enabled=\u00bb0&#8243;][\/et_pb_image][\/et_pb_column][et_pb_column _builder_version=\u00bb4.7.7&#8243; _module_preset=\u00bbdefault\u00bb type=\u00bb1_3&#8243;][et_pb_image src=\u00bbhttps:\/\/www.grupodcc3000.com\/asociado\/sufondos\/wp-content\/uploads\/sites\/37\/2021\/01\/2-1.png\u00bb _builder_version=\u00bb4.7.7&#8243; _module_preset=\u00bbdefault\u00bb title_text=\u00bb2&#8243;][\/et_pb_image][\/et_pb_column][\/et_pb_row][\/et_pb_section]<\/p>\n","protected":false},"excerpt":{"rendered":"<p>EMPRESASufondos somos una empresa dedicada a la distribuci\u00f3n de material y suministros de fontaner\u00eda, calefacci\u00f3n, energ\u00eda renovable y ba\u00f1o. Nos avalan m\u00e1s de 30 a\u00f1os de experiencia en el sector. Contamos con unas modernas y amplias instalaciones donde damos cabida a un amplio stock y contamos con m\u00e1s de 3000 referencias.<\/p>\n","protected":false},"author":4,"featured_media":0,"parent":0,"menu_order":0,"comment_status":"closed","ping_status":"closed","template":"","meta":{"_et_pb_use_builder":"on","_et_pb_old_content":"","_et_gb_content_width":"","footnotes":""},"class_list":["post-84","page","type-page","status-publish","hentry"],"yoast_head":"<!-- This site is optimized with the Yoast SEO plugin v27.1.1 - https:\/\/yoast.com\/product\/yoast-seo-wordpress\/ -->\n<title>La empresa - Suministros Fontaner\u00eda Sufondos<\/title>\n<meta name=\"robots\" content=\"index, follow, max-snippet:-1, max-image-preview:large, max-video-preview:-1\" \/>\n<link rel=\"canonical\" href=\"https:\/\/www.grupodcc3000.com\/asociado\/sufondos\/la-empresa\/\" \/>\n<meta property=\"og:locale\" content=\"es_ES\" \/>\n<meta property=\"og:type\" content=\"article\" \/>\n<meta property=\"og:title\" content=\"La empresa - Suministros Fontaner\u00eda Sufondos\" \/>\n<meta property=\"og:description\" content=\"EMPRESASufondos somos una empresa dedicada a la distribuci\u00f3n de material y suministros de fontaner\u00eda, calefacci\u00f3n, energ\u00eda renovable y ba\u00f1o. Nos avalan m\u00e1s de 30 a\u00f1os de experiencia en el sector. Contamos con unas modernas y amplias instalaciones donde damos cabida a un amplio stock y contamos con m\u00e1s de 3000 referencias.\" \/>\n<meta property=\"og:url\" content=\"https:\/\/www.grupodcc3000.com\/asociado\/sufondos\/la-empresa\/\" \/>\n<meta property=\"og:site_name\" content=\"Suministros Fontaner\u00eda Sufondos\" \/>\n<meta property=\"article:modified_time\" content=\"2021-01-04T09:56:08+00:00\" \/>\n<meta name=\"twitter:card\" content=\"summary_large_image\" \/>\n<meta name=\"twitter:label1\" content=\"Tiempo de lectura\" \/>\n\t<meta name=\"twitter:data1\" content=\"2 minutos\" \/>\n<script type=\"application\/ld+json\" class=\"yoast-schema-graph\">{\"@context\":\"https:\/\/schema.org\",\"@graph\":[{\"@type\":\"WebPage\",\"@id\":\"https:\/\/www.grupodcc3000.com\/asociado\/sufondos\/la-empresa\/\",\"url\":\"https:\/\/www.grupodcc3000.com\/asociado\/sufondos\/la-empresa\/\",\"name\":\"La empresa - Suministros Fontaner\u00eda Sufondos\",\"isPartOf\":{\"@id\":\"https:\/\/www.grupodcc3000.com\/asociado\/sufondos\/#website\"},\"datePublished\":\"2018-11-14T10:36:29+00:00\",\"dateModified\":\"2021-01-04T09:56:08+00:00\",\"breadcrumb\":{\"@id\":\"https:\/\/www.grupodcc3000.com\/asociado\/sufondos\/la-empresa\/#breadcrumb\"},\"inLanguage\":\"es\",\"potentialAction\":[{\"@type\":\"ReadAction\",\"target\":[\"https:\/\/www.grupodcc3000.com\/asociado\/sufondos\/la-empresa\/\"]}]},{\"@type\":\"BreadcrumbList\",\"@id\":\"https:\/\/www.grupodcc3000.com\/asociado\/sufondos\/la-empresa\/#breadcrumb\",\"itemListElement\":[{\"@type\":\"ListItem\",\"position\":1,\"name\":\"Portada\",\"item\":\"https:\/\/www.grupodcc3000.com\/asociado\/sufondos\/\"},{\"@type\":\"ListItem\",\"position\":2,\"name\":\"La empresa\"}]},{\"@type\":\"WebSite\",\"@id\":\"https:\/\/www.grupodcc3000.com\/asociado\/sufondos\/#website\",\"url\":\"https:\/\/www.grupodcc3000.com\/asociado\/sufondos\/\",\"name\":\"Suministros Fontaner\u00eda Sufondos\",\"description\":\"Otro sitio m\u00e1s de Asociados GrupoDCC3000\",\"potentialAction\":[{\"@type\":\"SearchAction\",\"target\":{\"@type\":\"EntryPoint\",\"urlTemplate\":\"https:\/\/www.grupodcc3000.com\/asociado\/sufondos\/?s={search_term_string}\"},\"query-input\":{\"@type\":\"PropertyValueSpecification\",\"valueRequired\":true,\"valueName\":\"search_term_string\"}}],\"inLanguage\":\"es\"}]}<\/script>\n<!-- \/ Yoast SEO plugin. -->","yoast_head_json":{"title":"La empresa - Suministros Fontaner\u00eda Sufondos","robots":{"index":"index","follow":"follow","max-snippet":"max-snippet:-1","max-image-preview":"max-image-preview:large","max-video-preview":"max-video-preview:-1"},"canonical":"https:\/\/www.grupodcc3000.com\/asociado\/sufondos\/la-empresa\/","og_locale":"es_ES","og_type":"article","og_title":"La empresa - Suministros Fontaner\u00eda Sufondos","og_description":"EMPRESASufondos somos una empresa dedicada a la distribuci\u00f3n de material y suministros de fontaner\u00eda, calefacci\u00f3n, energ\u00eda renovable y ba\u00f1o. Nos avalan m\u00e1s de 30 a\u00f1os de experiencia en el sector. Contamos con unas modernas y amplias instalaciones donde damos cabida a un amplio stock y contamos con m\u00e1s de 3000 referencias.","og_url":"https:\/\/www.grupodcc3000.com\/asociado\/sufondos\/la-empresa\/","og_site_name":"Suministros Fontaner\u00eda Sufondos","article_modified_time":"2021-01-04T09:56:08+00:00","twitter_card":"summary_large_image","twitter_misc":{"Tiempo de lectura":"2 minutos"},"schema":{"@context":"https:\/\/schema.org","@graph":[{"@type":"WebPage","@id":"https:\/\/www.grupodcc3000.com\/asociado\/sufondos\/la-empresa\/","url":"https:\/\/www.grupodcc3000.com\/asociado\/sufondos\/la-empresa\/","name":"La empresa - Suministros Fontaner\u00eda Sufondos","isPartOf":{"@id":"https:\/\/www.grupodcc3000.com\/asociado\/sufondos\/#website"},"datePublished":"2018-11-14T10:36:29+00:00","dateModified":"2021-01-04T09:56:08+00:00","breadcrumb":{"@id":"https:\/\/www.grupodcc3000.com\/asociado\/sufondos\/la-empresa\/#breadcrumb"},"inLanguage":"es","potentialAction":[{"@type":"ReadAction","target":["https:\/\/www.grupodcc3000.com\/asociado\/sufondos\/la-empresa\/"]}]},{"@type":"BreadcrumbList","@id":"https:\/\/www.grupodcc3000.com\/asociado\/sufondos\/la-empresa\/#breadcrumb","itemListElement":[{"@type":"ListItem","position":1,"name":"Portada","item":"https:\/\/www.grupodcc3000.com\/asociado\/sufondos\/"},{"@type":"ListItem","position":2,"name":"La empresa"}]},{"@type":"WebSite","@id":"https:\/\/www.grupodcc3000.com\/asociado\/sufondos\/#website","url":"https:\/\/www.grupodcc3000.com\/asociado\/sufondos\/","name":"Suministros Fontaner\u00eda Sufondos","description":"Otro sitio m\u00e1s de Asociados GrupoDCC3000","potentialAction":[{"@type":"SearchAction","target":{"@type":"EntryPoint","urlTemplate":"https:\/\/www.grupodcc3000.com\/asociado\/sufondos\/?s={search_term_string}"},"query-input":{"@type":"PropertyValueSpecification","valueRequired":true,"valueName":"search_term_string"}}],"inLanguage":"es"}]}},"_links":{"self":[{"href":"https:\/\/www.grupodcc3000.com\/asociado\/sufondos\/wp-json\/wp\/v2\/pages\/84","targetHints":{"allow":["GET"]}}],"collection":[{"href":"https:\/\/www.grupodcc3000.com\/asociado\/sufondos\/wp-json\/wp\/v2\/pages"}],"about":[{"href":"https:\/\/www.grupodcc3000.com\/asociado\/sufondos\/wp-json\/wp\/v2\/types\/page"}],"author":[{"embeddable":true,"href":"https:\/\/www.grupodcc3000.com\/asociado\/sufondos\/wp-json\/wp\/v2\/users\/4"}],"replies":[{"embeddable":true,"href":"https:\/\/www.grupodcc3000.com\/asociado\/sufondos\/wp-json\/wp\/v2\/comments?post=84"}],"version-history":[{"count":4,"href":"https:\/\/www.grupodcc3000.com\/asociado\/sufondos\/wp-json\/wp\/v2\/pages\/84\/revisions"}],"predecessor-version":[{"id":1881,"href":"https:\/\/www.grupodcc3000.com\/asociado\/sufondos\/wp-json\/wp\/v2\/pages\/84\/revisions\/1881"}],"wp:attachment":[{"href":"https:\/\/www.grupodcc3000.com\/asociado\/sufondos\/wp-json\/wp\/v2\/media?parent=84"}],"curies":[{"name":"wp","href":"https:\/\/api.w.org\/{rel}","templated":true}]}}