{"id":56,"date":"2018-11-06T12:50:46","date_gmt":"2018-11-06T12:50:46","guid":{"rendered":"http:\/\/dnscloud.es\/miniwebs\/?page_id=7"},"modified":"2025-04-25T07:40:10","modified_gmt":"2025-04-25T07:40:10","slug":"inicio","status":"publish","type":"page","link":"https:\/\/www.grupodcc3000.com\/asociado\/","title":{"rendered":"Inicio"},"content":{"rendered":"\n[et_pb_section fb_built=\u00bb1&#8243; fullwidth=\u00bbon\u00bb _builder_version=\u00bb4.19.0&#8243; _module_preset=\u00bbdefault\u00bb global_colors_info=\u00bb{}\u00bb][et_pb_fullwidth_slider show_content_on_mobile=\u00bboff\u00bb show_cta_on_mobile=\u00bboff\u00bb admin_label=\u00bbslider junio 22&#8243; _builder_version=\u00bb4.19.4&#8243; _module_preset=\u00bbdefault\u00bb header_font_size=\u00bb48px\u00bb animation_style=\u00bbfade\u00bb auto=\u00bbon\u00bb auto_speed=\u00bb10000&#8243; header_text_shadow_style=\u00bbpreset2&#8243; global_colors_info=\u00bb{}\u00bb][et_pb_slide admin_title=\u00bbv\u00eddeo corporativo \u00bb _builder_version=\u00bb4.19.4&#8243; _module_preset=\u00bbdefault\u00bb background_color=\u00bbRGBA(255,255,255,0)\u00bb background_enable_color=\u00bbon\u00bb background_video_mp4=\u00bbhttp:\/\/www.grupodcc3000.com\/asociado\/wp-content\/uploads\/2023\/01\/CARTELERIA-DIGITAL-GRUPO-CC-3000_1.mp4&#8243; background_enable_video_mp4=\u00bbon\u00bb global_colors_info=\u00bb{}\u00bb sticky_transition=\u00bbon\u00bb][\/et_pb_slide][et_pb_slide heading=\u00bbTENEMOS TODO PARA TU HOGAR\u00bb use_text_overlay=\u00bbon\u00bb _builder_version=\u00bb4.19.4&#8243; _module_preset=\u00bbdefault\u00bb header_font=\u00bbAlata|700|||||||\u00bb header_text_color=\u00bb#e5e5e5&#8243; header_font_size=\u00bb40px\u00bb body_font=\u00bb|700|||||||\u00bb body_text_color=\u00bb#FFFFFF\u00bb body_font_size=\u00bb22px\u00bb background_color=\u00bbRGBA(255,255,255,0)\u00bb background_enable_color=\u00bbon\u00bb background_video_mp4=\u00bbhttp:\/\/www.grupodcc3000.com\/asociado\/wp-content\/uploads\/2023\/01\/ambientes-3D-.mp4&#8243; background_enable_video_mp4=\u00bbon\u00bb body_text_shadow_style=\u00bbpreset3&#8243; body_text_shadow_color=\u00bb#000000&#8243; global_colors_info=\u00bb{}\u00bb sticky_transition=\u00bbon\u00bb]<p><span style=\"color: #ffffff;\">Visualiza las estancias privadas creadas en <strong>realidad virtual &#8211; 3D<\/strong><\/span><\/p>[\/et_pb_slide][et_pb_slide heading=\u00bbINSPIRATE EN NUESTRA EXPOSICION\u00bb _builder_version=\u00bb4.19.4&#8243; _module_preset=\u00bbdefault\u00bb header_font=\u00bbAlata|700|||||||\u00bb header_text_align=\u00bbcenter\u00bb header_font_size=\u00bb50px\u00bb body_font=\u00bbAlata||||||||\u00bb body_font_size=\u00bb31px\u00bb background_enable_color=\u00bboff\u00bb background_image=\u00bbhttp:\/\/www.grupodcc3000.com\/asociado\/wp-content\/uploads\/2022\/06\/cocina-ensueno-1.jpg\u00bb background_enable_image=\u00bbon\u00bb header_text_shadow_style=\u00bbpreset2&#8243; body_text_shadow_style=\u00bbpreset3&#8243; body_text_shadow_horizontal_length=\u00bb-0.06em\u00bb body_text_shadow_blur_strength=\u00bb0.67em\u00bb body_text_shadow_color=\u00bb#EDF000&#8243; global_colors_info=\u00bb{}\u00bb sticky_transition=\u00bbon\u00bb]<p><span style=\"color: #ffffff;\">con los mejores fabricantes del mercado<\/span><\/p>[\/et_pb_slide][et_pb_slide heading=\u00bbHACEMOS REALIDAD TU SUE\u00d1O\u00bb _builder_version=\u00bb4.19.4&#8243; _module_preset=\u00bbdefault\u00bb header_font=\u00bbAlata|700|||||||\u00bb header_text_align=\u00bbcenter\u00bb header_text_color=\u00bb#FFFFFF\u00bb header_font_size=\u00bb49px\u00bb body_font=\u00bbAlata||||||||\u00bb body_text_align=\u00bbcenter\u00bb body_text_color=\u00bb#FFFFFF\u00bb body_font_size=\u00bb26px\u00bb background_enable_color=\u00bboff\u00bb background_video_mp4=\u00bbhttp:\/\/www.grupodcc3000.com\/asociado\/wp-content\/uploads\/2022\/07\/bano.mp4&#8243; background_enable_video_mp4=\u00bbon\u00bb header_text_shadow_style=\u00bbpreset2&#8243; header_text_shadow_horizontal_length=\u00bb0.06em\u00bb header_text_shadow_color=\u00bbrgba(0,0,0,0.64)\u00bb body_text_shadow_style=\u00bbpreset3&#8243; body_text_shadow_color=\u00bbrgba(188,83,18,0.61)\u00bb global_colors_info=\u00bb{}\u00bb sticky_transition=\u00bbon\u00bb]<p><span style=\"color: #ffffff;\">visita nuestra exposici\u00f3n<\/span><\/p>[\/et_pb_slide][et_pb_slide heading=\u00bbJUNTOS PODEMOS CREAR\u00bb _builder_version=\u00bb4.19.4&#8243; _module_preset=\u00bbdefault\u00bb header_font=\u00bbAlata|700|||||||\u00bb header_text_align=\u00bbcenter\u00bb header_text_color=\u00bb#FFFFFF\u00bb body_font=\u00bbAlata||||||||\u00bb body_text_color=\u00bb#FFFFFF\u00bb body_font_size=\u00bb30px\u00bb background_enable_color=\u00bboff\u00bb background_video_mp4=\u00bbhttp:\/\/www.grupodcc3000.com\/asociado\/wp-content\/uploads\/2022\/06\/grupo-dcc-3000-slider-2.mp4&#8243; background_enable_video_mp4=\u00bbon\u00bb header_text_shadow_style=\u00bbpreset2&#8243; body_text_shadow_style=\u00bbpreset3&#8243; body_text_shadow_color=\u00bbrgba(79,75,0,0.4)\u00bb global_colors_info=\u00bb{}\u00bb sticky_transition=\u00bbon\u00bb]<p><span style=\"color: #ffffff;\">EL HOGAR QUE SIEMPRE HAS SO\u00d1ADO<\/span><\/p>[\/et_pb_slide][et_pb_slide heading=\u00bbTODO TIPO DE CERAMICA\u00bb _builder_version=\u00bb4.19.4&#8243; _module_preset=\u00bbdefault\u00bb header_font=\u00bbAlata|700|||||||\u00bb header_text_align=\u00bbcenter\u00bb header_text_color=\u00bb#FFFFFF\u00bb body_font=\u00bbAlata||||||||\u00bb body_text_color=\u00bb#0C71C3&#8243; body_font_size=\u00bb26px\u00bb background_enable_color=\u00bboff\u00bb background_enable_image=\u00bboff\u00bb background_video_mp4=\u00bbhttp:\/\/www.grupodcc3000.com\/asociado\/wp-content\/uploads\/2022\/06\/grupo-dcc-3000-slider-7.mp4&#8243; background_enable_video_mp4=\u00bbon\u00bb header_text_shadow_style=\u00bbpreset2&#8243; body_text_shadow_style=\u00bbpreset3&#8243; body_text_shadow_color=\u00bb#0C71C3&#8243; global_colors_info=\u00bb{}\u00bb sticky_transition=\u00bbon\u00bb]<p><span style=\"color: #ffffff;\">siempre adanp\u00e1ndonos a tus necesidades<\/span><\/p>[\/et_pb_slide][et_pb_slide heading=\u00bbJUNTOS PODEMOS CREAR TU RINCON\u00bb _builder_version=\u00bb4.19.4&#8243; _module_preset=\u00bbdefault\u00bb header_font=\u00bbAlata||||||||\u00bb header_text_align=\u00bbcenter\u00bb header_text_color=\u00bb#FFFFFF\u00bb background_enable_color=\u00bboff\u00bb background_image=\u00bbhttp:\/\/www.grupodcc3000.com\/asociado\/wp-content\/uploads\/2022\/06\/ADOBE-COTTO-3.jpg\u00bb background_enable_image=\u00bbon\u00bb header_text_shadow_style=\u00bbpreset3&#8243; header_text_shadow_color=\u00bb#724a11&#8243; global_colors_info=\u00bb{}\u00bb sticky_transition=\u00bbon\u00bb][\/et_pb_slide][et_pb_slide heading=\u00bbLA MEJOR CALIDAD A TU ALCANCE\u00bb _builder_version=\u00bb4.19.4&#8243; _module_preset=\u00bbdefault\u00bb header_font=\u00bbAlata|700|||||||\u00bb header_text_align=\u00bbcenter\u00bb header_text_color=\u00bb#FFFFFF\u00bb background_enable_color=\u00bboff\u00bb background_video_mp4=\u00bbhttp:\/\/www.grupodcc3000.com\/asociado\/wp-content\/uploads\/2022\/06\/grupo-dcc-3000-slider-1.mp4&#8243; background_enable_video_mp4=\u00bbon\u00bb global_colors_info=\u00bb{}\u00bb sticky_transition=\u00bbon\u00bb][\/et_pb_slide][et_pb_slide heading=\u00bbHERRAMIENTAS Y MATERIALES\u00bb _builder_version=\u00bb4.19.4&#8243; _module_preset=\u00bbdefault\u00bb header_font=\u00bbAlatsi||||||||\u00bb header_text_align=\u00bbcenter\u00bb header_text_color=\u00bb#FFFFFF\u00bb body_font=\u00bbAlata||on||||||\u00bb body_text_align=\u00bbcenter\u00bb body_font_size=\u00bb24px\u00bb background_enable_color=\u00bboff\u00bb background_image=\u00bbhttp:\/\/www.grupodcc3000.com\/asociado\/wp-content\/uploads\/2022\/06\/bricolaje-2.jpg\u00bb background_enable_image=\u00bbon\u00bb header_text_shadow_style=\u00bbpreset2&#8243; header_text_shadow_horizontal_length=\u00bb0.06em\u00bb body_text_shadow_style=\u00bbpreset3&#8243; body_text_shadow_horizontal_length=\u00bb-0.07em\u00bb body_text_shadow_vertical_length=\u00bb-0.06em\u00bb body_text_shadow_blur_strength=\u00bb0em\u00bb body_text_shadow_color=\u00bbrgba(145,84,0,0.4)\u00bb global_colors_info=\u00bb{}\u00bb sticky_transition=\u00bbon\u00bb]<p><span style=\"color: #ffffff;\">visitanos para dise\u00f1ar tu hogar ideal<\/span><\/p>[\/et_pb_slide][et_pb_slide heading=\u00bbTODO EN MATERIALES \u00bb _builder_version=\u00bb4.19.4&#8243; _module_preset=\u00bbdefault\u00bb header_font=\u00bbAlatsi||||||||\u00bb header_text_align=\u00bbcenter\u00bb header_text_color=\u00bb#FFFFFF\u00bb body_font=\u00bbAlata||on||||||\u00bb body_text_align=\u00bbcenter\u00bb body_font_size=\u00bb24px\u00bb background_color=\u00bbRGBA(255,255,255,0)\u00bb background_enable_color=\u00bbon\u00bb background_enable_image=\u00bboff\u00bb background_video_mp4=\u00bbhttp:\/\/www.grupodcc3000.com\/asociado\/wp-content\/uploads\/2022\/06\/grupo-dcc-3000-slider-4.mp4&#8243; background_enable_video_mp4=\u00bbon\u00bb header_text_shadow_style=\u00bbpreset2&#8243; header_text_shadow_horizontal_length=\u00bb0.06em\u00bb body_text_shadow_style=\u00bbpreset3&#8243; body_text_shadow_horizontal_length=\u00bb-0.07em\u00bb body_text_shadow_vertical_length=\u00bb-0.06em\u00bb body_text_shadow_blur_strength=\u00bb0em\u00bb body_text_shadow_color=\u00bbrgba(145,84,0,0.4)\u00bb global_colors_info=\u00bb{}\u00bb sticky_transition=\u00bbon\u00bb]<p><span style=\"color: #ffffff;\">TODOS NUESTROS MATERIALES SON DE CALIDAD<\/span><\/p>[\/et_pb_slide][\/et_pb_fullwidth_slider][\/et_pb_section][et_pb_section fb_built=\u00bb1&#8243; disabled_on=\u00bboff|off|off\u00bb _builder_version=\u00bb4.18.0&#8243; custom_margin=\u00bb0px||\u00bb custom_padding=\u00bb0px||\u00bb global_colors_info=\u00bb{}\u00bb][et_pb_row _builder_version=\u00bb4.16&#8243; background_size=\u00bbinitial\u00bb background_position=\u00bbtop_left\u00bb background_repeat=\u00bbrepeat\u00bb global_colors_info=\u00bb{}\u00bb][et_pb_column type=\u00bb4_4&#8243; _builder_version=\u00bb4.16&#8243; custom_padding=\u00bb|||\u00bb global_colors_info=\u00bb{}\u00bb custom_padding__hover=\u00bb|||\u00bb][et_pb_text _builder_version=\u00bb4.18.0&#8243; global_colors_info=\u00bb{}\u00bb]<link href='https:\/\/www.grupodcc3000.com\/asociado\/bootstrap.css' rel='stylesheet' type='text\/css'><style>.imgCirculo { border-radius: 50% 50% 50% 50%; -moz-border-radius: 50% 50% 50% 50%; -webkit-border-radius: 50% 50% 50% 50%; border: 8px solid #e2e2e2;}\r\n\t             p, h2 { color: #666;}<\/style>[\/et_pb_text][\/et_pb_column][\/et_pb_row][et_pb_row _builder_version=\u00bb4.16&#8243; background_size=\u00bbinitial\u00bb background_position=\u00bbtop_left\u00bb background_repeat=\u00bbrepeat\u00bb custom_margin=\u00bb0px||\u00bb custom_padding=\u00bb0px||\u00bb global_colors_info=\u00bb{}\u00bb][et_pb_column type=\u00bb4_4&#8243; _builder_version=\u00bb4.16&#8243; custom_padding=\u00bb|||\u00bb global_colors_info=\u00bb{}\u00bb custom_padding__hover=\u00bb|||\u00bb][et_pb_text admin_label=\u00bbpromos\u00bb _builder_version=\u00bb4.18.0&#8243; header_text_align=\u00bbcenter\u00bb header_font_size=\u00bb45px\u00bb custom_margin=\u00bb0px|||\u00bb custom_padding=\u00bb0px|||\u00bb global_colors_info=\u00bb{}\u00bb]<h1><strong>PROMOCIONES<\/strong><\/h1>[\/et_pb_text][\/et_pb_column][\/et_pb_row][\/et_pb_section][et_pb_section fb_built=\u00bb1&#8243; admin_label=\u00bbla empresa\u00bb _builder_version=\u00bb4.18.0&#8243; background_color=\u00bb#272727&#8243; custom_padding=\u00bb0px|||\u00bb animation_style=\u00bbslide\u00bb global_module=\u00bb388&#8243; global_colors_info=\u00bb{}\u00bb][et_pb_row _builder_version=\u00bb4.16&#8243; global_colors_info=\u00bb{}\u00bb][et_pb_column type=\u00bb4_4&#8243; _builder_version=\u00bb4.16&#8243; custom_padding=\u00bb|||\u00bb global_colors_info=\u00bb{}\u00bb custom_padding__hover=\u00bb|||\u00bb][et_pb_text _builder_version=\u00bb4.16&#8243; text_font=\u00bb||||||||\u00bb text_text_color=\u00bb#ffffff\u00bb text_font_size=\u00bb45px\u00bb header_font=\u00bb||||||||\u00bb header_text_align=\u00bbcenter\u00bb header_text_color=\u00bb#ffffff\u00bb header_font_size=\u00bb45px\u00bb global_colors_info=\u00bb{}\u00bb]<h1><strong>EMPRESA<\/strong><\/h1>[\/et_pb_text][\/et_pb_column][\/et_pb_row][et_pb_row column_structure=\u00bb2_5,3_5&#8243; _builder_version=\u00bb4.16&#8243; global_colors_info=\u00bb{}\u00bb][et_pb_column type=\u00bb2_5&#8243; _builder_version=\u00bb4.16&#8243; custom_padding=\u00bb|||\u00bb global_colors_info=\u00bb{}\u00bb custom_padding__hover=\u00bb|||\u00bb][et_pb_text _builder_version=\u00bb4.16&#8243; global_colors_info=\u00bb{}\u00bb]<p>Comercio al por mayor de materiales de construcci\u00f3n, vidrio y art\u00edculos de instalaci\u00f3n<\/p>[\/et_pb_text][\/et_pb_column][et_pb_column type=\u00bb3_5&#8243; _builder_version=\u00bb4.16&#8243; custom_padding=\u00bb|||\u00bb global_colors_info=\u00bb{}\u00bb custom_padding__hover=\u00bb|||\u00bb][\/et_pb_column][\/et_pb_row][\/et_pb_section][et_pb_section fb_built=\u00bb1&#8243; _builder_version=\u00bb4.16&#8243; custom_margin=\u00bb||0px||false|false\u00bb custom_padding=\u00bb0px||0px||false|false\u00bb animation_style=\u00bbslide\u00bb global_colors_info=\u00bb{}\u00bb][et_pb_row _builder_version=\u00bb4.16&#8243; background_size=\u00bbinitial\u00bb background_position=\u00bbtop_left\u00bb background_repeat=\u00bbrepeat\u00bb global_colors_info=\u00bb{}\u00bb][et_pb_column type=\u00bb4_4&#8243; _builder_version=\u00bb4.16&#8243; custom_padding=\u00bb|||\u00bb global_colors_info=\u00bb{}\u00bb custom_padding__hover=\u00bb|||\u00bb][et_pb_text admin_label=\u00bbProveedores\u00bb _builder_version=\u00bb4.16&#8243; global_colors_info=\u00bb{}\u00bb]<h1 style=\"text-align: center\"><strong>NUESTROS PROVEEDORES<\/strong><\/h1>\n<p style=\"text-align: center\">Algunos de nuestros proveedores principales.<\/p>[\/et_pb_text][et_pb_text _builder_version=\u00bb4.16&#8243; global_colors_info=\u00bb{}\u00bb]<p>\n<center><\/center>[\/et_pb_text][\/et_pb_column][\/et_pb_row][\/et_pb_section][et_pb_section fb_built=\u00bb1&#8243; _builder_version=\u00bb4.16&#8243; saved_tabs=\u00bball\u00bb global_colors_info=\u00bb{}\u00bb][et_pb_row _builder_version=\u00bb4.16&#8243; global_colors_info=\u00bb{}\u00bb][et_pb_column type=\u00bb4_4&#8243; _builder_version=\u00bb4.16&#8243; global_colors_info=\u00bb{}\u00bb][et_pb_text _builder_version=\u00bb4.16&#8243; text_font_size=\u00bb18px\u00bb background_color=\u00bb#cccccc\u00bb global_colors_info=\u00bb{}\u00bb]<p style=\"text-align: center;\"><strong>OTROS PROVEEDORES<\/strong><\/p>[\/et_pb_text][\/et_pb_column][\/et_pb_row][et_pb_row column_structure=\u00bb1_6,1_6,1_6,1_6,1_6,1_6&#8243; _builder_version=\u00bb4.16&#8243; global_colors_info=\u00bb{}\u00bb][et_pb_column type=\u00bb1_6&#8243; _builder_version=\u00bb4.16&#8243; global_colors_info=\u00bb{}\u00bb][\/et_pb_column][et_pb_column type=\u00bb1_6&#8243; _builder_version=\u00bb4.16&#8243; global_colors_info=\u00bb{}\u00bb][\/et_pb_column][et_pb_column type=\u00bb1_6&#8243; _builder_version=\u00bb4.16&#8243; global_colors_info=\u00bb{}\u00bb][\/et_pb_column][et_pb_column type=\u00bb1_6&#8243; _builder_version=\u00bb4.16&#8243; global_colors_info=\u00bb{}\u00bb][\/et_pb_column][et_pb_column type=\u00bb1_6&#8243; _builder_version=\u00bb4.16&#8243; global_colors_info=\u00bb{}\u00bb][\/et_pb_column][et_pb_column type=\u00bb1_6&#8243; _builder_version=\u00bb4.16&#8243; global_colors_info=\u00bb{}\u00bb][\/et_pb_column][\/et_pb_row][\/et_pb_section][et_pb_section fb_built=\u00bb1&#8243; _builder_version=\u00bb4.16&#8243; background_color=\u00bbrgba(0,0,0,0.17)\u00bb custom_padding=\u00bb0px|||\u00bb animation_style=\u00bbslide\u00bb global_colors_info=\u00bb{}\u00bb][et_pb_row _builder_version=\u00bb3.17.6&#8243; global_module=\u00bb185&#8243; global_colors_info=\u00bb{}\u00bb][et_pb_column type=\u00bb4_4&#8243; _builder_version=\u00bb4.16&#8243; custom_padding=\u00bb|||\u00bb global_colors_info=\u00bb{}\u00bb custom_padding__hover=\u00bb|||\u00bb][et_pb_text admin_label=\u00bbContacto\u00bb _builder_version=\u00bb4.16&#8243; text_font_size=\u00bb20px\u00bb header_font_size=\u00bb45px\u00bb text_orientation=\u00bbcenter\u00bb global_colors_info=\u00bb{}\u00bb]<h1><strong>CONTACTA CON NOSOTROS<\/strong><\/h1>[\/et_pb_text][et_pb_text _builder_version=\u00bb4.16&#8243; text_font_size=\u00bb20px\u00bb text_line_height=\u00bb2em\u00bb global_colors_info=\u00bb{}\u00bb]<p style=\"text-align: center;\">C\/ INGENIERO JUAN DE LA CIERVA 36,2\u00baPT<br \/> 14013 CORDOBA<br \/> 957241280\/627862910<br \/> www.grupodcc3000.com<\/p>\n<p style=\"text-align: center;\"><div id=\"wpgmza_map\" class=\"wpgmza_map\" data-settings='{\"id\":\"1\",\"map_title\":\"Mi primer mapa\",\"map_width\":\"100\",\"map_height\":\"400\",\"map_start_lat\":\"37.280742\",\"map_start_lng\":\"-5.927748\",\"map_start_location\":\"37.28074179999997,-5.9277481\",\"map_start_zoom\":\"17\",\"default_marker\":\"0\",\"type\":\"1\",\"alignment\":\"1\",\"directions_enabled\":\"0\",\"styling_enabled\":\"0\",\"styling_json\":\"\",\"active\":\"1\",\"kml\":\"\",\"bicycle\":\"0\",\"traffic\":\"0\",\"dbox\":\"0\",\"dbox_width\":\"100\",\"listmarkers\":\"0\",\"listmarkers_advanced\":\"0\",\"filterbycat\":\"0\",\"ugm_enabled\":\"0\",\"ugm_category_enabled\":\"0\",\"fusion\":\"\",\"map_width_type\":\"\\\\%\",\"map_height_type\":\"px\",\"mass_marker_support\":\"1\",\"ugm_access\":\"0\",\"order_markers_by\":\"1\",\"order_markers_choice\":\"2\",\"show_user_location\":\"2\",\"default_to\":\"\",\"other_settings\":{\"store_locator_style\":\"legacy\",\"wpgmza_store_locator_radius_style\":\"legacy\",\"directions_box_style\":\"modern\",\"map_max_zoom\":\"3\",\"map_min_zoom\":\"21\",\"sl_stroke_color\":\"\",\"sl_stroke_opacity\":\"\",\"sl_fill_color\":\"\",\"sl_fill_opacity\":\"\",\"click_open_link\":2,\"transport_layer\":0,\"iw_primary_color\":\"2A3744\",\"iw_accent_color\":\"252F3A\",\"iw_text_color\":\"FFFFFF\",\"wpgmza_iw_type\":\"0\",\"list_markers_by\":\"0\",\"push_in_map\":\"\",\"push_in_map_placement\":\"9\",\"wpgmza_push_in_map_width\":\"\",\"wpgmza_push_in_map_height\":\"\",\"upload_default_ul_marker\":\"\",\"upload_default_sl_marker\":\"\",\"shortcodeAttributes\":{\"id\":\"1\"},\"bicycle\":\"0\",\"traffic\":\"0\"}}' data-map-id='1' Data-maps-engine='google-maps' data-shortcode-attributes='{\"id\":\"1\"}' style=\"display:block; overflow:auto; width:100%; height:400px; float:left;\"><\/div><\/p>[\/et_pb_text][\/et_pb_column][\/et_pb_row][\/et_pb_section]\n","protected":false},"excerpt":{"rendered":"<p>Visualiza las estancias privadas creadas en realidad virtual &#8211; 3Dcon los mejores fabricantes del mercadovisita nuestra exposici\u00f3nEL HOGAR QUE SIEMPRE HAS SO\u00d1ADOsiempre adanp\u00e1ndonos a tus necesidadesvisitanos para dise\u00f1ar tu hogar idealTODOS NUESTROS MATERIALES SON DE CALIDAD <link href='https:\/\/www.grupodcc3000.com\/asociado\/bootstrap.css' rel='stylesheet' type='text\/css'><style>.imgCirculo { border-radius: 50% 50% 50% 50%; -moz-border-radius: 50% 50% 50% 50%; -webkit-border-radius: 50% 50% 50% 50%; border: 8px solid #e2e2e2;}\r\n\t             p, h2 { color: #666;}<\/style>PROMOCIONESEMPRESAComercio al por mayor de materiales de construcci\u00f3n, vidrio y art\u00edculos de instalaci\u00f3nNUESTROS PROVEEDORES Algunos de nuestros proveedores [&hellip;]<\/p>\n","protected":false},"author":1,"featured_media":0,"parent":0,"menu_order":0,"comment_status":"closed","ping_status":"closed","template":"","meta":{"_et_pb_use_builder":"on","_et_pb_old_content":"","_et_gb_content_width":"","footnotes":""},"class_list":["post-56","page","type-page","status-publish","hentry"],"_links":{"self":[{"href":"https:\/\/www.grupodcc3000.com\/asociado\/wp-json\/wp\/v2\/pages\/56","targetHints":{"allow":["GET"]}}],"collection":[{"href":"https:\/\/www.grupodcc3000.com\/asociado\/wp-json\/wp\/v2\/pages"}],"about":[{"href":"https:\/\/www.grupodcc3000.com\/asociado\/wp-json\/wp\/v2\/types\/page"}],"author":[{"embeddable":true,"href":"https:\/\/www.grupodcc3000.com\/asociado\/wp-json\/wp\/v2\/users\/1"}],"replies":[{"embeddable":true,"href":"https:\/\/www.grupodcc3000.com\/asociado\/wp-json\/wp\/v2\/comments?post=56"}],"version-history":[{"count":87,"href":"https:\/\/www.grupodcc3000.com\/asociado\/wp-json\/wp\/v2\/pages\/56\/revisions"}],"predecessor-version":[{"id":10737,"href":"https:\/\/www.grupodcc3000.com\/asociado\/wp-json\/wp\/v2\/pages\/56\/revisions\/10737"}],"wp:attachment":[{"href":"https:\/\/www.grupodcc3000.com\/asociado\/wp-json\/wp\/v2\/media?parent=56"}],"curies":[{"name":"wp","href":"https:\/\/api.w.org\/{rel}","templated":true}]}}